{"id":9590,"date":"2025-12-05T12:38:38","date_gmt":"2025-12-05T11:38:38","guid":{"rendered":"https:\/\/vetathome.se\/?page_id=9590"},"modified":"2026-03-06T11:28:09","modified_gmt":"2026-03-06T10:28:09","slug":"jobba-hos-oss","status":"publish","type":"page","link":"https:\/\/vetathome.se\/en\/jobba-hos-oss\/","title":{"rendered":"work with us"},"content":{"rendered":"<div data-elementor-type=\"wp-page\" data-elementor-id=\"9590\" class=\"elementor elementor-9590\" data-elementor-post-type=\"page\">\n\t\t\t\t<div class=\"elementor-element elementor-element-021e800 e-flex e-con-boxed e-con e-parent\" data-id=\"021e800\" data-element_type=\"container\" data-e-type=\"container\">\n\t\t\t\t\t<div class=\"e-con-inner\">\n\t\t<div class=\"elementor-element elementor-element-026f279 e-con-full e-flex e-con e-child\" data-id=\"026f279\" data-element_type=\"container\" data-e-type=\"container\">\n\t\t\t\t<div class=\"elementor-element elementor-element-65fb4f3 elementor-widget__width-inherit elementor-widget elementor-widget-heading\" data-id=\"65fb4f3\" data-element_type=\"widget\" data-e-type=\"widget\" data-widget_type=\"heading.default\">\n\t\t\t\t\t<h1 class=\"elementor-heading-title elementor-size-default\">Working at VetAtHome<\/h1>\t\t\t\t<\/div>\n\t\t<div class=\"elementor-element elementor-element-cd70573 e-con-full e-flex e-con e-child\" data-id=\"cd70573\" data-element_type=\"container\" data-e-type=\"container\">\n\t\t\t\t<div class=\"elementor-element elementor-element-f244571 elementor-widget__width-inherit elementor-widget elementor-widget-text-editor\" data-id=\"f244571\" data-element_type=\"widget\" data-e-type=\"widget\" data-widget_type=\"text-editor.default\">\n\t\t\t\t\t\t\t\t\t<p>Working at VetAtHome means you get a unique opportunity to shape your own career and work environment. We are a startup company with a vision to revolutionize veterinary care, and we offer more flexible working arrangements that allow you to adapt your employment rate to your needs and lifestyle. You get the chance to influence your own everyday life and make a difference, both for animals and their owners.<\/p><p>We value your opinion and ensure that you are listened to, which gives you a greater opportunity to influence both working methods and development within the company.<\/p>\t\t\t\t\t\t\t\t<\/div>\n\t\t\t\t<div class=\"elementor-element elementor-element-87c9248 elementor-widescreen-align-left elementor-widget elementor-widget-button\" data-id=\"87c9248\" data-element_type=\"widget\" data-e-type=\"widget\" data-widget_type=\"button.default\">\n\t\t\t\t\t\t\t\t\t\t<a class=\"elementor-button elementor-button-link elementor-size-sm\" href=\"https:\/\/vetathome.se\/en\/jobba-hos-oss\/lediga-jobb\/\">\n\t\t\t\t\t\t<span class=\"elementor-button-content-wrapper\">\n\t\t\t\t\t\t\t\t\t<span class=\"elementor-button-text\">Job openings<\/span>\n\t\t\t\t\t<\/span>\n\t\t\t\t\t<\/a>\n\t\t\t\t\t\t\t\t<\/div>\n\t\t\t\t<div class=\"elementor-element elementor-element-7d35262 elementor-align-left elementor-widget elementor-widget-button\" data-id=\"7d35262\" data-element_type=\"widget\" data-e-type=\"widget\" data-widget_type=\"button.default\">\n\t\t\t\t\t\t\t\t\t\t<a class=\"elementor-button elementor-button-link elementor-size-sm\" href=\"\/en\/jobb\/spontanansokan\/\">\n\t\t\t\t\t\t<span class=\"elementor-button-content-wrapper\">\n\t\t\t\t\t\t\t\t\t<span class=\"elementor-button-text\">Spontaneous application<\/span>\n\t\t\t\t\t<\/span>\n\t\t\t\t\t<\/a>\n\t\t\t\t\t\t\t\t<\/div>\n\t\t\t\t<\/div>\n\t\t\t\t<\/div>\n\t\t<div class=\"elementor-element elementor-element-2e9ad0d e-con-full e-flex e-con e-child\" data-id=\"2e9ad0d\" data-element_type=\"container\" data-e-type=\"container\">\n\t\t\t\t<div class=\"elementor-element elementor-element-31bf4c4 elementor-widget-mobile__width-inherit elementor-widget elementor-widget-image\" data-id=\"31bf4c4\" data-element_type=\"widget\" data-e-type=\"widget\" data-widget_type=\"image.default\">\n\t\t\t\t\t\t\t\t\t\t\t\t\t\t\t<img fetchpriority=\"high\" decoding=\"async\" width=\"533\" height=\"514\" src=\"https:\/\/vetathome.se\/wp-content\/uploads\/2025\/10\/DSC04235-1.jpg\" class=\"attachment-full size-full wp-image-8600\" alt=\"Veterin\u00e4r unders\u00f6ker husdjur hemma - VetAtHome\" srcset=\"https:\/\/vetathome.se\/wp-content\/uploads\/2025\/10\/DSC04235-1.jpg 533w, https:\/\/vetathome.se\/wp-content\/uploads\/2025\/10\/DSC04235-1-300x289.jpg 300w, https:\/\/vetathome.se\/wp-content\/uploads\/2025\/10\/DSC04235-1-12x12.jpg 12w\" sizes=\"(max-width: 533px) 100vw, 533px\" \/>\t\t\t\t\t\t\t\t\t\t\t\t\t\t\t<\/div>\n\t\t\t\t<div class=\"elementor-element elementor-element-4d6faa1 elementor-widget-mobile__width-inherit elementor-widget elementor-widget-image\" data-id=\"4d6faa1\" data-element_type=\"widget\" data-e-type=\"widget\" data-widget_type=\"image.default\">\n\t\t\t\t\t\t\t\t\t\t\t\t\t\t\t<img decoding=\"async\" width=\"1875\" height=\"1287\" src=\"https:\/\/vetathome.se\/wp-content\/uploads\/2025\/03\/Felicia-1.jpg\" class=\"attachment-full size-full wp-image-6006\" alt=\"Felicia veterin\u00e4r hos VetAtHome\" srcset=\"https:\/\/vetathome.se\/wp-content\/uploads\/2025\/03\/Felicia-1.jpg 1875w, https:\/\/vetathome.se\/wp-content\/uploads\/2025\/03\/Felicia-1-300x206.jpg 300w, https:\/\/vetathome.se\/wp-content\/uploads\/2025\/03\/Felicia-1-1024x703.jpg 1024w, https:\/\/vetathome.se\/wp-content\/uploads\/2025\/03\/Felicia-1-768x527.jpg 768w, https:\/\/vetathome.se\/wp-content\/uploads\/2025\/03\/Felicia-1-1536x1054.jpg 1536w\" sizes=\"(max-width: 1875px) 100vw, 1875px\" \/>\t\t\t\t\t\t\t\t\t\t\t\t\t\t\t<\/div>\n\t\t\t\t<div class=\"elementor-element elementor-element-421df46 elementor-widget-mobile__width-inherit elementor-widget elementor-widget-image\" data-id=\"421df46\" data-element_type=\"widget\" data-e-type=\"widget\" data-widget_type=\"image.default\">\n\t\t\t\t\t\t\t\t\t\t\t\t\t\t\t<img decoding=\"async\" width=\"1920\" height=\"2560\" src=\"https:\/\/vetathome.se\/wp-content\/uploads\/2026\/02\/Tomasz-scaled.jpg\" class=\"attachment-full size-full wp-image-10753\" alt=\"\" srcset=\"https:\/\/vetathome.se\/wp-content\/uploads\/2026\/02\/Tomasz-scaled.jpg 1920w, https:\/\/vetathome.se\/wp-content\/uploads\/2026\/02\/Tomasz-225x300.jpg 225w, https:\/\/vetathome.se\/wp-content\/uploads\/2026\/02\/Tomasz-768x1024.jpg 768w, https:\/\/vetathome.se\/wp-content\/uploads\/2026\/02\/Tomasz-1152x1536.jpg 1152w, https:\/\/vetathome.se\/wp-content\/uploads\/2026\/02\/Tomasz-1536x2048.jpg 1536w, https:\/\/vetathome.se\/wp-content\/uploads\/2026\/02\/Tomasz-9x12.jpg 9w\" sizes=\"(max-width: 1920px) 100vw, 1920px\" \/>\t\t\t\t\t\t\t\t\t\t\t\t\t\t\t<\/div>\n\t\t\t\t<\/div>\n\t\t<div class=\"elementor-element elementor-element-4f7a1be e-con-full e-flex e-con e-child\" data-id=\"4f7a1be\" data-element_type=\"container\" data-e-type=\"container\">\n\t\t\t\t<div class=\"elementor-element elementor-element-22fa2ed elementor-widget__width-inherit elementor-widget elementor-widget-heading\" data-id=\"22fa2ed\" data-element_type=\"widget\" data-e-type=\"widget\" data-widget_type=\"heading.default\">\n\t\t\t\t\t<h1 class=\"elementor-heading-title elementor-size-default\">Become part of our growing organization<\/h1>\t\t\t\t<\/div>\n\t\t<div class=\"elementor-element elementor-element-ceec501 e-con-full e-flex e-con e-child\" data-id=\"ceec501\" data-element_type=\"container\" data-e-type=\"container\">\n\t\t\t\t<div class=\"elementor-element elementor-element-0a172a3 elementor-widget__width-inherit elementor-widget elementor-widget-text-editor\" data-id=\"0a172a3\" data-element_type=\"widget\" data-e-type=\"widget\" data-widget_type=\"text-editor.default\">\n\t\t\t\t\t\t\t\t\t<p>In our dynamic and growing organization, you will have the chance to grow with us. We strive to create a supportive and inspiring workplace where your ideas and insights matter.<\/p><p>If you want a role where you can grow, influence and make a difference, then VetAtHome is the right place for you!<\/p>\t\t\t\t\t\t\t\t<\/div>\n\t\t\t\t<div class=\"elementor-element elementor-element-1e834dd elementor-align-left elementor-widget elementor-widget-button\" data-id=\"1e834dd\" data-element_type=\"widget\" data-e-type=\"widget\" data-widget_type=\"button.default\">\n\t\t\t\t\t\t\t\t\t\t<a class=\"elementor-button elementor-button-link elementor-size-sm\" href=\"\/en\/jobb\/spontanansokan\/\">\n\t\t\t\t\t\t<span class=\"elementor-button-content-wrapper\">\n\t\t\t\t\t\t\t\t\t<span class=\"elementor-button-text\">Spontaneous application<\/span>\n\t\t\t\t\t<\/span>\n\t\t\t\t\t<\/a>\n\t\t\t\t\t\t\t\t<\/div>\n\t\t\t\t<\/div>\n\t\t\t\t<\/div>\n\t\t\t\t\t<\/div>\n\t\t\t\t<\/div>\n\t\t<div class=\"elementor-element elementor-element-53ed46d e-flex e-con-boxed e-con e-parent\" data-id=\"53ed46d\" data-element_type=\"container\" data-e-type=\"container\" data-settings=\"{&quot;background_background&quot;:&quot;classic&quot;}\">\n\t\t\t\t\t<div class=\"e-con-inner\">\n\t\t\t\t<div class=\"elementor-element elementor-element-5c222d4 elementor-widget elementor-widget-heading\" data-id=\"5c222d4\" data-element_type=\"widget\" data-e-type=\"widget\" data-widget_type=\"heading.default\">\n\t\t\t\t\t<h2 class=\"elementor-heading-title elementor-size-default\">You might be interested in<\/h2>\t\t\t\t<\/div>\n\t\t<div class=\"elementor-element elementor-element-41fcb27 e-grid e-con-full e-con e-child\" data-id=\"41fcb27\" data-element_type=\"container\" data-e-type=\"container\">\n\t\t<a class=\"elementor-element elementor-element-2d21c6d e-con-full e-flex e-con e-child\" data-id=\"2d21c6d\" data-element_type=\"container\" data-e-type=\"container\" data-settings=\"{&quot;background_background&quot;:&quot;classic&quot;}\" href=\"https:\/\/vetathome.se\/en\/jobba-hos-oss\/lediga-jobb\/\">\n\t\t\t\t<div class=\"elementor-element elementor-element-6e6fac8 elementor-widget__width-inherit elementor-widget elementor-widget-image\" data-id=\"6e6fac8\" data-element_type=\"widget\" data-e-type=\"widget\" data-widget_type=\"image.default\">\n\t\t\t\t\t\t\t\t\t\t\t\t\t\t\t<img loading=\"lazy\" decoding=\"async\" width=\"1926\" height=\"1412\" src=\"https:\/\/vetathome.se\/wp-content\/uploads\/2025\/04\/Vetathome-Karolina.png\" class=\"attachment-full size-full wp-image-6488\" alt=\"Karolina lyfter katt \u2013 VetAtHome hembes\u00f6k\" srcset=\"https:\/\/vetathome.se\/wp-content\/uploads\/2025\/04\/Vetathome-Karolina.png 1926w, https:\/\/vetathome.se\/wp-content\/uploads\/2025\/04\/Vetathome-Karolina-300x220.png 300w, https:\/\/vetathome.se\/wp-content\/uploads\/2025\/04\/Vetathome-Karolina-1024x751.png 1024w, https:\/\/vetathome.se\/wp-content\/uploads\/2025\/04\/Vetathome-Karolina-768x563.png 768w, https:\/\/vetathome.se\/wp-content\/uploads\/2025\/04\/Vetathome-Karolina-1536x1126.png 1536w\" sizes=\"(max-width: 1926px) 100vw, 1926px\" \/>\t\t\t\t\t\t\t\t\t\t\t\t\t\t\t<\/div>\n\t\t<div class=\"elementor-element elementor-element-d78bf94 e-con-full e-flex e-con e-child\" data-id=\"d78bf94\" data-element_type=\"container\" data-e-type=\"container\" data-settings=\"{&quot;background_background&quot;:&quot;classic&quot;}\">\n\t\t\t\t<div class=\"elementor-element elementor-element-a189274 elementor-widget elementor-widget-heading\" data-id=\"a189274\" data-element_type=\"widget\" data-e-type=\"widget\" data-widget_type=\"heading.default\">\n\t\t\t\t\t<h3 class=\"elementor-heading-title elementor-size-default\">Vacancies<\/h3>\t\t\t\t<\/div>\n\t\t\t\t<div class=\"elementor-element elementor-element-902a74b elementor-widget elementor-widget-text-editor\" data-id=\"902a74b\" data-element_type=\"widget\" data-e-type=\"widget\" data-widget_type=\"text-editor.default\">\n\t\t\t\t\t\t\t\t\t<p>Your next job with us, see what positions we are currently hiring for.\u00a0<\/p>\t\t\t\t\t\t\t\t<\/div>\n\t\t\t\t<\/div>\n\t\t\t\t<\/a>\n\t\t<a class=\"elementor-element elementor-element-194716d e-con-full e-flex e-con e-child\" data-id=\"194716d\" data-element_type=\"container\" data-e-type=\"container\" data-settings=\"{&quot;background_background&quot;:&quot;classic&quot;}\" href=\"https:\/\/vetathome.se\/en\/jobb\/spontanansokan\/\">\n\t\t\t\t<div class=\"elementor-element elementor-element-21d678f elementor-widget__width-inherit elementor-widget elementor-widget-image\" data-id=\"21d678f\" data-element_type=\"widget\" data-e-type=\"widget\" data-widget_type=\"image.default\">\n\t\t\t\t\t\t\t\t\t\t\t\t\t\t\t<img loading=\"lazy\" decoding=\"async\" width=\"1280\" height=\"1131\" src=\"https:\/\/vetathome.se\/wp-content\/uploads\/2025\/11\/pexels-quachtungduong-34698791.jpg\" class=\"attachment-full size-full wp-image-9096\" alt=\"Kattunge f\u00e5r veterin\u00e4r hembes\u00f6k med VetAtHome\" srcset=\"https:\/\/vetathome.se\/wp-content\/uploads\/2025\/11\/pexels-quachtungduong-34698791.jpg 1280w, https:\/\/vetathome.se\/wp-content\/uploads\/2025\/11\/pexels-quachtungduong-34698791-300x265.jpg 300w, https:\/\/vetathome.se\/wp-content\/uploads\/2025\/11\/pexels-quachtungduong-34698791-1024x905.jpg 1024w, https:\/\/vetathome.se\/wp-content\/uploads\/2025\/11\/pexels-quachtungduong-34698791-768x679.jpg 768w, https:\/\/vetathome.se\/wp-content\/uploads\/2025\/11\/pexels-quachtungduong-34698791-14x12.jpg 14w\" sizes=\"(max-width: 1280px) 100vw, 1280px\" \/>\t\t\t\t\t\t\t\t\t\t\t\t\t\t\t<\/div>\n\t\t<div class=\"elementor-element elementor-element-fe6dbb8 e-con-full e-flex e-con e-child\" data-id=\"fe6dbb8\" data-element_type=\"container\" data-e-type=\"container\" data-settings=\"{&quot;background_background&quot;:&quot;classic&quot;}\">\n\t\t\t\t<div class=\"elementor-element elementor-element-4b6e2d2 elementor-widget elementor-widget-heading\" data-id=\"4b6e2d2\" data-element_type=\"widget\" data-e-type=\"widget\" data-widget_type=\"heading.default\">\n\t\t\t\t\t<h3 class=\"elementor-heading-title elementor-size-default\">Spontaneous application<\/h3>\t\t\t\t<\/div>\n\t\t\t\t<div class=\"elementor-element elementor-element-b8050c1 elementor-widget elementor-widget-text-editor\" data-id=\"b8050c1\" data-element_type=\"widget\" data-e-type=\"widget\" data-widget_type=\"text-editor.default\">\n\t\t\t\t\t\t\t\t\t<p>Would you like to work with us but can&#039;t find a current position that suits you right now? Submit a spontaneous application.<\/p>\t\t\t\t\t\t\t\t<\/div>\n\t\t\t\t<\/div>\n\t\t\t\t<\/a>\n\t\t<a class=\"elementor-element elementor-element-6bb1e6c e-con-full e-flex e-con e-child\" data-id=\"6bb1e6c\" data-element_type=\"container\" data-e-type=\"container\" data-settings=\"{&quot;background_background&quot;:&quot;classic&quot;}\" href=\"https:\/\/vetathome.se\/en\/jobb\/legitimerad-veterinar-sverige\/\">\n\t\t\t\t<div class=\"elementor-element elementor-element-bca1b82 elementor-widget__width-inherit elementor-widget elementor-widget-image\" data-id=\"bca1b82\" data-element_type=\"widget\" data-e-type=\"widget\" data-widget_type=\"image.default\">\n\t\t\t\t\t\t\t\t\t\t\t\t\t\t\t<img loading=\"lazy\" decoding=\"async\" width=\"1920\" height=\"1280\" src=\"https:\/\/vetathome.se\/wp-content\/uploads\/2025\/08\/olya-mn-mBWsp8ui1Fk-unsplash.jpg\" class=\"attachment-full size-full wp-image-7416\" alt=\"H\u00e4st som betar p\u00e5 en \u00e4ng \u2013 VetAtHome\" srcset=\"https:\/\/vetathome.se\/wp-content\/uploads\/2025\/08\/olya-mn-mBWsp8ui1Fk-unsplash.jpg 1920w, https:\/\/vetathome.se\/wp-content\/uploads\/2025\/08\/olya-mn-mBWsp8ui1Fk-unsplash-300x200.jpg 300w, https:\/\/vetathome.se\/wp-content\/uploads\/2025\/08\/olya-mn-mBWsp8ui1Fk-unsplash-1024x683.jpg 1024w, https:\/\/vetathome.se\/wp-content\/uploads\/2025\/08\/olya-mn-mBWsp8ui1Fk-unsplash-768x512.jpg 768w, https:\/\/vetathome.se\/wp-content\/uploads\/2025\/08\/olya-mn-mBWsp8ui1Fk-unsplash-1536x1024.jpg 1536w\" sizes=\"(max-width: 1920px) 100vw, 1920px\" \/>\t\t\t\t\t\t\t\t\t\t\t\t\t\t\t<\/div>\n\t\t<div class=\"elementor-element elementor-element-689b937 e-con-full e-flex e-con e-child\" data-id=\"689b937\" data-element_type=\"container\" data-e-type=\"container\" data-settings=\"{&quot;background_background&quot;:&quot;classic&quot;}\">\n\t\t\t\t<div class=\"elementor-element elementor-element-b688dac elementor-widget elementor-widget-heading\" data-id=\"b688dac\" data-element_type=\"widget\" data-e-type=\"widget\" data-widget_type=\"heading.default\">\n\t\t\t\t\t<h3 class=\"elementor-heading-title elementor-size-default\">Licensed veterinarian<\/h3>\t\t\t\t<\/div>\n\t\t\t\t<div class=\"elementor-element elementor-element-236327f elementor-widget elementor-widget-text-editor\" data-id=\"236327f\" data-element_type=\"widget\" data-e-type=\"widget\" data-widget_type=\"text-editor.default\">\n\t\t\t\t\t\t\t\t\t<p>Do you want to work as a licensed veterinarian with us?<\/p>\t\t\t\t\t\t\t\t<\/div>\n\t\t\t\t<\/div>\n\t\t\t\t<\/a>\n\t\t\t\t<\/div>\n\t\t\t\t\t<\/div>\n\t\t\t\t<\/div>\n\t\t\t\t<\/div>","protected":false},"excerpt":{"rendered":"<p>Jobba hos VetAtHome Att arbeta hos VetAtHome inneb\u00e4r att du f\u00e5r en unik m\u00f6jlighet att forma din egen karri\u00e4r och arbetsmilj\u00f6. Vi \u00e4r ett startup-f\u00f6retag med en vision att revolutionera veterin\u00e4rv\u00e5rden, och vi erbjuder flexiblare arbetsformer som g\u00f6r det m\u00f6jligt f\u00f6r dig att anpassa din syssels\u00e4ttningsgrad efter dina behov och livsstil. Du f\u00e5r chansen att [&hellip;]<\/p>","protected":false},"author":1,"featured_media":0,"parent":0,"menu_order":0,"comment_status":"closed","ping_status":"closed","template":"","meta":{"_acf_changed":false,"content-type":"","footnotes":""},"class_list":["post-9590","page","type-page","status-publish","hentry"],"acf":[],"yoast_head":"<!-- This site is optimized with the Yoast SEO Premium plugin v26.6 (Yoast SEO v26.6) - https:\/\/yoast.com\/wordpress\/plugins\/seo\/ -->\n<title>jobba hos oss | VetAtHome<\/title>\n<meta name=\"robots\" content=\"index, follow, max-snippet:-1, max-image-preview:large, max-video-preview:-1\" \/>\n<link rel=\"canonical\" href=\"https:\/\/vetathome.se\/en\/jobba-hos-oss\/\" \/>\n<meta property=\"og:locale\" content=\"en_US\" \/>\n<meta property=\"og:type\" content=\"article\" \/>\n<meta property=\"og:title\" content=\"jobba hos oss\" \/>\n<meta property=\"og:description\" content=\"Jobba hos VetAtHome Att arbeta hos VetAtHome inneb\u00e4r att du f\u00e5r en unik m\u00f6jlighet att forma din egen karri\u00e4r och arbetsmilj\u00f6. Vi \u00e4r ett startup-f\u00f6retag med en vision att revolutionera veterin\u00e4rv\u00e5rden, och vi erbjuder flexiblare arbetsformer som g\u00f6r det m\u00f6jligt f\u00f6r dig att anpassa din syssels\u00e4ttningsgrad efter dina behov och livsstil. Du f\u00e5r chansen att [&hellip;]\" \/>\n<meta property=\"og:url\" content=\"https:\/\/vetathome.se\/en\/jobba-hos-oss\/\" \/>\n<meta property=\"og:site_name\" content=\"VetAtHome\" \/>\n<meta property=\"article:publisher\" content=\"https:\/\/www.facebook.com\/VetAtHome.se\" \/>\n<meta property=\"article:modified_time\" content=\"2026-03-06T10:28:09+00:00\" \/>\n<meta property=\"og:image\" content=\"https:\/\/vetathome.se\/wp-content\/uploads\/2025\/10\/DSC04235-1.jpg\" \/>\n\t<meta property=\"og:image:width\" content=\"533\" \/>\n\t<meta property=\"og:image:height\" content=\"514\" \/>\n\t<meta property=\"og:image:type\" content=\"image\/jpeg\" \/>\n<meta name=\"twitter:card\" content=\"summary_large_image\" \/>\n<meta name=\"twitter:label1\" content=\"Est. reading time\" \/>\n\t<meta name=\"twitter:data1\" content=\"2 minutes\" \/>\n<script type=\"application\/ld+json\" class=\"yoast-schema-graph\">{\"@context\":\"https:\/\/schema.org\",\"@graph\":[{\"@type\":\"WebPage\",\"@id\":\"https:\/\/vetathome.se\/jobba-hos-oss\/\",\"url\":\"https:\/\/vetathome.se\/jobba-hos-oss\/\",\"name\":\"jobba hos oss | VetAtHome\",\"isPartOf\":{\"@id\":\"https:\/\/vetathome.se\/#website\"},\"primaryImageOfPage\":{\"@id\":\"https:\/\/vetathome.se\/jobba-hos-oss\/#primaryimage\"},\"image\":{\"@id\":\"https:\/\/vetathome.se\/jobba-hos-oss\/#primaryimage\"},\"thumbnailUrl\":\"https:\/\/vetathome.se\/wp-content\/uploads\/2025\/10\/DSC04235-1.jpg\",\"datePublished\":\"2025-12-05T11:38:38+00:00\",\"dateModified\":\"2026-03-06T10:28:09+00:00\",\"inLanguage\":\"en-US\",\"potentialAction\":[{\"@type\":\"ReadAction\",\"target\":[\"https:\/\/vetathome.se\/jobba-hos-oss\/\"]}]},{\"@type\":\"ImageObject\",\"inLanguage\":\"en-US\",\"@id\":\"https:\/\/vetathome.se\/jobba-hos-oss\/#primaryimage\",\"url\":\"https:\/\/vetathome.se\/wp-content\/uploads\/2025\/10\/DSC04235-1.jpg\",\"contentUrl\":\"https:\/\/vetathome.se\/wp-content\/uploads\/2025\/10\/DSC04235-1.jpg\"},{\"@type\":\"WebSite\",\"@id\":\"https:\/\/vetathome.se\/#website\",\"url\":\"https:\/\/vetathome.se\/\",\"name\":\"VetAtHome\",\"description\":\"Som ett vanligt veterin\u00e4rbes\u00f6k, fast hemma hos dig\",\"publisher\":{\"@id\":\"https:\/\/vetathome.se\/#organization\"},\"alternateName\":\"Vet at home\",\"potentialAction\":[{\"@type\":\"SearchAction\",\"target\":{\"@type\":\"EntryPoint\",\"urlTemplate\":\"https:\/\/vetathome.se\/?s={search_term_string}\"},\"query-input\":{\"@type\":\"PropertyValueSpecification\",\"valueRequired\":true,\"valueName\":\"search_term_string\"}}],\"inLanguage\":\"en-US\"},{\"@type\":\"Organization\",\"@id\":\"https:\/\/vetathome.se\/#organization\",\"name\":\"Vetathome\",\"alternateName\":\"Vet at home\",\"url\":\"https:\/\/vetathome.se\/\",\"logo\":{\"@type\":\"ImageObject\",\"inLanguage\":\"en-US\",\"@id\":\"https:\/\/vetathome.se\/#\/schema\/logo\/image\/\",\"url\":\"https:\/\/vetathome.se\/wp-content\/uploads\/2026\/01\/Favicon.png\",\"contentUrl\":\"https:\/\/vetathome.se\/wp-content\/uploads\/2026\/01\/Favicon.png\",\"width\":192,\"height\":192,\"caption\":\"Vetathome\"},\"image\":{\"@id\":\"https:\/\/vetathome.se\/#\/schema\/logo\/image\/\"},\"sameAs\":[\"https:\/\/www.facebook.com\/VetAtHome.se\",\"https:\/\/www.instagram.com\/vetathome.se\/\"],\"description\":\"VetAtHome \u00e4r en modern veterin\u00e4ritj\u00e4nst som kombinerar tryggheten med hembes\u00f6k med den fulla kapaciteten hos v\u00e4lutrustade djurkliniker. F\u00f6retaget erbjuder b\u00e5de hembes\u00f6k, bes\u00f6k p\u00e5 veterin\u00e4rmottagningar runt om i landet och avancerad djursjukv\u00e5rd p\u00e5 Djurkliniken \u00d6stermalm i Stockholm. Verksamheten finns i dag i bland annat Stockholm, Uppsala, G\u00f6teborg, Malm\u00f6 och Helsingborg med omnejd, vilket g\u00f6r det m\u00f6jligt f\u00f6r djur\u00e4gare att f\u00e5 kvalificerad v\u00e5rd d\u00e4r det passar dem b\u00e4st \u2013 hemma eller p\u00e5 klinik.\",\"legalName\":\"Aktiebolaget Djursjukv\u00e5rd i Sverige\",\"foundingDate\":\"2021-05-01\",\"numberOfEmployees\":{\"@type\":\"QuantitativeValue\",\"minValue\":\"11\",\"maxValue\":\"50\"}}]}<\/script>\n<!-- \/ Yoast SEO Premium plugin. -->","yoast_head_json":{"title":"work with us | VetAtHome","robots":{"index":"index","follow":"follow","max-snippet":"max-snippet:-1","max-image-preview":"max-image-preview:large","max-video-preview":"max-video-preview:-1"},"canonical":"https:\/\/vetathome.se\/en\/jobba-hos-oss\/","og_locale":"en_US","og_type":"article","og_title":"jobba hos oss","og_description":"Jobba hos VetAtHome Att arbeta hos VetAtHome inneb\u00e4r att du f\u00e5r en unik m\u00f6jlighet att forma din egen karri\u00e4r och arbetsmilj\u00f6. Vi \u00e4r ett startup-f\u00f6retag med en vision att revolutionera veterin\u00e4rv\u00e5rden, och vi erbjuder flexiblare arbetsformer som g\u00f6r det m\u00f6jligt f\u00f6r dig att anpassa din syssels\u00e4ttningsgrad efter dina behov och livsstil. Du f\u00e5r chansen att [&hellip;]","og_url":"https:\/\/vetathome.se\/en\/jobba-hos-oss\/","og_site_name":"VetAtHome","article_publisher":"https:\/\/www.facebook.com\/VetAtHome.se","article_modified_time":"2026-03-06T10:28:09+00:00","og_image":[{"width":533,"height":514,"url":"https:\/\/vetathome.se\/wp-content\/uploads\/2025\/10\/DSC04235-1.jpg","type":"image\/jpeg"}],"twitter_card":"summary_large_image","twitter_misc":{"Est. reading time":"2 minutes"},"schema":{"@context":"https:\/\/schema.org","@graph":[{"@type":"WebPage","@id":"https:\/\/vetathome.se\/jobba-hos-oss\/","url":"https:\/\/vetathome.se\/jobba-hos-oss\/","name":"work with us | VetAtHome","isPartOf":{"@id":"https:\/\/vetathome.se\/#website"},"primaryImageOfPage":{"@id":"https:\/\/vetathome.se\/jobba-hos-oss\/#primaryimage"},"image":{"@id":"https:\/\/vetathome.se\/jobba-hos-oss\/#primaryimage"},"thumbnailUrl":"https:\/\/vetathome.se\/wp-content\/uploads\/2025\/10\/DSC04235-1.jpg","datePublished":"2025-12-05T11:38:38+00:00","dateModified":"2026-03-06T10:28:09+00:00","inLanguage":"en-US","potentialAction":[{"@type":"ReadAction","target":["https:\/\/vetathome.se\/jobba-hos-oss\/"]}]},{"@type":"ImageObject","inLanguage":"en-US","@id":"https:\/\/vetathome.se\/jobba-hos-oss\/#primaryimage","url":"https:\/\/vetathome.se\/wp-content\/uploads\/2025\/10\/DSC04235-1.jpg","contentUrl":"https:\/\/vetathome.se\/wp-content\/uploads\/2025\/10\/DSC04235-1.jpg"},{"@type":"WebSite","@id":"https:\/\/vetathome.se\/#website","url":"https:\/\/vetathome.se\/","name":"VetAtHome","description":"Like a regular vet visit, but in your home","publisher":{"@id":"https:\/\/vetathome.se\/#organization"},"alternateName":"Vet at home","potentialAction":[{"@type":"SearchAction","target":{"@type":"EntryPoint","urlTemplate":"https:\/\/vetathome.se\/?s={search_term_string}"},"query-input":{"@type":"PropertyValueSpecification","valueRequired":true,"valueName":"search_term_string"}}],"inLanguage":"en-US"},{"@type":"Organization","@id":"https:\/\/vetathome.se\/#organization","name":"Vetathome","alternateName":"Vet at home","url":"https:\/\/vetathome.se\/","logo":{"@type":"ImageObject","inLanguage":"en-US","@id":"https:\/\/vetathome.se\/#\/schema\/logo\/image\/","url":"https:\/\/vetathome.se\/wp-content\/uploads\/2026\/01\/Favicon.png","contentUrl":"https:\/\/vetathome.se\/wp-content\/uploads\/2026\/01\/Favicon.png","width":192,"height":192,"caption":"Vetathome"},"image":{"@id":"https:\/\/vetathome.se\/#\/schema\/logo\/image\/"},"sameAs":["https:\/\/www.facebook.com\/VetAtHome.se","https:\/\/www.instagram.com\/vetathome.se\/"],"description":"VetAtHome is a modern veterinary service that combines the security of home visits with the full capacity of well-equipped animal clinics. The company offers both home visits, visits to veterinary clinics around the country and advanced animal care at Djurkliniken \u00d6stermalm in Stockholm. The operations are currently located in Stockholm, Uppsala, Gothenburg, Malm\u00f6 and Helsingborg and the surrounding area, making it possible for pet owners to receive qualified care where it suits them best \u2013 at home or at a clinic.","legalName":"Aktiebolaget Djursjukv\u00e5rd i Sverige","foundingDate":"2021-05-01","numberOfEmployees":{"@type":"QuantitativeValue","minValue":"11","maxValue":"50"}}]}},"_links":{"self":[{"href":"https:\/\/vetathome.se\/en\/wp-json\/wp\/v2\/pages\/9590","targetHints":{"allow":["GET"]}}],"collection":[{"href":"https:\/\/vetathome.se\/en\/wp-json\/wp\/v2\/pages"}],"about":[{"href":"https:\/\/vetathome.se\/en\/wp-json\/wp\/v2\/types\/page"}],"author":[{"embeddable":true,"href":"https:\/\/vetathome.se\/en\/wp-json\/wp\/v2\/users\/1"}],"replies":[{"embeddable":true,"href":"https:\/\/vetathome.se\/en\/wp-json\/wp\/v2\/comments?post=9590"}],"version-history":[{"count":77,"href":"https:\/\/vetathome.se\/en\/wp-json\/wp\/v2\/pages\/9590\/revisions"}],"predecessor-version":[{"id":11054,"href":"https:\/\/vetathome.se\/en\/wp-json\/wp\/v2\/pages\/9590\/revisions\/11054"}],"wp:attachment":[{"href":"https:\/\/vetathome.se\/en\/wp-json\/wp\/v2\/media?parent=9590"}],"curies":[{"name":"wp","href":"https:\/\/api.w.org\/{rel}","templated":true}]}}