{"id":1462,"date":"2024-11-13T12:26:36","date_gmt":"2024-11-13T12:26:36","guid":{"rendered":"https:\/\/vetathome.acrowd.se\/?page_id=1462"},"modified":"2024-11-13T12:34:48","modified_gmt":"2024-11-13T12:34:48","slug":"om-cookies","status":"publish","type":"page","link":"https:\/\/vetathome.se\/en\/support\/om-cookies\/","title":{"rendered":"About cookies"},"content":{"rendered":"<div data-elementor-type=\"wp-page\" data-elementor-id=\"1462\" class=\"elementor elementor-1462\" data-elementor-post-type=\"page\">\n\t\t\t\t<div class=\"elementor-element elementor-element-12f8ede e-flex e-con-boxed e-con e-parent\" data-id=\"12f8ede\" data-element_type=\"container\" data-e-type=\"container\" data-settings=\"{&quot;background_background&quot;:&quot;classic&quot;}\">\n\t\t\t\t\t<div class=\"e-con-inner\">\n\t\t\t\t<div class=\"elementor-element elementor-element-3b73e72 elementor-widget elementor-widget-breadcrumbs\" data-id=\"3b73e72\" data-element_type=\"widget\" data-e-type=\"widget\" data-widget_type=\"breadcrumbs.default\">\n\t\t\t\t\t<p id=\"breadcrumbs\"><\/p>\t\t\t\t<\/div>\n\t\t\t\t\t<\/div>\n\t\t\t\t<\/div>\n\t\t<div class=\"elementor-element elementor-element-3b49ff0 e-flex e-con-boxed e-con e-parent\" data-id=\"3b49ff0\" data-element_type=\"container\" data-e-type=\"container\" data-settings=\"{&quot;background_background&quot;:&quot;classic&quot;}\">\n\t\t\t\t\t<div class=\"e-con-inner\">\n\t\t<div class=\"elementor-element elementor-element-bc26c60 e-con-full e-flex e-con e-child\" data-id=\"bc26c60\" data-element_type=\"container\" data-e-type=\"container\">\n\t\t\t\t<div class=\"elementor-element elementor-element-4689c35 elementor-widget elementor-widget-heading\" data-id=\"4689c35\" data-element_type=\"widget\" data-e-type=\"widget\" data-widget_type=\"heading.default\">\n\t\t\t\t\t<h1 class=\"elementor-heading-title elementor-size-default\">About cookies<\/h1>\t\t\t\t<\/div>\n\t\t\t\t<div class=\"elementor-element elementor-element-59535e6 elementor-widget elementor-widget-text-editor\" data-id=\"59535e6\" data-element_type=\"widget\" data-e-type=\"widget\" data-widget_type=\"text-editor.default\">\n\t\t\t\t\t\t\t\t\t<p class=\"large-paragraph\">When you visit vetathome.se, cookies are stored on your device. A cookie is a small text file that is stored in your browser to recognize your platform on subsequent visits.<\/p>\t\t\t\t\t\t\t\t<\/div>\n\t\t\t\t<\/div>\n\t\t<div class=\"elementor-element elementor-element-45ec4cc e-con-full e-flex e-con e-child\" data-id=\"45ec4cc\" data-element_type=\"container\" data-e-type=\"container\" data-settings=\"{&quot;background_background&quot;:&quot;classic&quot;}\">\n\t\t\t\t<\/div>\n\t\t\t\t\t<\/div>\n\t\t\t\t<\/div>\n\t\t<div class=\"elementor-element elementor-element-48a44e0 e-flex e-con-boxed e-con e-parent\" data-id=\"48a44e0\" data-element_type=\"container\" data-e-type=\"container\" data-settings=\"{&quot;background_background&quot;:&quot;classic&quot;}\">\n\t\t\t\t\t<div class=\"e-con-inner\">\n\t\t<div class=\"elementor-element elementor-element-a5c444c e-con-full e-flex e-con e-child\" data-id=\"a5c444c\" data-element_type=\"container\" data-e-type=\"container\">\n\t\t\t\t<div class=\"elementor-element elementor-element-b1320fa elementor-widget elementor-widget-text-editor\" data-id=\"b1320fa\" data-element_type=\"widget\" data-e-type=\"widget\" data-widget_type=\"text-editor.default\">\n\t\t\t\t\t\t\t\t\t<p>Almost all websites use cookies. They are stored in your browser to help you, which helps analyze how the website is used so that the user experience can be improved. In many cases, cookies are necessary to provide a certain service on the website.<\/p><p>The information in your cookies is sent between your browser and a web server and includes information about user preferences, login, and how the website is used.<\/p><p>If you do not want cookies on your computer, you can arrange this in the settings of your browser.<\/p><p>If you have any further questions regarding data protection, you are always welcome to contact us at the e-mail address:\u00a0<a class=\"paragraph-link\" href=\"mailto:support@vetathome.se\">support@vetathome.se<\/a><\/p><p>Cookies listed as necessary are required for the website to function and cannot be switched off in our systems. They are usually only set in response to actions you have taken that constitute a request for services, such as setting your personal preferences, logging in or filling in forms. You can set your browser to block or warn you about these cookies, but some parts of the website will not work then. These cookies do not store any personally identifiable information.<\/p><p>Below is a list of all the cookies we use. You can control which types of cookies you accept by pressing the manage cookies button.<\/p><p>\u00a0<\/p><p><strong>Cookies<\/strong>: kcToken Description: Used for login Type: Emergency<\/p><p><strong>Cookies<\/strong>: kcIdToken Description: Used for login Type: Emergency<\/p><p><strong>Cookies<\/strong>: Meta Pixel Description: Ad Tracking Type: Marketing<\/p><p><strong>Cookies<\/strong>: Google Analytics Description: Site tracking Type: Website analysis<\/p>\t\t\t\t\t\t\t\t<\/div>\n\t\t\t\t<\/div>\n\t\t<div class=\"elementor-element elementor-element-fdf93bc e-con-full e-flex e-con e-child\" data-id=\"fdf93bc\" data-element_type=\"container\" data-e-type=\"container\">\n\t\t\t\t<\/div>\n\t\t\t\t\t<\/div>\n\t\t\t\t<\/div>\n\t\t\t\t<\/div>","protected":false},"excerpt":{"rendered":"<p>About cookies When you visit vetathome.se, cookies are stored on your device. A cookie is a small text file that is stored in your browser to recognize your platform on subsequent visits. Almost all websites use cookies. They are stored in your browser to help you, which helps to analyze how the website is used so that [\u2026]<\/p>","protected":false},"author":1,"featured_media":127,"parent":1005,"menu_order":0,"comment_status":"closed","ping_status":"closed","template":"elementor_header_footer","meta":{"_acf_changed":false,"content-type":"","footnotes":""},"class_list":["post-1462","page","type-page","status-publish","has-post-thumbnail","hentry"],"acf":[],"yoast_head":"<!-- This site is optimized with the Yoast SEO Premium plugin v26.6 (Yoast SEO v26.6) - https:\/\/yoast.com\/wordpress\/plugins\/seo\/ -->\n<title>Om cookies | VetAtHome<\/title>\n<meta name=\"description\" content=\"B\u00e5de valpar och kattungar b\u00f6r vara besiktigade och vaccinerade redan f\u00f6re leverans till sin nya familj, boka tid med VetAtHome!\" \/>\n<meta name=\"robots\" content=\"index, follow, max-snippet:-1, max-image-preview:large, max-video-preview:-1\" \/>\n<link rel=\"canonical\" href=\"https:\/\/vetathome.se\/en\/support\/om-cookies\/\" \/>\n<meta property=\"og:locale\" content=\"en_US\" \/>\n<meta property=\"og:type\" content=\"article\" \/>\n<meta property=\"og:title\" content=\"Om cookies\" \/>\n<meta property=\"og:description\" content=\"B\u00e5de valpar och kattungar b\u00f6r vara besiktigade och vaccinerade redan f\u00f6re leverans till sin nya familj, boka tid med VetAtHome!\" \/>\n<meta property=\"og:url\" content=\"https:\/\/vetathome.se\/en\/support\/om-cookies\/\" \/>\n<meta property=\"og:site_name\" content=\"VetAtHome\" \/>\n<meta property=\"article:publisher\" content=\"https:\/\/www.facebook.com\/VetAtHome.se\" \/>\n<meta property=\"article:modified_time\" content=\"2024-11-13T12:34:48+00:00\" \/>\n<meta property=\"og:image\" content=\"https:\/\/vetathome.se\/wp-content\/uploads\/2024\/11\/Thumbnail.png\" \/>\n\t<meta property=\"og:image:width\" content=\"1920\" \/>\n\t<meta property=\"og:image:height\" content=\"1080\" \/>\n\t<meta property=\"og:image:type\" content=\"image\/png\" \/>\n<meta name=\"twitter:card\" content=\"summary_large_image\" \/>\n<meta name=\"twitter:label1\" content=\"Est. reading time\" \/>\n\t<meta name=\"twitter:data1\" content=\"2 minutes\" \/>\n<script type=\"application\/ld+json\" class=\"yoast-schema-graph\">{\"@context\":\"https:\/\/schema.org\",\"@graph\":[{\"@type\":\"WebPage\",\"@id\":\"https:\/\/vetathome.se\/support\/om-cookies\/\",\"url\":\"https:\/\/vetathome.se\/support\/om-cookies\/\",\"name\":\"Om cookies | VetAtHome\",\"isPartOf\":{\"@id\":\"https:\/\/vetathome.se\/#website\"},\"primaryImageOfPage\":{\"@id\":\"https:\/\/vetathome.se\/support\/om-cookies\/#primaryimage\"},\"image\":{\"@id\":\"https:\/\/vetathome.se\/support\/om-cookies\/#primaryimage\"},\"thumbnailUrl\":\"https:\/\/vetathome.se\/wp-content\/uploads\/2024\/11\/Thumbnail.png\",\"datePublished\":\"2024-11-13T12:26:36+00:00\",\"dateModified\":\"2024-11-13T12:34:48+00:00\",\"description\":\"B\u00e5de valpar och kattungar b\u00f6r vara besiktigade och vaccinerade redan f\u00f6re leverans till sin nya familj, boka tid med VetAtHome!\",\"breadcrumb\":{\"@id\":\"https:\/\/vetathome.se\/support\/om-cookies\/#breadcrumb\"},\"inLanguage\":\"en-US\",\"potentialAction\":[{\"@type\":\"ReadAction\",\"target\":[\"https:\/\/vetathome.se\/support\/om-cookies\/\"]}]},{\"@type\":\"ImageObject\",\"inLanguage\":\"en-US\",\"@id\":\"https:\/\/vetathome.se\/support\/om-cookies\/#primaryimage\",\"url\":\"https:\/\/vetathome.se\/wp-content\/uploads\/2024\/11\/Thumbnail.png\",\"contentUrl\":\"https:\/\/vetathome.se\/wp-content\/uploads\/2024\/11\/Thumbnail.png\",\"width\":1920,\"height\":1080,\"caption\":\"H\u00e4lsosam katt som f\u00e5r v\u00e5rd hemma av veterin\u00e4r fr\u00e5n VetAtHome.\"},{\"@type\":\"BreadcrumbList\",\"@id\":\"https:\/\/vetathome.se\/support\/om-cookies\/#breadcrumb\",\"itemListElement\":[{\"@type\":\"ListItem\",\"position\":1,\"name\":\"Support\",\"item\":\"https:\/\/vetathome.se\/support\/\"},{\"@type\":\"ListItem\",\"position\":2,\"name\":\"Om cookies\"}]},{\"@type\":\"WebSite\",\"@id\":\"https:\/\/vetathome.se\/#website\",\"url\":\"https:\/\/vetathome.se\/\",\"name\":\"VetAtHome\",\"description\":\"Som ett vanligt veterin\u00e4rbes\u00f6k, fast hemma hos dig\",\"publisher\":{\"@id\":\"https:\/\/vetathome.se\/#organization\"},\"alternateName\":\"Vet at home\",\"potentialAction\":[{\"@type\":\"SearchAction\",\"target\":{\"@type\":\"EntryPoint\",\"urlTemplate\":\"https:\/\/vetathome.se\/?s={search_term_string}\"},\"query-input\":{\"@type\":\"PropertyValueSpecification\",\"valueRequired\":true,\"valueName\":\"search_term_string\"}}],\"inLanguage\":\"en-US\"},{\"@type\":\"Organization\",\"@id\":\"https:\/\/vetathome.se\/#organization\",\"name\":\"Vetathome\",\"alternateName\":\"Vet at home\",\"url\":\"https:\/\/vetathome.se\/\",\"logo\":{\"@type\":\"ImageObject\",\"inLanguage\":\"en-US\",\"@id\":\"https:\/\/vetathome.se\/#\/schema\/logo\/image\/\",\"url\":\"https:\/\/vetathome.se\/wp-content\/uploads\/2026\/01\/Favicon.png\",\"contentUrl\":\"https:\/\/vetathome.se\/wp-content\/uploads\/2026\/01\/Favicon.png\",\"width\":192,\"height\":192,\"caption\":\"Vetathome\"},\"image\":{\"@id\":\"https:\/\/vetathome.se\/#\/schema\/logo\/image\/\"},\"sameAs\":[\"https:\/\/www.facebook.com\/VetAtHome.se\",\"https:\/\/www.instagram.com\/vetathome.se\/\"],\"description\":\"VetAtHome \u00e4r en modern veterin\u00e4ritj\u00e4nst som kombinerar tryggheten med hembes\u00f6k med den fulla kapaciteten hos v\u00e4lutrustade djurkliniker. F\u00f6retaget erbjuder b\u00e5de hembes\u00f6k, bes\u00f6k p\u00e5 veterin\u00e4rmottagningar runt om i landet och avancerad djursjukv\u00e5rd p\u00e5 Djurkliniken \u00d6stermalm i Stockholm. Verksamheten finns i dag i bland annat Stockholm, Uppsala, G\u00f6teborg, Malm\u00f6 och Helsingborg med omnejd, vilket g\u00f6r det m\u00f6jligt f\u00f6r djur\u00e4gare att f\u00e5 kvalificerad v\u00e5rd d\u00e4r det passar dem b\u00e4st \u2013 hemma eller p\u00e5 klinik.\",\"legalName\":\"Aktiebolaget Djursjukv\u00e5rd i Sverige\",\"foundingDate\":\"2021-05-01\",\"numberOfEmployees\":{\"@type\":\"QuantitativeValue\",\"minValue\":\"11\",\"maxValue\":\"50\"}}]}<\/script>\n<!-- \/ Yoast SEO Premium plugin. -->","yoast_head_json":{"title":"About cookies | VetAtHome","description":"Both puppies and kittens should be inspected and vaccinated before delivery to their new family, book an appointment with VetAtHome!","robots":{"index":"index","follow":"follow","max-snippet":"max-snippet:-1","max-image-preview":"max-image-preview:large","max-video-preview":"max-video-preview:-1"},"canonical":"https:\/\/vetathome.se\/en\/support\/om-cookies\/","og_locale":"en_US","og_type":"article","og_title":"Om cookies","og_description":"B\u00e5de valpar och kattungar b\u00f6r vara besiktigade och vaccinerade redan f\u00f6re leverans till sin nya familj, boka tid med VetAtHome!","og_url":"https:\/\/vetathome.se\/en\/support\/om-cookies\/","og_site_name":"VetAtHome","article_publisher":"https:\/\/www.facebook.com\/VetAtHome.se","article_modified_time":"2024-11-13T12:34:48+00:00","og_image":[{"width":1920,"height":1080,"url":"https:\/\/vetathome.se\/wp-content\/uploads\/2024\/11\/Thumbnail.png","type":"image\/png"}],"twitter_card":"summary_large_image","twitter_misc":{"Est. reading time":"2 minutes"},"schema":{"@context":"https:\/\/schema.org","@graph":[{"@type":"WebPage","@id":"https:\/\/vetathome.se\/support\/om-cookies\/","url":"https:\/\/vetathome.se\/support\/om-cookies\/","name":"About cookies | VetAtHome","isPartOf":{"@id":"https:\/\/vetathome.se\/#website"},"primaryImageOfPage":{"@id":"https:\/\/vetathome.se\/support\/om-cookies\/#primaryimage"},"image":{"@id":"https:\/\/vetathome.se\/support\/om-cookies\/#primaryimage"},"thumbnailUrl":"https:\/\/vetathome.se\/wp-content\/uploads\/2024\/11\/Thumbnail.png","datePublished":"2024-11-13T12:26:36+00:00","dateModified":"2024-11-13T12:34:48+00:00","description":"Both puppies and kittens should be inspected and vaccinated before delivery to their new family, book an appointment with VetAtHome!","breadcrumb":{"@id":"https:\/\/vetathome.se\/support\/om-cookies\/#breadcrumb"},"inLanguage":"en-US","potentialAction":[{"@type":"ReadAction","target":["https:\/\/vetathome.se\/support\/om-cookies\/"]}]},{"@type":"ImageObject","inLanguage":"en-US","@id":"https:\/\/vetathome.se\/support\/om-cookies\/#primaryimage","url":"https:\/\/vetathome.se\/wp-content\/uploads\/2024\/11\/Thumbnail.png","contentUrl":"https:\/\/vetathome.se\/wp-content\/uploads\/2024\/11\/Thumbnail.png","width":1920,"height":1080,"caption":"H\u00e4lsosam katt som f\u00e5r v\u00e5rd hemma av veterin\u00e4r fr\u00e5n VetAtHome."},{"@type":"BreadcrumbList","@id":"https:\/\/vetathome.se\/support\/om-cookies\/#breadcrumb","itemListElement":[{"@type":"ListItem","position":1,"name":"Support","item":"https:\/\/vetathome.se\/support\/"},{"@type":"ListItem","position":2,"name":"Om cookies"}]},{"@type":"WebSite","@id":"https:\/\/vetathome.se\/#website","url":"https:\/\/vetathome.se\/","name":"VetAtHome","description":"Like a regular vet visit, but in your home","publisher":{"@id":"https:\/\/vetathome.se\/#organization"},"alternateName":"Vet at home","potentialAction":[{"@type":"SearchAction","target":{"@type":"EntryPoint","urlTemplate":"https:\/\/vetathome.se\/?s={search_term_string}"},"query-input":{"@type":"PropertyValueSpecification","valueRequired":true,"valueName":"search_term_string"}}],"inLanguage":"en-US"},{"@type":"Organization","@id":"https:\/\/vetathome.se\/#organization","name":"Vetathome","alternateName":"Vet at home","url":"https:\/\/vetathome.se\/","logo":{"@type":"ImageObject","inLanguage":"en-US","@id":"https:\/\/vetathome.se\/#\/schema\/logo\/image\/","url":"https:\/\/vetathome.se\/wp-content\/uploads\/2026\/01\/Favicon.png","contentUrl":"https:\/\/vetathome.se\/wp-content\/uploads\/2026\/01\/Favicon.png","width":192,"height":192,"caption":"Vetathome"},"image":{"@id":"https:\/\/vetathome.se\/#\/schema\/logo\/image\/"},"sameAs":["https:\/\/www.facebook.com\/VetAtHome.se","https:\/\/www.instagram.com\/vetathome.se\/"],"description":"VetAtHome is a modern veterinary service that combines the security of home visits with the full capacity of well-equipped animal clinics. The company offers both home visits, visits to veterinary clinics around the country and advanced animal care at Djurkliniken \u00d6stermalm in Stockholm. The operations are currently located in Stockholm, Uppsala, Gothenburg, Malm\u00f6 and Helsingborg and the surrounding area, making it possible for pet owners to receive qualified care where it suits them best \u2013 at home or at a clinic.","legalName":"Aktiebolaget Djursjukv\u00e5rd i Sverige","foundingDate":"2021-05-01","numberOfEmployees":{"@type":"QuantitativeValue","minValue":"11","maxValue":"50"}}]}},"_links":{"self":[{"href":"https:\/\/vetathome.se\/en\/wp-json\/wp\/v2\/pages\/1462","targetHints":{"allow":["GET"]}}],"collection":[{"href":"https:\/\/vetathome.se\/en\/wp-json\/wp\/v2\/pages"}],"about":[{"href":"https:\/\/vetathome.se\/en\/wp-json\/wp\/v2\/types\/page"}],"author":[{"embeddable":true,"href":"https:\/\/vetathome.se\/en\/wp-json\/wp\/v2\/users\/1"}],"replies":[{"embeddable":true,"href":"https:\/\/vetathome.se\/en\/wp-json\/wp\/v2\/comments?post=1462"}],"version-history":[{"count":7,"href":"https:\/\/vetathome.se\/en\/wp-json\/wp\/v2\/pages\/1462\/revisions"}],"predecessor-version":[{"id":1469,"href":"https:\/\/vetathome.se\/en\/wp-json\/wp\/v2\/pages\/1462\/revisions\/1469"}],"up":[{"embeddable":true,"href":"https:\/\/vetathome.se\/en\/wp-json\/wp\/v2\/pages\/1005"}],"wp:featuredmedia":[{"embeddable":true,"href":"https:\/\/vetathome.se\/en\/wp-json\/wp\/v2\/media\/127"}],"wp:attachment":[{"href":"https:\/\/vetathome.se\/en\/wp-json\/wp\/v2\/media?parent=1462"}],"curies":[{"name":"wp","href":"https:\/\/api.w.org\/{rel}","templated":true}]}}