{"id":1446,"date":"2024-11-13T12:14:22","date_gmt":"2024-11-13T12:14:22","guid":{"rendered":"https:\/\/vetathome.acrowd.se\/?page_id=1446"},"modified":"2024-11-13T12:19:25","modified_gmt":"2024-11-13T12:19:25","slug":"anvandarvillkor","status":"publish","type":"page","link":"https:\/\/vetathome.se\/en\/support\/anvandarvillkor\/","title":{"rendered":"Terms of Use"},"content":{"rendered":"<div data-elementor-type=\"wp-page\" data-elementor-id=\"1446\" class=\"elementor elementor-1446\" data-elementor-post-type=\"page\">\n\t\t\t\t<div class=\"elementor-element elementor-element-12f8ede e-flex e-con-boxed e-con e-parent\" data-id=\"12f8ede\" data-element_type=\"container\" data-e-type=\"container\" data-settings=\"{&quot;background_background&quot;:&quot;classic&quot;}\">\n\t\t\t\t\t<div class=\"e-con-inner\">\n\t\t\t\t<div class=\"elementor-element elementor-element-3b73e72 elementor-widget elementor-widget-breadcrumbs\" data-id=\"3b73e72\" data-element_type=\"widget\" data-e-type=\"widget\" data-widget_type=\"breadcrumbs.default\">\n\t\t\t\t\t<p id=\"breadcrumbs\"><\/p>\t\t\t\t<\/div>\n\t\t\t\t\t<\/div>\n\t\t\t\t<\/div>\n\t\t<div class=\"elementor-element elementor-element-3b49ff0 e-flex e-con-boxed e-con e-parent\" data-id=\"3b49ff0\" data-element_type=\"container\" data-e-type=\"container\" data-settings=\"{&quot;background_background&quot;:&quot;classic&quot;}\">\n\t\t\t\t\t<div class=\"e-con-inner\">\n\t\t<div class=\"elementor-element elementor-element-bc26c60 e-con-full e-flex e-con e-child\" data-id=\"bc26c60\" data-element_type=\"container\" data-e-type=\"container\">\n\t\t\t\t<div class=\"elementor-element elementor-element-4689c35 elementor-widget elementor-widget-heading\" data-id=\"4689c35\" data-element_type=\"widget\" data-e-type=\"widget\" data-widget_type=\"heading.default\">\n\t\t\t\t\t<h1 class=\"elementor-heading-title elementor-size-default\">Terms of Use<\/h1>\t\t\t\t<\/div>\n\t\t\t\t<div class=\"elementor-element elementor-element-59535e6 elementor-widget elementor-widget-text-editor\" data-id=\"59535e6\" data-element_type=\"widget\" data-e-type=\"widget\" data-widget_type=\"text-editor.default\">\n\t\t\t\t\t\t\t\t\t<section class=\"page-header-narrow\"><div class=\"w-layout-blockcontainer header-container w-container\"><div class=\"header-content--gp4 centered\" data-w-id=\"410fd47c-e98a-75d6-0f57-0390d1795e15\"><p class=\"large-paragraph\">These general terms and conditions (\u201cGeneral Terms and Conditions\u201d) apply between Aktiebolaget Djursjukv\u00e5rd i Sverige AB, org. no. 559299-9113, (hereinafter referred to as \u201cVetAtHome\u201d) and you (hereinafter referred to as the \u201cCustomer\u201d) as a user of the services and functions provided by VetAtHome. (VetAtHome and the Customer are referred to below as \u201cParty\u201d and jointly as the \u201cParties\u201d). By using VetAtHome\u2019s IT platform (hereinafter referred to as the \u201cPlatform\u201d), the Customer accepts these General Terms and Conditions.<\/p><\/div><\/div><\/section>\t\t\t\t\t\t\t\t<\/div>\n\t\t\t\t<\/div>\n\t\t<div class=\"elementor-element elementor-element-45ec4cc e-con-full e-flex e-con e-child\" data-id=\"45ec4cc\" data-element_type=\"container\" data-e-type=\"container\" data-settings=\"{&quot;background_background&quot;:&quot;classic&quot;}\">\n\t\t\t\t<\/div>\n\t\t\t\t\t<\/div>\n\t\t\t\t<\/div>\n\t\t<div class=\"elementor-element elementor-element-48a44e0 e-flex e-con-boxed e-con e-parent\" data-id=\"48a44e0\" data-element_type=\"container\" data-e-type=\"container\" data-settings=\"{&quot;background_background&quot;:&quot;classic&quot;}\">\n\t\t\t\t\t<div class=\"e-con-inner\">\n\t\t<div class=\"elementor-element elementor-element-a5c444c e-con-full e-flex e-con e-child\" data-id=\"a5c444c\" data-element_type=\"container\" data-e-type=\"container\">\n\t\t\t\t<div class=\"elementor-element elementor-element-b1320fa elementor-widget elementor-widget-text-editor\" data-id=\"b1320fa\" data-element_type=\"widget\" data-e-type=\"widget\" data-widget_type=\"text-editor.default\">\n\t\t\t\t\t\t\t\t\t<h2>1 General<\/h2><p><strong>1.1\u00a0<\/strong>The Platform is a digital e-service platform that is accessible through any of the access options that VetAtHome informs about from time to time, currently via the Platform on a mobile device such as a phone, computer or tablet.<\/p><p><strong>1.2\u00a0<\/strong>The animal healthcare that the Customer receives via the Platform is provided by veterinarians who are employed by or working on behalf of VetAtHome.<\/p><p><strong>1.3\u00a0<\/strong>The Platform should not be used in the event of a need for emergency veterinary care, but the Customer should instead visit an animal hospital.<\/p><h6>\u00a0<\/h6><h2>2. Modification of the Platform and the services provided<\/h2><p><strong>2.1\u00a0<\/strong>The Platform is continuously updated and VetAtHome has the right, without prior approval from the Customer, to make changes to the Platform at any time. Such changes may, for example, relate to changes to the technical solution for providing the services or the design and layout of the platform. The changes may result in certain functions being discontinued, changed or added and\/or the technical conditions for accessing the services being changed.<\/p><h6>\u00a0<\/h6><h2>2.2. Accessibility<\/h2><p><strong>2.2.1\u00a0<\/strong>VetAtHome is responsible for the availability of the Platform during the contract period. Users normally have access to the Platform itself 24 hours a day, seven days a week, with the exception of any system maintenance (this does not mean, however, that there are healthcare professionals available during this entire period).<\/p><p><strong>2.2.2\u00a0<\/strong>The times when the Customer has the opportunity to meet healthcare professionals on the Platform are stated in the information currently applicable on the Platform.<\/p><p><strong>2.2.3\u00a0<\/strong>If the availability of the Services does not meet demand, VetAtHome may take the necessary measures regarding personnel and infrastructure to remedy the deficiency. The Customer is not entitled to claim any other penalty.<\/p><p><strong>2.2.4\u00a0<\/strong>VetAtHome reserves the right to temporarily suspend availability at any time for system maintenance and service purposes, such as bug fixes, maintenance and upgrades.<\/p><h6>\u00a0<\/h6><h2>3 Customer responsibilities<\/h2><p><strong>3.1\u00a0<\/strong>The Customer undertakes to follow the General Terms and Conditions and any other instructions that VetAtHome publishes on the Platform.<\/p><p><strong>3.2\u00a0<\/strong>The Customer is responsible for the accuracy of the information provided by the Customer in connection with registration and use of the services. VetAtHome is not responsible for any damages that arise due to the Customer having provided incorrect information or not updating the information.<\/p><p><strong>3.3\u00a0<\/strong>The Customer shall store personal and user-specific information \u2013 such as user identity and password or other documents, certificates or devices that can be used to access VetAtHome or the Platform \u2013 in a secure manner and not use or disclose this information to any unauthorized person. If the Customer suspects, or should suspect, that such information has come to the knowledge of any unauthorized person or is otherwise being misused, the Customer is obliged to immediately take action to restrict access to the Platform and to immediately inform VetAtHome.<\/p><p><strong>3.4\u00a0<\/strong>The Customer is responsible for activities undertaken by the Customer. The Customer is thus responsible, among other things, for any transfer of information and electronic documents. The Customer is obliged, in addition to these General Terms and Conditions and any instructions that VetAtHome publishes on the Platform from time to time, to comply with applicable laws, regulations, authority decisions and generally accepted ethical and moral values when using the Platform and the services. The Customer may not use the Platform or the services in such a way that VetAtHome or others suffer inconvenience or damage. The Customer may therefore, for example, not handle electronic documents via the Platform or the services that infringe the rights of third parties or that may be perceived as offensive or indignant.<\/p><h6>\u00a0<\/h6><h2>4 Price, invoicing and payment<\/h2><p><strong>4.1\u00a0<\/strong>The fee for care provided via the Platform or by VetAtHome&#039;s healthcare providers is determined by the relevant Region. VetAtHome will provide information on the applicable fees at any time on our website and in the Platform.<\/p><h6>\u00a0<\/h6><h2>5 Contract period and termination<\/h2><p><strong>5.1\u00a0<\/strong>The Agreement, including the General Terms and Conditions, is valid until further notice. The Agreement may be terminated by the Customer without notice.<\/p><p><strong>5.2\u00a0<\/strong>VetAtHome has the right to terminate the Agreement with immediate effect if the Customer breaches its obligations under the General Terms and Conditions.<\/p><p><strong>5.3\u00a0<\/strong>VetAtHome reserves the right to terminate a Customer&#039;s account that has not been used for 24 months.<\/p><h6>\u00a0<\/h6><h2>6 VetAtHome&#039;s liability and limitation of liability<\/h2><p><strong>6.1\u00a0<\/strong>VetAtHome is not obliged to pay compensation due to errors, deficiencies or other breach of contract on VetAtHome&#039;s part, unless otherwise required by mandatory law. VetAtHome does not provide compensation for indirect damages (including data loss) unless the damage was caused by VetAtHome being grossly negligent.<\/p><p><strong>6.2\u00a0<\/strong>VetAtHome&#039;s liability is in all circumstances limited to a maximum of 0.5 price base amount (i.e. SEK 24,150 based on the 2022 price base amount).<\/p><p><strong>6.3\u00a0<\/strong>The Customer is obliged to submit a claim for compensation to VetAtHome without undue delay after the damage was discovered or should have been discovered. If the Customer fails to do so, the Customer loses the right to assert the claim.<\/p><p><strong>6.4\u00a0<\/strong>The Customer shall indemnify VetAtHome if the Customer infringes a third party&#039;s intellectual property rights or if a third party makes a claim against VetAtHome due to the Customer&#039;s use of the Platform or the services.<\/p><h6>\u00a0<\/h6><h2>7 Personal data<\/h2><p><strong>7.1\u00a0<\/strong>VetAtHome&#039;s personal data processing is regulated in the company&#039;s privacy policy, which can be found here.<\/p><h6>\u00a0<\/h6><h2>8 Change of conditions<\/h2><p><strong>8.1\u00a0<\/strong>VetAtHome may change the General Terms and Conditions without prior approval from the Customer. Such change shall enter into force, for existing Customers, one week after the change has been published on the Platform. By continuing to use the service, the Customer accepts the new terms and conditions. For new Customers, the most recently published General Terms and Conditions shall apply immediately.<\/p><h6>\u00a0<\/h6><h2>9 Privacy<\/h2><p><strong>9.1\u00a0<\/strong>Each Party undertakes to observe full confidentiality during the term of the contractual relationship with regard to all information received from the other Party and which is stated to be or is evidently confidential and not to use such information in any way other than as intended in the General Terms and Conditions. Information that is or becomes generally known in any way other than through a breach of the content of the General Terms and Conditions or applicable legislation shall not be considered confidential.<\/p><h6>\u00a0<\/h6><h2>10 Intellectual property rights<\/h2><p><strong>10.1\u00a0<\/strong>VetAtHome owns all intellectual property rights to the Platform (including but not limited to the technical solution and any content therein) as well as all materials published on the Platform. These works are protected by copyright and all such rights are reserved by VetAtHome.<\/p><p><strong>10.2\u00a0<\/strong>The Customer and Users may not use any part of the Platform&#039;s copyrighted material for commercial purposes without first obtaining a license from VetAtHome or from VetAtHome&#039;s licensor.<\/p><h6>\u00a0<\/h6><h2>11 Force Majeure<\/h2><p><strong>11.1\u00a0<\/strong>If the Party&#039;s fulfillment of its obligations under the contractual relationship is made more difficult or prevented due to circumstances that the Party could not have controlled and which the Party could not reasonably have been expected to have taken into account when entering into the contractual relationship, and the consequences of which the Party could not reasonably have avoided or overcome, this shall constitute grounds for exemption that entails exemption from damages and other penalties.<\/p><h6>\u00a0<\/h6><h2>12 Messages<\/h2><p><strong>12.1\u00a0<\/strong>Notices under the Terms and Conditions shall be given by courier or email to the address specified by each Party. Such notice shall be deemed to have been given (a) at the time of delivery (if delivered by courier) or (b) upon posting (if sent by email).<\/p><h6>\u00a0<\/h6><h2>13 Transfer and use of subcontractors<\/h2><p><strong>13.1\u00a0<\/strong>Neither Party may fully or partially assign its rights or obligations under the General Terms and Conditions without the other Party&#039;s prior written consent, with the exception that VetAtHome may assign its rights or obligations to another group company.<\/p><p><strong>13.2\u00a0<\/strong>VetAtHome has the right to use subcontractors to fulfill its obligations under these General Terms and Conditions.<\/p><h6>\u00a0<\/h6><h2>14 Dispute Resolution and Applicable Law<\/h2><p><strong>14.1\u00a0<\/strong>These General Terms and Conditions shall be interpreted and applied in accordance with Swedish law.<\/p><p><strong>14.2\u00a0<\/strong>Disputes arising from the contractual relationship shall be finally settled in a Swedish court.<\/p>\t\t\t\t\t\t\t\t<\/div>\n\t\t\t\t<\/div>\n\t\t<div class=\"elementor-element elementor-element-fdf93bc e-con-full e-flex e-con e-child\" data-id=\"fdf93bc\" data-element_type=\"container\" data-e-type=\"container\">\n\t\t\t\t<\/div>\n\t\t\t\t\t<\/div>\n\t\t\t\t<\/div>\n\t\t\t\t<\/div>","protected":false},"excerpt":{"rendered":"<p>Terms of Use These general terms and conditions (\u201cGeneral Terms and Conditions\u201d) apply between Aktiebolaget Djursjukv\u00e5rd i Sverige AB, org. no. 559299-9113, (hereinafter referred to as \u201cVetAtHome\u201d) and you (hereinafter referred to as the \u201cCustomer\u201d) as a user of the services and functions provided by VetAtHome. (VetAtHome and the Customer are referred to below as \u201cParty\u201d and jointly as the \u201cParties\u201d). By using VetAtHome\u2019s IT platform (hereinafter referred to as the \u201cPlatform\u201d), the Customer agrees [\u2026]<\/p>","protected":false},"author":1,"featured_media":127,"parent":1005,"menu_order":0,"comment_status":"closed","ping_status":"closed","template":"elementor_header_footer","meta":{"_acf_changed":false,"content-type":"","footnotes":""},"class_list":["post-1446","page","type-page","status-publish","has-post-thumbnail","hentry"],"acf":[],"yoast_head":"<!-- This site is optimized with the Yoast SEO Premium plugin v26.6 (Yoast SEO v26.6) - https:\/\/yoast.com\/wordpress\/plugins\/seo\/ -->\n<title>Anv\u00e4ndarvillkor | VetAtHome<\/title>\n<meta name=\"description\" content=\"B\u00e5de valpar och kattungar b\u00f6r vara besiktigade och vaccinerade redan f\u00f6re leverans till sin nya familj, boka tid med VetAtHome!\" \/>\n<meta name=\"robots\" content=\"index, follow, max-snippet:-1, max-image-preview:large, max-video-preview:-1\" \/>\n<link rel=\"canonical\" href=\"https:\/\/vetathome.se\/en\/support\/anvandarvillkor\/\" \/>\n<meta property=\"og:locale\" content=\"en_US\" \/>\n<meta property=\"og:type\" content=\"article\" \/>\n<meta property=\"og:title\" content=\"Anv\u00e4ndarvillkor\" \/>\n<meta property=\"og:description\" content=\"B\u00e5de valpar och kattungar b\u00f6r vara besiktigade och vaccinerade redan f\u00f6re leverans till sin nya familj, boka tid med VetAtHome!\" \/>\n<meta property=\"og:url\" content=\"https:\/\/vetathome.se\/en\/support\/anvandarvillkor\/\" \/>\n<meta property=\"og:site_name\" content=\"VetAtHome\" \/>\n<meta property=\"article:publisher\" content=\"https:\/\/www.facebook.com\/VetAtHome.se\" \/>\n<meta property=\"article:modified_time\" content=\"2024-11-13T12:19:25+00:00\" \/>\n<meta property=\"og:image\" content=\"https:\/\/vetathome.se\/wp-content\/uploads\/2024\/11\/Thumbnail.png\" \/>\n\t<meta property=\"og:image:width\" content=\"1920\" \/>\n\t<meta property=\"og:image:height\" content=\"1080\" \/>\n\t<meta property=\"og:image:type\" content=\"image\/png\" \/>\n<meta name=\"twitter:card\" content=\"summary_large_image\" \/>\n<meta name=\"twitter:label1\" content=\"Est. reading time\" \/>\n\t<meta name=\"twitter:data1\" content=\"7 minutes\" \/>\n<script type=\"application\/ld+json\" class=\"yoast-schema-graph\">{\"@context\":\"https:\/\/schema.org\",\"@graph\":[{\"@type\":\"WebPage\",\"@id\":\"https:\/\/vetathome.se\/support\/anvandarvillkor\/\",\"url\":\"https:\/\/vetathome.se\/support\/anvandarvillkor\/\",\"name\":\"Anv\u00e4ndarvillkor | VetAtHome\",\"isPartOf\":{\"@id\":\"https:\/\/vetathome.se\/#website\"},\"primaryImageOfPage\":{\"@id\":\"https:\/\/vetathome.se\/support\/anvandarvillkor\/#primaryimage\"},\"image\":{\"@id\":\"https:\/\/vetathome.se\/support\/anvandarvillkor\/#primaryimage\"},\"thumbnailUrl\":\"https:\/\/vetathome.se\/wp-content\/uploads\/2024\/11\/Thumbnail.png\",\"datePublished\":\"2024-11-13T12:14:22+00:00\",\"dateModified\":\"2024-11-13T12:19:25+00:00\",\"description\":\"B\u00e5de valpar och kattungar b\u00f6r vara besiktigade och vaccinerade redan f\u00f6re leverans till sin nya familj, boka tid med VetAtHome!\",\"breadcrumb\":{\"@id\":\"https:\/\/vetathome.se\/support\/anvandarvillkor\/#breadcrumb\"},\"inLanguage\":\"en-US\",\"potentialAction\":[{\"@type\":\"ReadAction\",\"target\":[\"https:\/\/vetathome.se\/support\/anvandarvillkor\/\"]}]},{\"@type\":\"ImageObject\",\"inLanguage\":\"en-US\",\"@id\":\"https:\/\/vetathome.se\/support\/anvandarvillkor\/#primaryimage\",\"url\":\"https:\/\/vetathome.se\/wp-content\/uploads\/2024\/11\/Thumbnail.png\",\"contentUrl\":\"https:\/\/vetathome.se\/wp-content\/uploads\/2024\/11\/Thumbnail.png\",\"width\":1920,\"height\":1080,\"caption\":\"H\u00e4lsosam katt som f\u00e5r v\u00e5rd hemma av veterin\u00e4r fr\u00e5n VetAtHome.\"},{\"@type\":\"BreadcrumbList\",\"@id\":\"https:\/\/vetathome.se\/support\/anvandarvillkor\/#breadcrumb\",\"itemListElement\":[{\"@type\":\"ListItem\",\"position\":1,\"name\":\"Support\",\"item\":\"https:\/\/vetathome.se\/support\/\"},{\"@type\":\"ListItem\",\"position\":2,\"name\":\"Anv\u00e4ndarvillkor\"}]},{\"@type\":\"WebSite\",\"@id\":\"https:\/\/vetathome.se\/#website\",\"url\":\"https:\/\/vetathome.se\/\",\"name\":\"VetAtHome\",\"description\":\"Som ett vanligt veterin\u00e4rbes\u00f6k, fast hemma hos dig\",\"publisher\":{\"@id\":\"https:\/\/vetathome.se\/#organization\"},\"alternateName\":\"Vet at home\",\"potentialAction\":[{\"@type\":\"SearchAction\",\"target\":{\"@type\":\"EntryPoint\",\"urlTemplate\":\"https:\/\/vetathome.se\/?s={search_term_string}\"},\"query-input\":{\"@type\":\"PropertyValueSpecification\",\"valueRequired\":true,\"valueName\":\"search_term_string\"}}],\"inLanguage\":\"en-US\"},{\"@type\":\"Organization\",\"@id\":\"https:\/\/vetathome.se\/#organization\",\"name\":\"Vetathome\",\"alternateName\":\"Vet at home\",\"url\":\"https:\/\/vetathome.se\/\",\"logo\":{\"@type\":\"ImageObject\",\"inLanguage\":\"en-US\",\"@id\":\"https:\/\/vetathome.se\/#\/schema\/logo\/image\/\",\"url\":\"https:\/\/vetathome.se\/wp-content\/uploads\/2026\/01\/Favicon.png\",\"contentUrl\":\"https:\/\/vetathome.se\/wp-content\/uploads\/2026\/01\/Favicon.png\",\"width\":192,\"height\":192,\"caption\":\"Vetathome\"},\"image\":{\"@id\":\"https:\/\/vetathome.se\/#\/schema\/logo\/image\/\"},\"sameAs\":[\"https:\/\/www.facebook.com\/VetAtHome.se\",\"https:\/\/www.instagram.com\/vetathome.se\/\"],\"description\":\"VetAtHome \u00e4r en modern veterin\u00e4ritj\u00e4nst som kombinerar tryggheten med hembes\u00f6k med den fulla kapaciteten hos v\u00e4lutrustade djurkliniker. F\u00f6retaget erbjuder b\u00e5de hembes\u00f6k, bes\u00f6k p\u00e5 veterin\u00e4rmottagningar runt om i landet och avancerad djursjukv\u00e5rd p\u00e5 Djurkliniken \u00d6stermalm i Stockholm. Verksamheten finns i dag i bland annat Stockholm, Uppsala, G\u00f6teborg, Malm\u00f6 och Helsingborg med omnejd, vilket g\u00f6r det m\u00f6jligt f\u00f6r djur\u00e4gare att f\u00e5 kvalificerad v\u00e5rd d\u00e4r det passar dem b\u00e4st \u2013 hemma eller p\u00e5 klinik.\",\"legalName\":\"Aktiebolaget Djursjukv\u00e5rd i Sverige\",\"foundingDate\":\"2021-05-01\",\"numberOfEmployees\":{\"@type\":\"QuantitativeValue\",\"minValue\":\"11\",\"maxValue\":\"50\"}}]}<\/script>\n<!-- \/ Yoast SEO Premium plugin. -->","yoast_head_json":{"title":"Terms of Use | VetAtHome","description":"Both puppies and kittens should be inspected and vaccinated before delivery to their new family, book an appointment with VetAtHome!","robots":{"index":"index","follow":"follow","max-snippet":"max-snippet:-1","max-image-preview":"max-image-preview:large","max-video-preview":"max-video-preview:-1"},"canonical":"https:\/\/vetathome.se\/en\/support\/anvandarvillkor\/","og_locale":"en_US","og_type":"article","og_title":"Anv\u00e4ndarvillkor","og_description":"B\u00e5de valpar och kattungar b\u00f6r vara besiktigade och vaccinerade redan f\u00f6re leverans till sin nya familj, boka tid med VetAtHome!","og_url":"https:\/\/vetathome.se\/en\/support\/anvandarvillkor\/","og_site_name":"VetAtHome","article_publisher":"https:\/\/www.facebook.com\/VetAtHome.se","article_modified_time":"2024-11-13T12:19:25+00:00","og_image":[{"width":1920,"height":1080,"url":"https:\/\/vetathome.se\/wp-content\/uploads\/2024\/11\/Thumbnail.png","type":"image\/png"}],"twitter_card":"summary_large_image","twitter_misc":{"Est. reading time":"7 minutes"},"schema":{"@context":"https:\/\/schema.org","@graph":[{"@type":"WebPage","@id":"https:\/\/vetathome.se\/support\/anvandarvillkor\/","url":"https:\/\/vetathome.se\/support\/anvandarvillkor\/","name":"Terms of Use | VetAtHome","isPartOf":{"@id":"https:\/\/vetathome.se\/#website"},"primaryImageOfPage":{"@id":"https:\/\/vetathome.se\/support\/anvandarvillkor\/#primaryimage"},"image":{"@id":"https:\/\/vetathome.se\/support\/anvandarvillkor\/#primaryimage"},"thumbnailUrl":"https:\/\/vetathome.se\/wp-content\/uploads\/2024\/11\/Thumbnail.png","datePublished":"2024-11-13T12:14:22+00:00","dateModified":"2024-11-13T12:19:25+00:00","description":"Both puppies and kittens should be inspected and vaccinated before delivery to their new family, book an appointment with VetAtHome!","breadcrumb":{"@id":"https:\/\/vetathome.se\/support\/anvandarvillkor\/#breadcrumb"},"inLanguage":"en-US","potentialAction":[{"@type":"ReadAction","target":["https:\/\/vetathome.se\/support\/anvandarvillkor\/"]}]},{"@type":"ImageObject","inLanguage":"en-US","@id":"https:\/\/vetathome.se\/support\/anvandarvillkor\/#primaryimage","url":"https:\/\/vetathome.se\/wp-content\/uploads\/2024\/11\/Thumbnail.png","contentUrl":"https:\/\/vetathome.se\/wp-content\/uploads\/2024\/11\/Thumbnail.png","width":1920,"height":1080,"caption":"H\u00e4lsosam katt som f\u00e5r v\u00e5rd hemma av veterin\u00e4r fr\u00e5n VetAtHome."},{"@type":"BreadcrumbList","@id":"https:\/\/vetathome.se\/support\/anvandarvillkor\/#breadcrumb","itemListElement":[{"@type":"ListItem","position":1,"name":"Support","item":"https:\/\/vetathome.se\/support\/"},{"@type":"ListItem","position":2,"name":"Anv\u00e4ndarvillkor"}]},{"@type":"WebSite","@id":"https:\/\/vetathome.se\/#website","url":"https:\/\/vetathome.se\/","name":"VetAtHome","description":"Like a regular vet visit, but in your home","publisher":{"@id":"https:\/\/vetathome.se\/#organization"},"alternateName":"Vet at home","potentialAction":[{"@type":"SearchAction","target":{"@type":"EntryPoint","urlTemplate":"https:\/\/vetathome.se\/?s={search_term_string}"},"query-input":{"@type":"PropertyValueSpecification","valueRequired":true,"valueName":"search_term_string"}}],"inLanguage":"en-US"},{"@type":"Organization","@id":"https:\/\/vetathome.se\/#organization","name":"Vetathome","alternateName":"Vet at home","url":"https:\/\/vetathome.se\/","logo":{"@type":"ImageObject","inLanguage":"en-US","@id":"https:\/\/vetathome.se\/#\/schema\/logo\/image\/","url":"https:\/\/vetathome.se\/wp-content\/uploads\/2026\/01\/Favicon.png","contentUrl":"https:\/\/vetathome.se\/wp-content\/uploads\/2026\/01\/Favicon.png","width":192,"height":192,"caption":"Vetathome"},"image":{"@id":"https:\/\/vetathome.se\/#\/schema\/logo\/image\/"},"sameAs":["https:\/\/www.facebook.com\/VetAtHome.se","https:\/\/www.instagram.com\/vetathome.se\/"],"description":"VetAtHome is a modern veterinary service that combines the security of home visits with the full capacity of well-equipped animal clinics. The company offers both home visits, visits to veterinary clinics around the country and advanced animal care at Djurkliniken \u00d6stermalm in Stockholm. The operations are currently located in Stockholm, Uppsala, Gothenburg, Malm\u00f6 and Helsingborg and the surrounding area, making it possible for pet owners to receive qualified care where it suits them best \u2013 at home or at a clinic.","legalName":"Aktiebolaget Djursjukv\u00e5rd i Sverige","foundingDate":"2021-05-01","numberOfEmployees":{"@type":"QuantitativeValue","minValue":"11","maxValue":"50"}}]}},"_links":{"self":[{"href":"https:\/\/vetathome.se\/en\/wp-json\/wp\/v2\/pages\/1446","targetHints":{"allow":["GET"]}}],"collection":[{"href":"https:\/\/vetathome.se\/en\/wp-json\/wp\/v2\/pages"}],"about":[{"href":"https:\/\/vetathome.se\/en\/wp-json\/wp\/v2\/types\/page"}],"author":[{"embeddable":true,"href":"https:\/\/vetathome.se\/en\/wp-json\/wp\/v2\/users\/1"}],"replies":[{"embeddable":true,"href":"https:\/\/vetathome.se\/en\/wp-json\/wp\/v2\/comments?post=1446"}],"version-history":[{"count":7,"href":"https:\/\/vetathome.se\/en\/wp-json\/wp\/v2\/pages\/1446\/revisions"}],"predecessor-version":[{"id":1454,"href":"https:\/\/vetathome.se\/en\/wp-json\/wp\/v2\/pages\/1446\/revisions\/1454"}],"up":[{"embeddable":true,"href":"https:\/\/vetathome.se\/en\/wp-json\/wp\/v2\/pages\/1005"}],"wp:featuredmedia":[{"embeddable":true,"href":"https:\/\/vetathome.se\/en\/wp-json\/wp\/v2\/media\/127"}],"wp:attachment":[{"href":"https:\/\/vetathome.se\/en\/wp-json\/wp\/v2\/media?parent=1446"}],"curies":[{"name":"wp","href":"https:\/\/api.w.org\/{rel}","templated":true}]}}