{"id":1318,"date":"2024-11-12T15:32:30","date_gmt":"2024-11-12T15:32:30","guid":{"rendered":"https:\/\/vetathome.acrowd.se\/?page_id=1318"},"modified":"2025-12-10T13:42:17","modified_gmt":"2025-12-10T12:42:17","slug":"tack-for-din-anmalan","status":"publish","type":"page","link":"https:\/\/vetathome.se\/en\/tack-for-din-anmalan\/","title":{"rendered":"Tack f\u00f6r din anm\u00e4lan"},"content":{"rendered":"<div data-elementor-type=\"wp-page\" data-elementor-id=\"1318\" class=\"elementor elementor-1318\" data-elementor-post-type=\"page\">\n\t\t\t\t<div class=\"elementor-element elementor-element-2560bfd e-flex e-con-boxed e-con e-parent\" data-id=\"2560bfd\" data-element_type=\"container\" data-e-type=\"container\" data-settings=\"{&quot;background_background&quot;:&quot;classic&quot;}\">\n\t\t\t\t\t<div class=\"e-con-inner\">\n\t\t\t\t<div class=\"elementor-element elementor-element-7707d18 elementor-widget elementor-widget-image\" data-id=\"7707d18\" data-element_type=\"widget\" data-e-type=\"widget\" data-widget_type=\"image.default\">\n\t\t\t\t\t\t\t\t\t\t\t\t\t\t\t\t<a href=\"https:\/\/vetathome.se\/en\">\n\t\t\t\t\t\t\t<img decoding=\"async\" width=\"158\" height=\"28\" src=\"https:\/\/vetathome.se\/wp-content\/uploads\/2024\/10\/VetAtHome_Logotyp_1.svg\" class=\"attachment-full size-full wp-image-49\" alt=\"Logotyp\" \/>\t\t\t\t\t\t\t\t<\/a>\n\t\t\t\t\t\t\t\t\t\t\t\t\t\t\t<\/div>\n\t\t\t\t\t<\/div>\n\t\t\t\t<\/div>\n\t\t<div class=\"elementor-element elementor-element-c9c428c e-flex e-con-boxed e-con e-parent\" data-id=\"c9c428c\" data-element_type=\"container\" data-e-type=\"container\" data-settings=\"{&quot;background_background&quot;:&quot;classic&quot;}\">\n\t\t\t\t\t<div class=\"e-con-inner\">\n\t\t<div class=\"elementor-element elementor-element-d417a36 e-con-full e-flex e-con e-child\" data-id=\"d417a36\" data-element_type=\"container\" data-e-type=\"container\">\n\t\t\t\t<div class=\"elementor-element elementor-element-c4eb1f4 elementor-widget elementor-widget-heading\" data-id=\"c4eb1f4\" data-element_type=\"widget\" data-e-type=\"widget\" data-widget_type=\"heading.default\">\n\t\t\t\t\t<h1 class=\"elementor-heading-title elementor-size-default\">Thank you for your registration!<\/h1>\t\t\t\t<\/div>\n\t\t\t\t<div class=\"elementor-element elementor-element-997fec6 elementor-align-center elementor-widget elementor-widget-button\" data-id=\"997fec6\" data-element_type=\"widget\" data-e-type=\"widget\" data-widget_type=\"button.default\">\n\t\t\t\t\t\t\t\t\t\t<a class=\"elementor-button elementor-button-link elementor-size-sm\" href=\"https:\/\/vetathome.se\/en\">\n\t\t\t\t\t\t<span class=\"elementor-button-content-wrapper\">\n\t\t\t\t\t\t\t\t\t<span class=\"elementor-button-text\">Go to the home page<\/span>\n\t\t\t\t\t<\/span>\n\t\t\t\t\t<\/a>\n\t\t\t\t\t\t\t\t<\/div>\n\t\t\t\t<\/div>\n\t\t\t\t\t<\/div>\n\t\t\t\t<\/div>\n\t\t<div class=\"elementor-element elementor-element-5c75016 e-flex e-con-boxed e-con e-parent\" data-id=\"5c75016\" data-element_type=\"container\" data-e-type=\"container\" data-settings=\"{&quot;background_background&quot;:&quot;classic&quot;}\">\n\t\t\t\t\t<div class=\"e-con-inner\">\n\t\t<div class=\"elementor-element elementor-element-9833d2b e-con-full e-flex e-con e-child\" data-id=\"9833d2b\" data-element_type=\"container\" data-e-type=\"container\">\n\t\t\t\t<div class=\"elementor-element elementor-element-d146ac2 elementor-widget elementor-widget-image\" data-id=\"d146ac2\" data-element_type=\"widget\" data-e-type=\"widget\" data-widget_type=\"image.default\">\n\t\t\t\t\t\t\t\t\t\t\t\t\t\t\t<img decoding=\"async\" width=\"158\" height=\"28\" src=\"https:\/\/vetathome.se\/wp-content\/uploads\/2024\/10\/VetAtHome_Logotyp_Rosa.svg\" class=\"attachment-large size-large wp-image-91\" alt=\"Logotyp\" \/>\t\t\t\t\t\t\t\t\t\t\t\t\t\t\t<\/div>\n\t\t\t\t<div class=\"elementor-element elementor-element-d277af3 elementor-widget elementor-widget-text-editor\" data-id=\"d277af3\" data-element_type=\"widget\" data-e-type=\"widget\" data-widget_type=\"text-editor.default\">\n\t\t\t\t\t\t\t\t\t<p>A digiphysical platform for home visits by veterinarians. We work to create safer and more personalized care in ways that focus on the needs of animals and owners.<\/p>\t\t\t\t\t\t\t\t<\/div>\n\t\t<div class=\"elementor-element elementor-element-c13f338 e-con-full e-flex e-con e-child\" data-id=\"c13f338\" data-element_type=\"container\" data-e-type=\"container\">\n\t\t\t\t<div class=\"elementor-element elementor-element-76853ec elementor-mobile-align-center elementor-icon-list--layout-traditional elementor-list-item-link-full_width elementor-widget elementor-widget-icon-list\" data-id=\"76853ec\" data-element_type=\"widget\" data-e-type=\"widget\" data-widget_type=\"icon-list.default\">\n\t\t\t\t\t\t\t<ul class=\"elementor-icon-list-items\">\n\t\t\t\t\t\t\t<li class=\"elementor-icon-list-item\">\n\t\t\t\t\t\t\t\t\t\t\t<a href=\"https:\/\/vetathome.se\/en\/om-oss\/\">\n\n\t\t\t\t\t\t\t\t\t\t\t<span class=\"elementor-icon-list-text\">About us<\/span>\n\t\t\t\t\t\t\t\t\t\t\t<\/a>\n\t\t\t\t\t\t\t\t\t<\/li>\n\t\t\t\t\t\t\t\t<li class=\"elementor-icon-list-item\">\n\t\t\t\t\t\t\t\t\t\t\t<a href=\"https:\/\/vetathome.se\/en\/support\/fragor-och-svar\/\">\n\n\t\t\t\t\t\t\t\t\t\t\t<span class=\"elementor-icon-list-text\">Questions &amp; Answers<\/span>\n\t\t\t\t\t\t\t\t\t\t\t<\/a>\n\t\t\t\t\t\t\t\t\t<\/li>\n\t\t\t\t\t\t\t\t<li class=\"elementor-icon-list-item\">\n\t\t\t\t\t\t\t\t\t\t\t<a href=\"https:\/\/vetathome.se\/en\/support\/\">\n\n\t\t\t\t\t\t\t\t\t\t\t<span class=\"elementor-icon-list-text\">Support<\/span>\n\t\t\t\t\t\t\t\t\t\t\t<\/a>\n\t\t\t\t\t\t\t\t\t<\/li>\n\t\t\t\t\t\t<\/ul>\n\t\t\t\t\t\t<\/div>\n\t\t\t\t<div class=\"elementor-element elementor-element-91e3884 elementor-mobile-align-center elementor-icon-list--layout-traditional elementor-list-item-link-full_width elementor-widget elementor-widget-icon-list\" data-id=\"91e3884\" data-element_type=\"widget\" data-e-type=\"widget\" data-widget_type=\"icon-list.default\">\n\t\t\t\t\t\t\t<ul class=\"elementor-icon-list-items\">\n\t\t\t\t\t\t\t<li class=\"elementor-icon-list-item\">\n\t\t\t\t\t\t\t\t\t\t<span class=\"elementor-icon-list-text\">Terms of Use<\/span>\n\t\t\t\t\t\t\t\t\t<\/li>\n\t\t\t\t\t\t\t\t<li class=\"elementor-icon-list-item\">\n\t\t\t\t\t\t\t\t\t\t<span class=\"elementor-icon-list-text\">Privacy Policy<\/span>\n\t\t\t\t\t\t\t\t\t<\/li>\n\t\t\t\t\t\t\t\t<li class=\"elementor-icon-list-item\">\n\t\t\t\t\t\t\t\t\t\t<span class=\"elementor-icon-list-text\">Cookies<\/span>\n\t\t\t\t\t\t\t\t\t<\/li>\n\t\t\t\t\t\t<\/ul>\n\t\t\t\t\t\t<\/div>\n\t\t\t\t<\/div>\n\t\t\t\t<\/div>\n\t\t<div class=\"elementor-element elementor-element-7af8053 e-con-full e-flex e-con e-child\" data-id=\"7af8053\" data-element_type=\"container\" data-e-type=\"container\">\n\t\t\t\t<div class=\"elementor-element elementor-element-271f1f9 elementor-widget elementor-widget-text-editor\" data-id=\"271f1f9\" data-element_type=\"widget\" data-e-type=\"widget\" data-widget_type=\"text-editor.default\">\n\t\t\t\t\t\t\t\t\tContact us\t\t\t\t\t\t\t\t<\/div>\n\t\t\t\t<div class=\"elementor-element elementor-element-0e02a6a elementor-widget elementor-widget-heading\" data-id=\"0e02a6a\" data-element_type=\"widget\" data-e-type=\"widget\" data-widget_type=\"heading.default\">\n\t\t\t\t\t<div class=\"elementor-heading-title elementor-size-default\"><a href=\"mailto:Support@vetathome.se\">Support@vetathome.se<\/a><\/div>\t\t\t\t<\/div>\n\t\t\t\t<div class=\"elementor-element elementor-element-098ba04 elementor-widget elementor-widget-heading\" data-id=\"098ba04\" data-element_type=\"widget\" data-e-type=\"widget\" data-widget_type=\"heading.default\">\n\t\t\t\t\t<div class=\"elementor-heading-title elementor-size-default\"><a href=\"tel:08259968\">08-25 99 68<\/a><\/div>\t\t\t\t<\/div>\n\t\t\t\t<div class=\"elementor-element elementor-element-15fda62 elementor-widget elementor-widget-text-editor\" data-id=\"15fda62\" data-element_type=\"widget\" data-e-type=\"widget\" data-widget_type=\"text-editor.default\">\n\t\t\t\t\t\t\t\t\t<p>Customer service opening hours<br \/>Mon \u2013 Fri: 08:00 \u2013 16:30<br \/>Saturday: 09:00 \u2013 12:00 (veterinarian on duty until 16:00)<br \/>Sunday: Closed<\/p>\t\t\t\t\t\t\t\t<\/div>\n\t\t\t\t<div class=\"elementor-element elementor-element-5f8fc48 elementor-widget elementor-widget-text-editor\" data-id=\"5f8fc48\" data-element_type=\"widget\" data-e-type=\"widget\" data-widget_type=\"text-editor.default\">\n\t\t\t\t\t\t\t\t\t<p>VetAtHome<br \/>Kommend\u00f6rsgatan 16<br \/>114 48 Stockholm<\/p>\t\t\t\t\t\t\t\t<\/div>\n\t\t\t\t<\/div>\n\t\t\t\t\t<\/div>\n\t\t\t\t<\/div>\n\t\t\t\t<\/div>","protected":false},"excerpt":{"rendered":"<p>Tack f\u00f6r din anm\u00e4lan! G\u00e5 till startsidan En digifysisk plattform f\u00f6r hembes\u00f6k av veterin\u00e4rer. Vi jobbar f\u00f6r att skapa tryggare och mer personlig v\u00e5rd p\u00e5 s\u00e4tt som s\u00e4tter djuren och \u00e4garnas behov i fokus. Om oss Fr\u00e5gor &amp; svar Support Anv\u00e4ndarvillkor Integritetspolicy Cookies Kontakta oss Support@vetathome.se 08-25 99 68 Kundtj\u00e4nst \u00f6ppettiderM\u00e5n &#8211; Fre: 08:00 &#8211; [&hellip;]<\/p>","protected":false},"author":1,"featured_media":127,"parent":0,"menu_order":0,"comment_status":"closed","ping_status":"closed","template":"elementor_canvas","meta":{"_acf_changed":false,"content-type":"","footnotes":""},"class_list":["post-1318","page","type-page","status-publish","has-post-thumbnail","hentry"],"acf":[],"yoast_head":"<!-- This site is optimized with the Yoast SEO Premium plugin v26.6 (Yoast SEO v26.6) - https:\/\/yoast.com\/wordpress\/plugins\/seo\/ -->\n<title>Tack f\u00f6r din anm\u00e4lan | VetAtHome<\/title>\n<meta name=\"robots\" content=\"index, follow, max-snippet:-1, max-image-preview:large, max-video-preview:-1\" \/>\n<link rel=\"canonical\" href=\"https:\/\/vetathome.se\/en\/tack-for-din-anmalan\/\" \/>\n<meta property=\"og:locale\" content=\"en_US\" \/>\n<meta property=\"og:type\" content=\"article\" \/>\n<meta property=\"og:title\" content=\"Tack f\u00f6r din anm\u00e4lan\" \/>\n<meta property=\"og:description\" content=\"Tack f\u00f6r din anm\u00e4lan! G\u00e5 till startsidan En digifysisk plattform f\u00f6r hembes\u00f6k av veterin\u00e4rer. Vi jobbar f\u00f6r att skapa tryggare och mer personlig v\u00e5rd p\u00e5 s\u00e4tt som s\u00e4tter djuren och \u00e4garnas behov i fokus. Om oss Fr\u00e5gor &amp; svar Support Anv\u00e4ndarvillkor Integritetspolicy Cookies Kontakta oss Support@vetathome.se 08-25 99 68 Kundtj\u00e4nst \u00f6ppettiderM\u00e5n &#8211; Fre: 08:00 &#8211; [&hellip;]\" \/>\n<meta property=\"og:url\" content=\"https:\/\/vetathome.se\/en\/tack-for-din-anmalan\/\" \/>\n<meta property=\"og:site_name\" content=\"VetAtHome\" \/>\n<meta property=\"article:publisher\" content=\"https:\/\/www.facebook.com\/VetAtHome.se\" \/>\n<meta property=\"article:modified_time\" content=\"2025-12-10T12:42:17+00:00\" \/>\n<meta property=\"og:image\" content=\"https:\/\/vetathome.se\/wp-content\/uploads\/2024\/11\/Thumbnail.png\" \/>\n\t<meta property=\"og:image:width\" content=\"1920\" \/>\n\t<meta property=\"og:image:height\" content=\"1080\" \/>\n\t<meta property=\"og:image:type\" content=\"image\/png\" \/>\n<meta name=\"twitter:card\" content=\"summary_large_image\" \/>\n<meta name=\"twitter:label1\" content=\"Est. reading time\" \/>\n\t<meta name=\"twitter:data1\" content=\"1 minute\" \/>\n<script type=\"application\/ld+json\" class=\"yoast-schema-graph\">{\"@context\":\"https:\/\/schema.org\",\"@graph\":[{\"@type\":\"WebPage\",\"@id\":\"https:\/\/vetathome.se\/tack-for-din-anmalan\/\",\"url\":\"https:\/\/vetathome.se\/tack-for-din-anmalan\/\",\"name\":\"Tack f\u00f6r din anm\u00e4lan | VetAtHome\",\"isPartOf\":{\"@id\":\"https:\/\/vetathome.se\/#website\"},\"primaryImageOfPage\":{\"@id\":\"https:\/\/vetathome.se\/tack-for-din-anmalan\/#primaryimage\"},\"image\":{\"@id\":\"https:\/\/vetathome.se\/tack-for-din-anmalan\/#primaryimage\"},\"thumbnailUrl\":\"https:\/\/vetathome.se\/wp-content\/uploads\/2024\/11\/Thumbnail.png\",\"datePublished\":\"2024-11-12T15:32:30+00:00\",\"dateModified\":\"2025-12-10T12:42:17+00:00\",\"inLanguage\":\"en-US\",\"potentialAction\":[{\"@type\":\"ReadAction\",\"target\":[\"https:\/\/vetathome.se\/tack-for-din-anmalan\/\"]}]},{\"@type\":\"ImageObject\",\"inLanguage\":\"en-US\",\"@id\":\"https:\/\/vetathome.se\/tack-for-din-anmalan\/#primaryimage\",\"url\":\"https:\/\/vetathome.se\/wp-content\/uploads\/2024\/11\/Thumbnail.png\",\"contentUrl\":\"https:\/\/vetathome.se\/wp-content\/uploads\/2024\/11\/Thumbnail.png\",\"width\":1920,\"height\":1080,\"caption\":\"H\u00e4lsosam katt som f\u00e5r v\u00e5rd hemma av veterin\u00e4r fr\u00e5n VetAtHome.\"},{\"@type\":\"WebSite\",\"@id\":\"https:\/\/vetathome.se\/#website\",\"url\":\"https:\/\/vetathome.se\/\",\"name\":\"VetAtHome\",\"description\":\"Som ett vanligt veterin\u00e4rbes\u00f6k, fast hemma hos dig\",\"publisher\":{\"@id\":\"https:\/\/vetathome.se\/#organization\"},\"alternateName\":\"Vet at home\",\"potentialAction\":[{\"@type\":\"SearchAction\",\"target\":{\"@type\":\"EntryPoint\",\"urlTemplate\":\"https:\/\/vetathome.se\/?s={search_term_string}\"},\"query-input\":{\"@type\":\"PropertyValueSpecification\",\"valueRequired\":true,\"valueName\":\"search_term_string\"}}],\"inLanguage\":\"en-US\"},{\"@type\":\"Organization\",\"@id\":\"https:\/\/vetathome.se\/#organization\",\"name\":\"Vetathome\",\"alternateName\":\"Vet at home\",\"url\":\"https:\/\/vetathome.se\/\",\"logo\":{\"@type\":\"ImageObject\",\"inLanguage\":\"en-US\",\"@id\":\"https:\/\/vetathome.se\/#\/schema\/logo\/image\/\",\"url\":\"https:\/\/vetathome.se\/wp-content\/uploads\/2026\/01\/Favicon.png\",\"contentUrl\":\"https:\/\/vetathome.se\/wp-content\/uploads\/2026\/01\/Favicon.png\",\"width\":192,\"height\":192,\"caption\":\"Vetathome\"},\"image\":{\"@id\":\"https:\/\/vetathome.se\/#\/schema\/logo\/image\/\"},\"sameAs\":[\"https:\/\/www.facebook.com\/VetAtHome.se\",\"https:\/\/www.instagram.com\/vetathome.se\/\"],\"description\":\"VetAtHome \u00e4r en modern veterin\u00e4ritj\u00e4nst som kombinerar tryggheten med hembes\u00f6k med den fulla kapaciteten hos v\u00e4lutrustade djurkliniker. F\u00f6retaget erbjuder b\u00e5de hembes\u00f6k, bes\u00f6k p\u00e5 veterin\u00e4rmottagningar runt om i landet och avancerad djursjukv\u00e5rd p\u00e5 Djurkliniken \u00d6stermalm i Stockholm. Verksamheten finns i dag i bland annat Stockholm, Uppsala, G\u00f6teborg, Malm\u00f6 och Helsingborg med omnejd, vilket g\u00f6r det m\u00f6jligt f\u00f6r djur\u00e4gare att f\u00e5 kvalificerad v\u00e5rd d\u00e4r det passar dem b\u00e4st \u2013 hemma eller p\u00e5 klinik.\",\"legalName\":\"Aktiebolaget Djursjukv\u00e5rd i Sverige\",\"foundingDate\":\"2021-05-01\",\"numberOfEmployees\":{\"@type\":\"QuantitativeValue\",\"minValue\":\"11\",\"maxValue\":\"50\"}}]}<\/script>\n<!-- \/ Yoast SEO Premium plugin. -->","yoast_head_json":{"title":"Tack f\u00f6r din anm\u00e4lan | VetAtHome","robots":{"index":"index","follow":"follow","max-snippet":"max-snippet:-1","max-image-preview":"max-image-preview:large","max-video-preview":"max-video-preview:-1"},"canonical":"https:\/\/vetathome.se\/en\/tack-for-din-anmalan\/","og_locale":"en_US","og_type":"article","og_title":"Tack f\u00f6r din anm\u00e4lan","og_description":"Tack f\u00f6r din anm\u00e4lan! G\u00e5 till startsidan En digifysisk plattform f\u00f6r hembes\u00f6k av veterin\u00e4rer. Vi jobbar f\u00f6r att skapa tryggare och mer personlig v\u00e5rd p\u00e5 s\u00e4tt som s\u00e4tter djuren och \u00e4garnas behov i fokus. Om oss Fr\u00e5gor &amp; svar Support Anv\u00e4ndarvillkor Integritetspolicy Cookies Kontakta oss Support@vetathome.se 08-25 99 68 Kundtj\u00e4nst \u00f6ppettiderM\u00e5n &#8211; Fre: 08:00 &#8211; [&hellip;]","og_url":"https:\/\/vetathome.se\/en\/tack-for-din-anmalan\/","og_site_name":"VetAtHome","article_publisher":"https:\/\/www.facebook.com\/VetAtHome.se","article_modified_time":"2025-12-10T12:42:17+00:00","og_image":[{"width":1920,"height":1080,"url":"https:\/\/vetathome.se\/wp-content\/uploads\/2024\/11\/Thumbnail.png","type":"image\/png"}],"twitter_card":"summary_large_image","twitter_misc":{"Est. reading time":"1 minute"},"schema":{"@context":"https:\/\/schema.org","@graph":[{"@type":"WebPage","@id":"https:\/\/vetathome.se\/tack-for-din-anmalan\/","url":"https:\/\/vetathome.se\/tack-for-din-anmalan\/","name":"Tack f\u00f6r din anm\u00e4lan | VetAtHome","isPartOf":{"@id":"https:\/\/vetathome.se\/#website"},"primaryImageOfPage":{"@id":"https:\/\/vetathome.se\/tack-for-din-anmalan\/#primaryimage"},"image":{"@id":"https:\/\/vetathome.se\/tack-for-din-anmalan\/#primaryimage"},"thumbnailUrl":"https:\/\/vetathome.se\/wp-content\/uploads\/2024\/11\/Thumbnail.png","datePublished":"2024-11-12T15:32:30+00:00","dateModified":"2025-12-10T12:42:17+00:00","inLanguage":"en-US","potentialAction":[{"@type":"ReadAction","target":["https:\/\/vetathome.se\/tack-for-din-anmalan\/"]}]},{"@type":"ImageObject","inLanguage":"en-US","@id":"https:\/\/vetathome.se\/tack-for-din-anmalan\/#primaryimage","url":"https:\/\/vetathome.se\/wp-content\/uploads\/2024\/11\/Thumbnail.png","contentUrl":"https:\/\/vetathome.se\/wp-content\/uploads\/2024\/11\/Thumbnail.png","width":1920,"height":1080,"caption":"H\u00e4lsosam katt som f\u00e5r v\u00e5rd hemma av veterin\u00e4r fr\u00e5n VetAtHome."},{"@type":"WebSite","@id":"https:\/\/vetathome.se\/#website","url":"https:\/\/vetathome.se\/","name":"VetAtHome","description":"Like a regular vet visit, but in your home","publisher":{"@id":"https:\/\/vetathome.se\/#organization"},"alternateName":"Vet at home","potentialAction":[{"@type":"SearchAction","target":{"@type":"EntryPoint","urlTemplate":"https:\/\/vetathome.se\/?s={search_term_string}"},"query-input":{"@type":"PropertyValueSpecification","valueRequired":true,"valueName":"search_term_string"}}],"inLanguage":"en-US"},{"@type":"Organization","@id":"https:\/\/vetathome.se\/#organization","name":"Vetathome","alternateName":"Vet at home","url":"https:\/\/vetathome.se\/","logo":{"@type":"ImageObject","inLanguage":"en-US","@id":"https:\/\/vetathome.se\/#\/schema\/logo\/image\/","url":"https:\/\/vetathome.se\/wp-content\/uploads\/2026\/01\/Favicon.png","contentUrl":"https:\/\/vetathome.se\/wp-content\/uploads\/2026\/01\/Favicon.png","width":192,"height":192,"caption":"Vetathome"},"image":{"@id":"https:\/\/vetathome.se\/#\/schema\/logo\/image\/"},"sameAs":["https:\/\/www.facebook.com\/VetAtHome.se","https:\/\/www.instagram.com\/vetathome.se\/"],"description":"VetAtHome is a modern veterinary service that combines the security of home visits with the full capacity of well-equipped animal clinics. The company offers both home visits, visits to veterinary clinics around the country and advanced animal care at Djurkliniken \u00d6stermalm in Stockholm. The operations are currently located in Stockholm, Uppsala, Gothenburg, Malm\u00f6 and Helsingborg and the surrounding area, making it possible for pet owners to receive qualified care where it suits them best \u2013 at home or at a clinic.","legalName":"Aktiebolaget Djursjukv\u00e5rd i Sverige","foundingDate":"2021-05-01","numberOfEmployees":{"@type":"QuantitativeValue","minValue":"11","maxValue":"50"}}]}},"_links":{"self":[{"href":"https:\/\/vetathome.se\/en\/wp-json\/wp\/v2\/pages\/1318","targetHints":{"allow":["GET"]}}],"collection":[{"href":"https:\/\/vetathome.se\/en\/wp-json\/wp\/v2\/pages"}],"about":[{"href":"https:\/\/vetathome.se\/en\/wp-json\/wp\/v2\/types\/page"}],"author":[{"embeddable":true,"href":"https:\/\/vetathome.se\/en\/wp-json\/wp\/v2\/users\/1"}],"replies":[{"embeddable":true,"href":"https:\/\/vetathome.se\/en\/wp-json\/wp\/v2\/comments?post=1318"}],"version-history":[{"count":16,"href":"https:\/\/vetathome.se\/en\/wp-json\/wp\/v2\/pages\/1318\/revisions"}],"predecessor-version":[{"id":9809,"href":"https:\/\/vetathome.se\/en\/wp-json\/wp\/v2\/pages\/1318\/revisions\/9809"}],"wp:featuredmedia":[{"embeddable":true,"href":"https:\/\/vetathome.se\/en\/wp-json\/wp\/v2\/media\/127"}],"wp:attachment":[{"href":"https:\/\/vetathome.se\/en\/wp-json\/wp\/v2\/media?parent=1318"}],"curies":[{"name":"wp","href":"https:\/\/api.w.org\/{rel}","templated":true}]}}