{"id":11722,"date":"2026-03-31T18:58:11","date_gmt":"2026-03-31T17:58:11","guid":{"rendered":"https:\/\/vetathome.se\/?page_id=11722"},"modified":"2026-04-06T12:33:34","modified_gmt":"2026-04-06T11:33:34","slug":"tack","status":"publish","type":"page","link":"https:\/\/vetathome.se\/en\/kampanj-25-rabatt-hembesoket\/tack\/","title":{"rendered":"Tack"},"content":{"rendered":"<div data-elementor-type=\"wp-page\" data-elementor-id=\"11722\" class=\"elementor elementor-11722\" data-elementor-post-type=\"page\">\n\t\t\t\t<div class=\"elementor-element elementor-element-c40eece e-flex e-con-boxed e-con e-parent\" data-id=\"c40eece\" data-element_type=\"container\" data-e-type=\"container\" data-settings=\"{&quot;background_background&quot;:&quot;classic&quot;}\">\n\t\t\t\t\t<div class=\"e-con-inner\">\n\t\t\t\t<div class=\"elementor-element elementor-element-00d5dad elementor-view-stacked elementor-shape-circle elementor-widget elementor-widget-icon\" data-id=\"00d5dad\" data-element_type=\"widget\" data-e-type=\"widget\" data-widget_type=\"icon.default\">\n\t\t\t\t\t\t\t<div class=\"elementor-icon-wrapper\">\n\t\t\t<div class=\"elementor-icon\">\n\t\t\t<i aria-hidden=\"true\" class=\"material-icons md-check\" data-md-icon=\"check\"><\/i>\t\t\t<\/div>\n\t\t<\/div>\n\t\t\t\t\t\t<\/div>\n\t\t\t\t<div class=\"elementor-element elementor-element-dc23060 elementor-widget elementor-widget-heading\" data-id=\"dc23060\" data-element_type=\"widget\" data-e-type=\"widget\" data-widget_type=\"heading.default\">\n\t\t\t\t\t<h1 class=\"elementor-heading-title elementor-size-default\">Thank you for your registration!<\/h1>\t\t\t\t<\/div>\n\t\t\t\t<div class=\"elementor-element elementor-element-ec16a8e elementor-widget elementor-widget-text-editor\" data-id=\"ec16a8e\" data-element_type=\"widget\" data-e-type=\"widget\" data-widget_type=\"text-editor.default\">\n\t\t\t\t\t\t\t\t\t<p>Your discount code is on its way to your inbox.<\/p>\t\t\t\t\t\t\t\t<\/div>\n\t\t\t\t\t<\/div>\n\t\t\t\t<\/div>\n\t\t<div class=\"elementor-element elementor-element-50d0894 e-flex e-con-boxed e-con e-parent\" data-id=\"50d0894\" data-element_type=\"container\" data-e-type=\"container\" data-settings=\"{&quot;background_background&quot;:&quot;classic&quot;}\">\n\t\t\t\t\t<div class=\"e-con-inner\">\n\t\t<div class=\"elementor-element elementor-element-8fe780f e-con-full e-flex e-con e-child\" data-id=\"8fe780f\" data-element_type=\"container\" data-e-type=\"container\" data-settings=\"{&quot;background_background&quot;:&quot;classic&quot;}\">\n\t\t\t\t<div class=\"elementor-element elementor-element-feee958 elementor-widget elementor-widget-heading\" data-id=\"feee958\" data-element_type=\"widget\" data-e-type=\"widget\" data-widget_type=\"heading.default\">\n\t\t\t\t\t<div class=\"elementor-heading-title elementor-size-default\">What happens now?<\/div>\t\t\t\t<\/div>\n\t\t\t\t<div class=\"elementor-element elementor-element-cec31d4 elementor-position-inline-start elementor-mobile-position-inline-start elementor-view-default elementor-widget elementor-widget-icon-box\" data-id=\"cec31d4\" data-element_type=\"widget\" data-e-type=\"widget\" data-widget_type=\"icon-box.default\">\n\t\t\t\t\t\t\t<div class=\"elementor-icon-box-wrapper\">\n\n\t\t\t\t\t\t<div class=\"elementor-icon-box-icon\">\n\t\t\t\t<span  class=\"elementor-icon\">\n\t\t\t\t<svg xmlns=\"http:\/\/www.w3.org\/2000\/svg\" width=\"60\" height=\"60\" viewbox=\"0 0 24 24\"><circle cx=\"12\" cy=\"12\" r=\"10\" fill=\"#f3f0ff\"><\/circle><path d=\"M12.994 7.886c-.083-.777-1.008-1.16-1.617-.67l-.084.077-2 2-.083.094a1 1 0 0 0 0 1.226l.083.094.094.083a1 1 0 0 0 1.226 0l.094-.083.293-.293v5.586l.007.117a1 1 0 0 0 1.986 0l.007-.117v-8l-.006-.114z\" fill=\"#7C5CFC\"><\/path><\/svg>\t\t\t\t<\/span>\n\t\t\t<\/div>\n\t\t\t\n\t\t\t\t\t\t<div class=\"elementor-icon-box-content\">\n\n\t\t\t\t\t\t\t\t\t<p class=\"elementor-icon-box-title\">\n\t\t\t\t\t\t<span  >\n\t\t\t\t\t\t\tCheck your inbox.\t\t\t\t\t\t<\/span>\n\t\t\t\t\t<\/p>\n\t\t\t\t\n\t\t\t\t\t\t\t\t\t<p class=\"elementor-icon-box-description\">\n\t\t\t\t\t\tYou will receive an email with all the info on how to use your 25% discount.\t\t\t\t\t<\/p>\n\t\t\t\t\n\t\t\t<\/div>\n\t\t\t\n\t\t<\/div>\n\t\t\t\t\t\t<\/div>\n\t\t\t\t<div class=\"elementor-element elementor-element-468e4fd elementor-position-inline-start elementor-mobile-position-inline-start elementor-view-default elementor-widget elementor-widget-icon-box\" data-id=\"468e4fd\" data-element_type=\"widget\" data-e-type=\"widget\" data-widget_type=\"icon-box.default\">\n\t\t\t\t\t\t\t<div class=\"elementor-icon-box-wrapper\">\n\n\t\t\t\t\t\t<div class=\"elementor-icon-box-icon\">\n\t\t\t\t<span  class=\"elementor-icon\">\n\t\t\t\t<svg xmlns=\"http:\/\/www.w3.org\/2000\/svg\" width=\"60\" height=\"60\" viewbox=\"0 0 24 24\"><circle cx=\"12\" cy=\"12\" r=\"10\" fill=\"#f3f0ff\"><\/circle><path d=\"M13 7h-3l-.117.007a1 1 0 0 0 0 1.986l.117.007h3v2h-2l-.15.005a2 2 0 0 0-1.844 1.838l-.006.157v2l.005.15a2 2 0 0 0 1.838 1.844l.157.006h3l.117-.007a1 1 0 0 0 0-1.986l-.117-.007h-3v-2h2l.15-.005a2 2 0 0 0 1.844-1.838l.006-.157v-2l-.005-.15a2 2 0 0 0-1.838-1.844L13 7z\" fill=\"#7C5CFC\"><\/path><\/svg>\t\t\t\t<\/span>\n\t\t\t<\/div>\n\t\t\t\n\t\t\t\t\t\t<div class=\"elementor-icon-box-content\">\n\n\t\t\t\t\t\t\t\t\t<p class=\"elementor-icon-box-title\">\n\t\t\t\t\t\t<span  >\n\t\t\t\t\t\t\tBook your visit\t\t\t\t\t\t<\/span>\n\t\t\t\t\t<\/p>\n\t\t\t\t\n\t\t\t\t\t\t\t\t\t<p class=\"elementor-icon-box-description\">\n\t\t\t\t\t\tOur veterinarians come to your pet&#039;s home in a safe and stress-free environment. You can also visit one of our veterinary clinics in selected Arken Zoo and VetZoo stores.\t\t\t\t\t<\/p>\n\t\t\t\t\n\t\t\t<\/div>\n\t\t\t\n\t\t<\/div>\n\t\t\t\t\t\t<\/div>\n\t\t\t\t<div class=\"elementor-element elementor-element-343f9f8 elementor-position-inline-start elementor-mobile-position-inline-start elementor-view-default elementor-widget elementor-widget-icon-box\" data-id=\"343f9f8\" data-element_type=\"widget\" data-e-type=\"widget\" data-widget_type=\"icon-box.default\">\n\t\t\t\t\t\t\t<div class=\"elementor-icon-box-wrapper\">\n\n\t\t\t\t\t\t<div class=\"elementor-icon-box-icon\">\n\t\t\t\t<span  class=\"elementor-icon\">\n\t\t\t\t<svg xmlns=\"http:\/\/www.w3.org\/2000\/svg\" width=\"60\" height=\"60\" viewbox=\"0 0 24 24\"><circle cx=\"12\" cy=\"12\" r=\"10\" fill=\"#f3f0ff\"><\/circle><path d=\"M13 7h-2l-.15.005a2 2 0 0 0-1.85 1.995 1 1 0 0 0 1.974.23l.02-.113.006-.117h2v2h-2l-.133.007c-1.111.12-1.154 1.73-.128 1.965l.128.021.133.007h2v2h-2l-.007-.117a1 1 0 0 0-1.993.117 2 2 0 0 0 1.85 1.995l.15.005h2l.15-.005a2 2 0 0 0 1.844-1.838l.006-.157v-2l-.005-.15a1.988 1.988 0 0 0-.17-.667l-.075-.152-.019-.032.02-.03a2.01 2.01 0 0 0 .242-.795l.007-.174v-2l-.005-.15a2 2 0 0 0-1.838-1.844L13 7z\" fill=\"#7C5CFC\"><\/path><\/svg>\t\t\t\t<\/span>\n\t\t\t<\/div>\n\t\t\t\n\t\t\t\t\t\t<div class=\"elementor-icon-box-content\">\n\n\t\t\t\t\t\t\t\t\t<p class=\"elementor-icon-box-title\">\n\t\t\t\t\t\t<span  >\n\t\t\t\t\t\t\tUse the discount\t\t\t\t\t\t<\/span>\n\t\t\t\t\t<\/p>\n\t\t\t\t\n\t\t\t\t\t\t\t\t\t<p class=\"elementor-icon-box-description\">\n\t\t\t\t\t\tMention the code when booking and we&#039;ll take care of the rest.\t\t\t\t\t<\/p>\n\t\t\t\t\n\t\t\t<\/div>\n\t\t\t\n\t\t<\/div>\n\t\t\t\t\t\t<\/div>\n\t\t\t\t<\/div>\n\t\t\t\t\t<\/div>\n\t\t\t\t<\/div>\n\t\t<div class=\"elementor-element elementor-element-8ae4920 e-flex e-con-boxed e-con e-parent\" data-id=\"8ae4920\" data-element_type=\"container\" data-e-type=\"container\" data-settings=\"{&quot;background_background&quot;:&quot;classic&quot;}\">\n\t\t\t\t\t<div class=\"e-con-inner\">\n\t\t\t\t<div class=\"elementor-element elementor-element-21a828c elementor-align-center elementor-widget elementor-widget-button\" data-id=\"21a828c\" data-element_type=\"widget\" data-e-type=\"widget\" data-widget_type=\"button.default\">\n\t\t\t\t\t\t\t\t\t\t<a class=\"elementor-button elementor-button-link elementor-size-sm\" href=\"https:\/\/vetathome.se\/en\/boka-tid\/\">\n\t\t\t\t\t\t<span class=\"elementor-button-content-wrapper\">\n\t\t\t\t\t\t\t\t\t<span class=\"elementor-button-text\">Book a home visit now<\/span>\n\t\t\t\t\t<\/span>\n\t\t\t\t\t<\/a>\n\t\t\t\t\t\t\t\t<\/div>\n\t\t\t\t<div class=\"elementor-element elementor-element-fc1638a elementor-align-center elementor-icon-list--layout-traditional elementor-list-item-link-full_width elementor-widget elementor-widget-icon-list\" data-id=\"fc1638a\" data-element_type=\"widget\" data-e-type=\"widget\" data-widget_type=\"icon-list.default\">\n\t\t\t\t\t\t\t<ul class=\"elementor-icon-list-items\">\n\t\t\t\t\t\t\t<li class=\"elementor-icon-list-item\">\n\t\t\t\t\t\t\t\t\t\t\t<span class=\"elementor-icon-list-icon\">\n\t\t\t\t\t\t\t<svg xmlns=\"http:\/\/www.w3.org\/2000\/svg\" width=\"33\" height=\"33\" viewbox=\"0 0 33 33\" fill=\"none\"><g clip-path=\"url(#clip0_28_468)\"><path d=\"M33 0H0V33H33V0Z\" fill=\"#F5EAFB\"><\/path><path d=\"M24.0566 19.4082C26.8405 22.9978 20.625 22.7741 18.4802 23.365C16.3354 23.956 11.6346 27.3687 11.6642 22.8227C11.6736 21.3786 12.4039 20.4519 12.6948 19.3923C13.3195 17.1162 13.6103 15.5096 16.1249 14.8167C18.6072 14.1327 19.468 15.4778 21.1576 17.0606C21.9765 17.8276 23.1479 18.2366 24.0566 19.4082Z\" fill=\"#CC96FA\"><\/path><path d=\"M20.8626 10.9822C21.0686 12.4982 20.2257 13.8644 18.98 14.0337C17.7342 14.203 16.5573 13.1113 16.3513 11.5952C16.1453 10.0792 16.9882 8.71296 18.234 8.54367C19.4797 8.37438 20.6566 9.46619 20.8626 10.9822Z\" fill=\"#CC96FA\"><\/path><path d=\"M25.6518 14.7539C25.9117 16.1374 25.2812 17.4168 24.2437 17.6117C23.2061 17.8067 22.1543 16.8432 21.8945 15.4598C21.6345 14.0764 22.2649 12.7969 23.3025 12.602C24.3401 12.407 25.3918 13.3705 25.6518 14.7539Z\" fill=\"#CC96FA\"><\/path><path d=\"M14.7431 11.8467C15.1861 13.6256 14.4636 15.337 13.1294 15.6692C11.7952 16.0014 10.3546 14.8286 9.91158 13.0497C9.46867 11.2707 10.1911 9.55937 11.5253 9.22717C12.8595 8.89497 14.3002 10.0677 14.7431 11.8467Z\" fill=\"#CC96FA\"><\/path><path d=\"M10.4295 17.7001C11.1419 18.9141 10.9813 20.3314 10.0708 20.8657C9.16023 21.4 7.84463 20.849 7.13222 19.6349C6.41986 18.4209 6.58046 17.0036 7.49098 16.4693C8.40151 15.935 9.71716 16.4861 10.4295 17.7001Z\" fill=\"#CC96FA\"><\/path><\/g><defs><clippath id=\"clip0_28_468\"><rect width=\"33\" height=\"33\" rx=\"5\" fill=\"white\"><\/rect><\/clippath><\/defs><\/svg>\t\t\t\t\t\t<\/span>\n\t\t\t\t\t\t\t\t\t\t<span class=\"elementor-icon-list-text\">We donate 1 SEK to the Hundstallet for each registration.<\/span>\n\t\t\t\t\t\t\t\t\t<\/li>\n\t\t\t\t\t\t<\/ul>\n\t\t\t\t\t\t<\/div>\n\t\t\t\t\t<\/div>\n\t\t\t\t<\/div>\n\t\t\t\t<\/div>","protected":false},"excerpt":{"rendered":"<p>Tack for din registrering! Din rabattkod \u00e4r p\u00e5 v\u00e4g till din inkorg. Vad h\u00e4nder nu? Kolla din inkorg Du f\u00e5r ett mail med all info om hur du anv\u00e4nder din 25% rabatt. Boka ditt bes\u00f6k V\u00e5ra veterin\u00e4rer kommer hem till ditt djur i en trygg och stressfri milj\u00f6. Du kan \u00e4ven bes\u00f6ka n\u00e5gon av v\u00e5ra [&hellip;]<\/p>","protected":false},"author":1,"featured_media":0,"parent":11036,"menu_order":0,"comment_status":"closed","ping_status":"closed","template":"","meta":{"_acf_changed":false,"content-type":"","footnotes":""},"class_list":["post-11722","page","type-page","status-publish","hentry"],"acf":[],"yoast_head":"<!-- This site is optimized with the Yoast SEO Premium plugin v26.6 (Yoast SEO v26.6) - https:\/\/yoast.com\/wordpress\/plugins\/seo\/ -->\n<title>Tack | VetAtHome<\/title>\n<meta name=\"robots\" content=\"index, follow, max-snippet:-1, max-image-preview:large, max-video-preview:-1\" \/>\n<link rel=\"canonical\" href=\"https:\/\/vetathome.se\/en\/kampanj-25-rabatt-hembesoket\/tack\/\" \/>\n<meta property=\"og:locale\" content=\"en_US\" \/>\n<meta property=\"og:type\" content=\"article\" \/>\n<meta property=\"og:title\" content=\"Tack\" \/>\n<meta property=\"og:description\" content=\"Tack for din registrering! Din rabattkod \u00e4r p\u00e5 v\u00e4g till din inkorg. Vad h\u00e4nder nu? Kolla din inkorg Du f\u00e5r ett mail med all info om hur du anv\u00e4nder din 25% rabatt. Boka ditt bes\u00f6k V\u00e5ra veterin\u00e4rer kommer hem till ditt djur i en trygg och stressfri milj\u00f6. Du kan \u00e4ven bes\u00f6ka n\u00e5gon av v\u00e5ra [&hellip;]\" \/>\n<meta property=\"og:url\" content=\"https:\/\/vetathome.se\/en\/kampanj-25-rabatt-hembesoket\/tack\/\" \/>\n<meta property=\"og:site_name\" content=\"VetAtHome\" \/>\n<meta property=\"article:publisher\" content=\"https:\/\/www.facebook.com\/VetAtHome.se\" \/>\n<meta property=\"article:modified_time\" content=\"2026-04-06T11:33:34+00:00\" \/>\n<meta property=\"og:image\" content=\"https:\/\/vetathome.se\/wp-content\/uploads\/2024\/11\/Thumbnail.png\" \/>\n\t<meta property=\"og:image:width\" content=\"1920\" \/>\n\t<meta property=\"og:image:height\" content=\"1080\" \/>\n\t<meta property=\"og:image:type\" content=\"image\/png\" \/>\n<meta name=\"twitter:card\" content=\"summary_large_image\" \/>\n<meta name=\"twitter:label1\" content=\"Est. reading time\" \/>\n\t<meta name=\"twitter:data1\" content=\"1 minute\" \/>\n<script type=\"application\/ld+json\" class=\"yoast-schema-graph\">{\"@context\":\"https:\/\/schema.org\",\"@graph\":[{\"@type\":\"WebPage\",\"@id\":\"https:\/\/vetathome.se\/kampanj-25-rabatt-hembesoket\/tack\/\",\"url\":\"https:\/\/vetathome.se\/kampanj-25-rabatt-hembesoket\/tack\/\",\"name\":\"Tack | VetAtHome\",\"isPartOf\":{\"@id\":\"https:\/\/vetathome.se\/#website\"},\"datePublished\":\"2026-03-31T17:58:11+00:00\",\"dateModified\":\"2026-04-06T11:33:34+00:00\",\"breadcrumb\":{\"@id\":\"https:\/\/vetathome.se\/kampanj-25-rabatt-hembesoket\/tack\/#breadcrumb\"},\"inLanguage\":\"en-US\",\"potentialAction\":[{\"@type\":\"ReadAction\",\"target\":[\"https:\/\/vetathome.se\/kampanj-25-rabatt-hembesoket\/tack\/\"]}]},{\"@type\":\"BreadcrumbList\",\"@id\":\"https:\/\/vetathome.se\/kampanj-25-rabatt-hembesoket\/tack\/#breadcrumb\",\"itemListElement\":[{\"@type\":\"ListItem\",\"position\":1,\"name\":\"Kampanj 25% rabatt hembes\u00f6ket\",\"item\":\"https:\/\/vetathome.se\/kampanj-25-rabatt-hembesoket\/\"},{\"@type\":\"ListItem\",\"position\":2,\"name\":\"Tack\"}]},{\"@type\":\"WebSite\",\"@id\":\"https:\/\/vetathome.se\/#website\",\"url\":\"https:\/\/vetathome.se\/\",\"name\":\"VetAtHome\",\"description\":\"Som ett vanligt veterin\u00e4rbes\u00f6k, fast hemma hos dig\",\"publisher\":{\"@id\":\"https:\/\/vetathome.se\/#organization\"},\"alternateName\":\"Vet at home\",\"potentialAction\":[{\"@type\":\"SearchAction\",\"target\":{\"@type\":\"EntryPoint\",\"urlTemplate\":\"https:\/\/vetathome.se\/?s={search_term_string}\"},\"query-input\":{\"@type\":\"PropertyValueSpecification\",\"valueRequired\":true,\"valueName\":\"search_term_string\"}}],\"inLanguage\":\"en-US\"},{\"@type\":\"Organization\",\"@id\":\"https:\/\/vetathome.se\/#organization\",\"name\":\"Vetathome\",\"alternateName\":\"Vet at home\",\"url\":\"https:\/\/vetathome.se\/\",\"logo\":{\"@type\":\"ImageObject\",\"inLanguage\":\"en-US\",\"@id\":\"https:\/\/vetathome.se\/#\/schema\/logo\/image\/\",\"url\":\"https:\/\/vetathome.se\/wp-content\/uploads\/2026\/01\/Favicon.png\",\"contentUrl\":\"https:\/\/vetathome.se\/wp-content\/uploads\/2026\/01\/Favicon.png\",\"width\":192,\"height\":192,\"caption\":\"Vetathome\"},\"image\":{\"@id\":\"https:\/\/vetathome.se\/#\/schema\/logo\/image\/\"},\"sameAs\":[\"https:\/\/www.facebook.com\/VetAtHome.se\",\"https:\/\/www.instagram.com\/vetathome.se\/\"],\"description\":\"VetAtHome \u00e4r en modern veterin\u00e4ritj\u00e4nst som kombinerar tryggheten med hembes\u00f6k med den fulla kapaciteten hos v\u00e4lutrustade djurkliniker. F\u00f6retaget erbjuder b\u00e5de hembes\u00f6k, bes\u00f6k p\u00e5 veterin\u00e4rmottagningar runt om i landet och avancerad djursjukv\u00e5rd p\u00e5 Djurkliniken \u00d6stermalm i Stockholm. Verksamheten finns i dag i bland annat Stockholm, Uppsala, G\u00f6teborg, Malm\u00f6 och Helsingborg med omnejd, vilket g\u00f6r det m\u00f6jligt f\u00f6r djur\u00e4gare att f\u00e5 kvalificerad v\u00e5rd d\u00e4r det passar dem b\u00e4st \u2013 hemma eller p\u00e5 klinik.\",\"legalName\":\"Aktiebolaget Djursjukv\u00e5rd i Sverige\",\"foundingDate\":\"2021-05-01\",\"numberOfEmployees\":{\"@type\":\"QuantitativeValue\",\"minValue\":\"11\",\"maxValue\":\"50\"}}]}<\/script>\n<!-- \/ Yoast SEO Premium plugin. -->","yoast_head_json":{"title":"Tack | VetAtHome","robots":{"index":"index","follow":"follow","max-snippet":"max-snippet:-1","max-image-preview":"max-image-preview:large","max-video-preview":"max-video-preview:-1"},"canonical":"https:\/\/vetathome.se\/en\/kampanj-25-rabatt-hembesoket\/tack\/","og_locale":"en_US","og_type":"article","og_title":"Tack","og_description":"Tack for din registrering! Din rabattkod \u00e4r p\u00e5 v\u00e4g till din inkorg. Vad h\u00e4nder nu? Kolla din inkorg Du f\u00e5r ett mail med all info om hur du anv\u00e4nder din 25% rabatt. Boka ditt bes\u00f6k V\u00e5ra veterin\u00e4rer kommer hem till ditt djur i en trygg och stressfri milj\u00f6. Du kan \u00e4ven bes\u00f6ka n\u00e5gon av v\u00e5ra [&hellip;]","og_url":"https:\/\/vetathome.se\/en\/kampanj-25-rabatt-hembesoket\/tack\/","og_site_name":"VetAtHome","article_publisher":"https:\/\/www.facebook.com\/VetAtHome.se","article_modified_time":"2026-04-06T11:33:34+00:00","og_image":[{"width":1920,"height":1080,"url":"https:\/\/vetathome.se\/wp-content\/uploads\/2024\/11\/Thumbnail.png","type":"image\/png"}],"twitter_card":"summary_large_image","twitter_misc":{"Est. reading time":"1 minute"},"schema":{"@context":"https:\/\/schema.org","@graph":[{"@type":"WebPage","@id":"https:\/\/vetathome.se\/kampanj-25-rabatt-hembesoket\/tack\/","url":"https:\/\/vetathome.se\/kampanj-25-rabatt-hembesoket\/tack\/","name":"Tack | VetAtHome","isPartOf":{"@id":"https:\/\/vetathome.se\/#website"},"datePublished":"2026-03-31T17:58:11+00:00","dateModified":"2026-04-06T11:33:34+00:00","breadcrumb":{"@id":"https:\/\/vetathome.se\/kampanj-25-rabatt-hembesoket\/tack\/#breadcrumb"},"inLanguage":"en-US","potentialAction":[{"@type":"ReadAction","target":["https:\/\/vetathome.se\/kampanj-25-rabatt-hembesoket\/tack\/"]}]},{"@type":"BreadcrumbList","@id":"https:\/\/vetathome.se\/kampanj-25-rabatt-hembesoket\/tack\/#breadcrumb","itemListElement":[{"@type":"ListItem","position":1,"name":"Kampanj 25% rabatt hembes\u00f6ket","item":"https:\/\/vetathome.se\/kampanj-25-rabatt-hembesoket\/"},{"@type":"ListItem","position":2,"name":"Tack"}]},{"@type":"WebSite","@id":"https:\/\/vetathome.se\/#website","url":"https:\/\/vetathome.se\/","name":"VetAtHome","description":"Like a regular vet visit, but in your home","publisher":{"@id":"https:\/\/vetathome.se\/#organization"},"alternateName":"Vet at home","potentialAction":[{"@type":"SearchAction","target":{"@type":"EntryPoint","urlTemplate":"https:\/\/vetathome.se\/?s={search_term_string}"},"query-input":{"@type":"PropertyValueSpecification","valueRequired":true,"valueName":"search_term_string"}}],"inLanguage":"en-US"},{"@type":"Organization","@id":"https:\/\/vetathome.se\/#organization","name":"Vetathome","alternateName":"Vet at home","url":"https:\/\/vetathome.se\/","logo":{"@type":"ImageObject","inLanguage":"en-US","@id":"https:\/\/vetathome.se\/#\/schema\/logo\/image\/","url":"https:\/\/vetathome.se\/wp-content\/uploads\/2026\/01\/Favicon.png","contentUrl":"https:\/\/vetathome.se\/wp-content\/uploads\/2026\/01\/Favicon.png","width":192,"height":192,"caption":"Vetathome"},"image":{"@id":"https:\/\/vetathome.se\/#\/schema\/logo\/image\/"},"sameAs":["https:\/\/www.facebook.com\/VetAtHome.se","https:\/\/www.instagram.com\/vetathome.se\/"],"description":"VetAtHome is a modern veterinary service that combines the security of home visits with the full capacity of well-equipped animal clinics. The company offers both home visits, visits to veterinary clinics around the country and advanced animal care at Djurkliniken \u00d6stermalm in Stockholm. The operations are currently located in Stockholm, Uppsala, Gothenburg, Malm\u00f6 and Helsingborg and the surrounding area, making it possible for pet owners to receive qualified care where it suits them best \u2013 at home or at a clinic.","legalName":"Aktiebolaget Djursjukv\u00e5rd i Sverige","foundingDate":"2021-05-01","numberOfEmployees":{"@type":"QuantitativeValue","minValue":"11","maxValue":"50"}}]}},"_links":{"self":[{"href":"https:\/\/vetathome.se\/en\/wp-json\/wp\/v2\/pages\/11722","targetHints":{"allow":["GET"]}}],"collection":[{"href":"https:\/\/vetathome.se\/en\/wp-json\/wp\/v2\/pages"}],"about":[{"href":"https:\/\/vetathome.se\/en\/wp-json\/wp\/v2\/types\/page"}],"author":[{"embeddable":true,"href":"https:\/\/vetathome.se\/en\/wp-json\/wp\/v2\/users\/1"}],"replies":[{"embeddable":true,"href":"https:\/\/vetathome.se\/en\/wp-json\/wp\/v2\/comments?post=11722"}],"version-history":[{"count":47,"href":"https:\/\/vetathome.se\/en\/wp-json\/wp\/v2\/pages\/11722\/revisions"}],"predecessor-version":[{"id":11815,"href":"https:\/\/vetathome.se\/en\/wp-json\/wp\/v2\/pages\/11722\/revisions\/11815"}],"up":[{"embeddable":true,"href":"https:\/\/vetathome.se\/en\/wp-json\/wp\/v2\/pages\/11036"}],"wp:attachment":[{"href":"https:\/\/vetathome.se\/en\/wp-json\/wp\/v2\/media?parent=11722"}],"curies":[{"name":"wp","href":"https:\/\/api.w.org\/{rel}","templated":true}]}}