{"id":1112,"date":"2024-11-11T15:33:15","date_gmt":"2024-11-11T15:33:15","guid":{"rendered":"https:\/\/vetathome.acrowd.se\/?page_id=1112"},"modified":"2025-03-13T16:51:04","modified_gmt":"2025-03-13T16:51:04","slug":"utraljud","status":"publish","type":"page","link":"https:\/\/vetathome.se\/en\/djurkliniken-ostermalm\/utraljud\/","title":{"rendered":"Ultrasound"},"content":{"rendered":"<div data-elementor-type=\"wp-page\" data-elementor-id=\"1112\" class=\"elementor elementor-1112\" data-elementor-post-type=\"page\">\n\t\t\t\t<div class=\"elementor-element elementor-element-12f8ede e-flex e-con-boxed e-con e-parent\" data-id=\"12f8ede\" data-element_type=\"container\" data-e-type=\"container\" data-settings=\"{&quot;background_background&quot;:&quot;classic&quot;}\">\n\t\t\t\t\t<div class=\"e-con-inner\">\n\t\t\t\t<div class=\"elementor-element elementor-element-3b73e72 elementor-widget elementor-widget-breadcrumbs\" data-id=\"3b73e72\" data-element_type=\"widget\" data-e-type=\"widget\" data-widget_type=\"breadcrumbs.default\">\n\t\t\t\t\t<p id=\"breadcrumbs\"><\/p>\t\t\t\t<\/div>\n\t\t\t\t\t<\/div>\n\t\t\t\t<\/div>\n\t\t<div class=\"elementor-element elementor-element-3b49ff0 e-flex e-con-boxed e-con e-parent\" data-id=\"3b49ff0\" data-element_type=\"container\" data-e-type=\"container\" data-settings=\"{&quot;background_background&quot;:&quot;classic&quot;}\">\n\t\t\t\t\t<div class=\"e-con-inner\">\n\t\t<div class=\"elementor-element elementor-element-bc26c60 e-con-full e-flex e-con e-child\" data-id=\"bc26c60\" data-element_type=\"container\" data-e-type=\"container\">\n\t\t\t\t<div class=\"elementor-element elementor-element-4689c35 elementor-widget elementor-widget-heading\" data-id=\"4689c35\" data-element_type=\"widget\" data-e-type=\"widget\" data-widget_type=\"heading.default\">\n\t\t\t\t\t<h1 class=\"elementor-heading-title elementor-size-default\">Ultrasound<\/h1>\t\t\t\t<\/div>\n\t\t\t\t<div class=\"elementor-element elementor-element-59535e6 elementor-widget elementor-widget-text-editor\" data-id=\"59535e6\" data-element_type=\"widget\" data-e-type=\"widget\" data-widget_type=\"text-editor.default\">\n\t\t\t\t\t\t\t\t\t<div class=\"large-paragraph w-richtext\"><div class=\"large-paragraph w-richtext\"><p>Ultrasound is an advanced imaging technique used in veterinary medicine to examine internal organs, soft tissues, and blood vessels. Ultrasound is particularly useful for assessing organs such as the liver, kidneys, heart, and uterus, as well as diagnosing problems such as swelling, lumps, or other changes in the body&#039;s soft tissues. It is also a painless and safe alternative to more invasive examinations.<\/p><\/div><\/div>\t\t\t\t\t\t\t\t<\/div>\n\t\t\t\t<div class=\"elementor-element elementor-element-5d9fd2d elementor-align-left elementor-widget elementor-widget-button\" data-id=\"5d9fd2d\" data-element_type=\"widget\" data-e-type=\"widget\" data-widget_type=\"button.default\">\n\t\t\t\t\t\t\t\t\t\t<a class=\"elementor-button elementor-button-link elementor-size-sm\" href=\"https:\/\/provetcloud.com\/5790\/onlinebooking\/?department=2&#038;lang=sv\">\n\t\t\t\t\t\t<span class=\"elementor-button-content-wrapper\">\n\t\t\t\t\t\t\t\t\t<span class=\"elementor-button-text\">Book an ultrasound<\/span>\n\t\t\t\t\t<\/span>\n\t\t\t\t\t<\/a>\n\t\t\t\t\t\t\t\t<\/div>\n\t\t\t\t<\/div>\n\t\t<div class=\"elementor-element elementor-element-45ec4cc e-con-full e-flex e-con e-child\" data-id=\"45ec4cc\" data-element_type=\"container\" data-e-type=\"container\" data-settings=\"{&quot;background_background&quot;:&quot;classic&quot;}\">\n\t\t\t\t<\/div>\n\t\t\t\t\t<\/div>\n\t\t\t\t<\/div>\n\t\t<div class=\"elementor-element elementor-element-48a44e0 e-flex e-con-boxed e-con e-parent\" data-id=\"48a44e0\" data-element_type=\"container\" data-e-type=\"container\" data-settings=\"{&quot;background_background&quot;:&quot;classic&quot;}\">\n\t\t\t\t\t<div class=\"e-con-inner\">\n\t\t<div class=\"elementor-element elementor-element-a5c444c e-con-full e-flex e-con e-child\" data-id=\"a5c444c\" data-element_type=\"container\" data-e-type=\"container\">\n\t\t\t\t<div class=\"elementor-element elementor-element-b1320fa elementor-widget elementor-widget-text-editor\" data-id=\"b1320fa\" data-element_type=\"widget\" data-e-type=\"widget\" data-widget_type=\"text-editor.default\">\n\t\t\t\t\t\t\t\t\t<h2>How ultrasound works<\/h2><p><span style=\"font-weight: 400;\">Ultrasound works by sending out high-frequency sound waves and reflecting them back from the body&#039;s tissues. These echoes are recorded by a transducer, and a computer converts the signals into an image that is displayed on a screen. It is a particularly good tool for examining soft tissue, but is less effective for assessing bones or lungs.<\/span><\/p><h2><b><br \/><\/b>Preparation and implementation<\/h2><p><span style=\"font-weight: 400;\">Before an ultrasound examination, the animal should be fasted for a few hours to ensure a clear image. In some cases, especially for abdominal examinations, the dog may need to be rested or given a sedative to keep him still. During the examination itself, the fur is usually shaved away where the sound waves will pass, and gel or alcohol is used to improve contact between the skin and the transducer. Ultrasound is a safe and risk-free method, making it a popular choice in veterinary care.<\/span><\/p><h2><b><br \/><\/b>Specific ultrasound examinations<\/h2><p><b>Cardiac ultrasound<\/b><span style=\"font-weight: 400;\"> measures blood flow in the heart&#039;s atria, ventricles, and blood vessels, and assesses heart function and causes of murmurs. It is also used to screen for heart diseases such as hypertrophic cardiomyopathy in cats.<\/span><\/p><p><b>Abdominal ultrasound<\/b><span style=\"font-weight: 400;\"> identifies urinary stones, cysts and other changes in organs such as the kidneys and liver. The animal is often sedated and should be fasted prior to the examination.<\/span><\/p><p><b>Pregnancy ultrasound<\/b><span style=\"font-weight: 400;\"> confirms pregnancy from day 21 after mating, but for best results, examination from day 28 is recommended.<\/span><\/p><p><span style=\"font-weight: 400;\">Please do not hesitate to contact us if you have any questions or if you would like to book an appointment for an ultrasound examination.<\/span><\/p>\t\t\t\t\t\t\t\t<\/div>\n\t\t\t\t<\/div>\n\t\t<div class=\"elementor-element elementor-element-fdf93bc e-con-full e-flex e-con e-child\" data-id=\"fdf93bc\" data-element_type=\"container\" data-e-type=\"container\">\n\t\t<div class=\"elementor-element elementor-element-cc28691 e-con-full e-flex e-con e-child\" data-id=\"cc28691\" data-element_type=\"container\" data-e-type=\"container\" data-settings=\"{&quot;background_background&quot;:&quot;classic&quot;,&quot;sticky&quot;:&quot;top&quot;,&quot;sticky_offset&quot;:120,&quot;sticky_parent&quot;:&quot;yes&quot;,&quot;sticky_on&quot;:[&quot;widescreen&quot;,&quot;desktop&quot;,&quot;tablet&quot;],&quot;sticky_effects_offset&quot;:0,&quot;sticky_anchor_link_offset&quot;:0}\">\n\t\t<div class=\"elementor-element elementor-element-c0a4787 e-con-full e-flex e-con e-child\" data-id=\"c0a4787\" data-element_type=\"container\" data-e-type=\"container\">\n\t\t\t\t<div class=\"elementor-element elementor-element-6314bbc elementor-widget elementor-widget-image\" data-id=\"6314bbc\" data-element_type=\"widget\" data-e-type=\"widget\" data-widget_type=\"image.default\">\n\t\t\t\t\t\t\t\t\t\t\t\t\t\t\t<img decoding=\"async\" width=\"121\" height=\"24\" src=\"https:\/\/vetathome.se\/wp-content\/uploads\/2024\/11\/Stjarnor.svg\" class=\"attachment-large size-large wp-image-217\" alt=\"stj\u00e4rnor\" \/>\t\t\t\t\t\t\t\t\t\t\t\t\t\t\t<\/div>\n\t\t\t\t<div class=\"elementor-element elementor-element-1df7444 elementor-widget elementor-widget-heading\" data-id=\"1df7444\" data-element_type=\"widget\" data-e-type=\"widget\" data-widget_type=\"heading.default\">\n\t\t\t\t\t<div class=\"elementor-heading-title elementor-size-default\"><a href=\"https:\/\/www.google.com\/search?sca_esv=09512e95f169fbdf&#038;rlz=1C5CHFA_enSE984SE987&#038;q=vetathome&#038;uds=ADvngMiphRKqaz0cJlpMl1qvqqiUXjlOBG83uNswOiqBW1LKR8W2aETYBfTALoYHv4jE167mz6AKYZPqofjYE-Fo6wgZH4zkg3rqACJdcxB7UIXc1q9LDdU&#038;si=ACC90nwjPmqJHrCEt6ewASzksVFQDX8zco_7MgBaIawvaF4-7rj6M6FV6WYBYL6pZOK72kMj4nQX9cYzu9q7yFkk3bYQrPvgjWn-OYeGWVNz6eUg4ANHYPQ%3D&#038;sa=X&#038;sqi=2&#038;ved=2ahUKEwjbrOi3-8KJAxWhUVUIHcV1DbAQ3PALegQIGRAE&#038;biw=1440&#038;bih=778&#038;dpr=2\" target=\"_blank\">4.9 out of 5 on Google<\/a><\/div>\t\t\t\t<\/div>\n\t\t\t\t<\/div>\n\t\t\t\t<div class=\"elementor-element elementor-element-2bcb560 elementor-widget elementor-widget-spacer\" data-id=\"2bcb560\" data-element_type=\"widget\" data-e-type=\"widget\" data-widget_type=\"spacer.default\">\n\t\t\t\t\t\t\t<div class=\"elementor-spacer\">\n\t\t\t<div class=\"elementor-spacer-inner\"><\/div>\n\t\t<\/div>\n\t\t\t\t\t\t<\/div>\n\t\t\t\t<div class=\"elementor-element elementor-element-146f46c elementor-widget elementor-widget-image\" data-id=\"146f46c\" data-element_type=\"widget\" data-e-type=\"widget\" data-widget_type=\"image.default\">\n\t\t\t\t\t\t\t\t\t\t\t\t\t\t\t<img decoding=\"async\" width=\"60\" height=\"60\" src=\"https:\/\/vetathome.se\/wp-content\/uploads\/2024\/11\/svg34.svg\" class=\"attachment-large size-large wp-image-150\" alt=\"ultraljud\" \/>\t\t\t\t\t\t\t\t\t\t\t\t\t\t\t<\/div>\n\t\t\t\t<div class=\"elementor-element elementor-element-8d29826 elementor-widget elementor-widget-heading\" data-id=\"8d29826\" data-element_type=\"widget\" data-e-type=\"widget\" data-widget_type=\"heading.default\">\n\t\t\t\t\t<h2 class=\"elementor-heading-title elementor-size-default\">Book a clinic visit for ultrasound<\/h2>\t\t\t\t<\/div>\n\t\t\t\t<div class=\"elementor-element elementor-element-f2d3323 elementor-align-left elementor-widget elementor-widget-button\" data-id=\"f2d3323\" data-element_type=\"widget\" data-e-type=\"widget\" data-widget_type=\"button.default\">\n\t\t\t\t\t\t\t\t\t\t<a class=\"elementor-button elementor-button-link elementor-size-sm\" href=\"https:\/\/provetcloud.com\/5790\/onlinebooking\/?department=2&#038;lang=sv\" target=\"_blank\">\n\t\t\t\t\t\t<span class=\"elementor-button-content-wrapper\">\n\t\t\t\t\t\t\t\t\t<span class=\"elementor-button-text\">Book<\/span>\n\t\t\t\t\t<\/span>\n\t\t\t\t\t<\/a>\n\t\t\t\t\t\t\t\t<\/div>\n\t\t\t\t<\/div>\n\t\t\t\t<\/div>\n\t\t\t\t\t<\/div>\n\t\t\t\t<\/div>\n\t\t\t\t<\/div>","protected":false},"excerpt":{"rendered":"<p>Ultrasound Ultrasound is an advanced imaging method used in veterinary medicine to examine internal organs, soft tissues, and blood vessels. Ultrasound is particularly useful for assessing organs such as the liver, kidneys, heart, and uterus, as well as diagnosing problems such as swelling, lumps, or other changes in the body\u2019s soft tissues. It is also a painless and safe alternative [\u2026]<\/p>","protected":false},"author":1,"featured_media":127,"parent":1059,"menu_order":0,"comment_status":"closed","ping_status":"closed","template":"elementor_header_footer","meta":{"_acf_changed":false,"content-type":"","footnotes":""},"class_list":["post-1112","page","type-page","status-publish","has-post-thumbnail","hentry"],"acf":[],"yoast_head":"<!-- This site is optimized with the Yoast SEO Premium plugin v26.6 (Yoast SEO v26.6) - https:\/\/yoast.com\/wordpress\/plugins\/seo\/ -->\n<title>Utraljud | VetAtHome<\/title>\n<meta name=\"description\" content=\"Vid bukultraljud unders\u00f6ks bukens organ f\u00f6r att veterin\u00e4ren ska kunna bed\u00f6ma f\u00f6r\u00e4ndringar i till exempel lever, njurar och livmoder.\" \/>\n<meta name=\"robots\" content=\"index, follow, max-snippet:-1, max-image-preview:large, max-video-preview:-1\" \/>\n<link rel=\"canonical\" href=\"https:\/\/vetathome.se\/en\/djurkliniken-ostermalm\/utraljud\/\" \/>\n<meta property=\"og:locale\" content=\"en_US\" \/>\n<meta property=\"og:type\" content=\"article\" \/>\n<meta property=\"og:title\" content=\"Utraljud\" \/>\n<meta property=\"og:description\" content=\"Vid bukultraljud unders\u00f6ks bukens organ f\u00f6r att veterin\u00e4ren ska kunna bed\u00f6ma f\u00f6r\u00e4ndringar i till exempel lever, njurar och livmoder.\" \/>\n<meta property=\"og:url\" content=\"https:\/\/vetathome.se\/en\/djurkliniken-ostermalm\/utraljud\/\" \/>\n<meta property=\"og:site_name\" content=\"VetAtHome\" \/>\n<meta property=\"article:publisher\" content=\"https:\/\/www.facebook.com\/VetAtHome.se\" \/>\n<meta property=\"article:modified_time\" content=\"2025-03-13T16:51:04+00:00\" \/>\n<meta property=\"og:image\" content=\"https:\/\/vetathome.se\/wp-content\/uploads\/2024\/11\/Thumbnail.png\" \/>\n\t<meta property=\"og:image:width\" content=\"1920\" \/>\n\t<meta property=\"og:image:height\" content=\"1080\" \/>\n\t<meta property=\"og:image:type\" content=\"image\/png\" \/>\n<meta name=\"twitter:card\" content=\"summary_large_image\" \/>\n<meta name=\"twitter:label1\" content=\"Est. reading time\" \/>\n\t<meta name=\"twitter:data1\" content=\"2 minutes\" \/>\n<script type=\"application\/ld+json\" class=\"yoast-schema-graph\">{\"@context\":\"https:\/\/schema.org\",\"@graph\":[{\"@type\":\"WebPage\",\"@id\":\"https:\/\/vetathome.se\/djurkliniken-ostermalm\/utraljud\/\",\"url\":\"https:\/\/vetathome.se\/djurkliniken-ostermalm\/utraljud\/\",\"name\":\"Utraljud | VetAtHome\",\"isPartOf\":{\"@id\":\"https:\/\/vetathome.se\/#website\"},\"primaryImageOfPage\":{\"@id\":\"https:\/\/vetathome.se\/djurkliniken-ostermalm\/utraljud\/#primaryimage\"},\"image\":{\"@id\":\"https:\/\/vetathome.se\/djurkliniken-ostermalm\/utraljud\/#primaryimage\"},\"thumbnailUrl\":\"https:\/\/vetathome.se\/wp-content\/uploads\/2024\/11\/Thumbnail.png\",\"datePublished\":\"2024-11-11T15:33:15+00:00\",\"dateModified\":\"2025-03-13T16:51:04+00:00\",\"description\":\"Vid bukultraljud unders\u00f6ks bukens organ f\u00f6r att veterin\u00e4ren ska kunna bed\u00f6ma f\u00f6r\u00e4ndringar i till exempel lever, njurar och livmoder.\",\"breadcrumb\":{\"@id\":\"https:\/\/vetathome.se\/djurkliniken-ostermalm\/utraljud\/#breadcrumb\"},\"inLanguage\":\"en-US\",\"potentialAction\":[{\"@type\":\"ReadAction\",\"target\":[\"https:\/\/vetathome.se\/djurkliniken-ostermalm\/utraljud\/\"]}]},{\"@type\":\"ImageObject\",\"inLanguage\":\"en-US\",\"@id\":\"https:\/\/vetathome.se\/djurkliniken-ostermalm\/utraljud\/#primaryimage\",\"url\":\"https:\/\/vetathome.se\/wp-content\/uploads\/2024\/11\/Thumbnail.png\",\"contentUrl\":\"https:\/\/vetathome.se\/wp-content\/uploads\/2024\/11\/Thumbnail.png\",\"width\":1920,\"height\":1080,\"caption\":\"H\u00e4lsosam katt som f\u00e5r v\u00e5rd hemma av veterin\u00e4r fr\u00e5n VetAtHome.\"},{\"@type\":\"BreadcrumbList\",\"@id\":\"https:\/\/vetathome.se\/djurkliniken-ostermalm\/utraljud\/#breadcrumb\",\"itemListElement\":[{\"@type\":\"ListItem\",\"position\":1,\"name\":\"Djurkliniken \u00d6stermalm\",\"item\":\"https:\/\/vetathome.se\/djurkliniken-ostermalm\/\"},{\"@type\":\"ListItem\",\"position\":2,\"name\":\"Utraljud\"}]},{\"@type\":\"WebSite\",\"@id\":\"https:\/\/vetathome.se\/#website\",\"url\":\"https:\/\/vetathome.se\/\",\"name\":\"VetAtHome\",\"description\":\"Som ett vanligt veterin\u00e4rbes\u00f6k, fast hemma hos dig\",\"publisher\":{\"@id\":\"https:\/\/vetathome.se\/#organization\"},\"alternateName\":\"Vet at home\",\"potentialAction\":[{\"@type\":\"SearchAction\",\"target\":{\"@type\":\"EntryPoint\",\"urlTemplate\":\"https:\/\/vetathome.se\/?s={search_term_string}\"},\"query-input\":{\"@type\":\"PropertyValueSpecification\",\"valueRequired\":true,\"valueName\":\"search_term_string\"}}],\"inLanguage\":\"en-US\"},{\"@type\":\"Organization\",\"@id\":\"https:\/\/vetathome.se\/#organization\",\"name\":\"Vetathome\",\"alternateName\":\"Vet at home\",\"url\":\"https:\/\/vetathome.se\/\",\"logo\":{\"@type\":\"ImageObject\",\"inLanguage\":\"en-US\",\"@id\":\"https:\/\/vetathome.se\/#\/schema\/logo\/image\/\",\"url\":\"https:\/\/vetathome.se\/wp-content\/uploads\/2026\/01\/Favicon.png\",\"contentUrl\":\"https:\/\/vetathome.se\/wp-content\/uploads\/2026\/01\/Favicon.png\",\"width\":192,\"height\":192,\"caption\":\"Vetathome\"},\"image\":{\"@id\":\"https:\/\/vetathome.se\/#\/schema\/logo\/image\/\"},\"sameAs\":[\"https:\/\/www.facebook.com\/VetAtHome.se\",\"https:\/\/www.instagram.com\/vetathome.se\/\"],\"description\":\"VetAtHome \u00e4r en modern veterin\u00e4ritj\u00e4nst som kombinerar tryggheten med hembes\u00f6k med den fulla kapaciteten hos v\u00e4lutrustade djurkliniker. F\u00f6retaget erbjuder b\u00e5de hembes\u00f6k, bes\u00f6k p\u00e5 veterin\u00e4rmottagningar runt om i landet och avancerad djursjukv\u00e5rd p\u00e5 Djurkliniken \u00d6stermalm i Stockholm. Verksamheten finns i dag i bland annat Stockholm, Uppsala, G\u00f6teborg, Malm\u00f6 och Helsingborg med omnejd, vilket g\u00f6r det m\u00f6jligt f\u00f6r djur\u00e4gare att f\u00e5 kvalificerad v\u00e5rd d\u00e4r det passar dem b\u00e4st \u2013 hemma eller p\u00e5 klinik.\",\"legalName\":\"Aktiebolaget Djursjukv\u00e5rd i Sverige\",\"foundingDate\":\"2021-05-01\",\"numberOfEmployees\":{\"@type\":\"QuantitativeValue\",\"minValue\":\"11\",\"maxValue\":\"50\"}}]}<\/script>\n<!-- \/ Yoast SEO Premium plugin. -->","yoast_head_json":{"title":"Ultrasound | VetAtHome","description":"During an abdominal ultrasound, the abdominal organs are examined so that the veterinarian can assess changes in, for example, the liver, kidneys and uterus.","robots":{"index":"index","follow":"follow","max-snippet":"max-snippet:-1","max-image-preview":"max-image-preview:large","max-video-preview":"max-video-preview:-1"},"canonical":"https:\/\/vetathome.se\/en\/djurkliniken-ostermalm\/utraljud\/","og_locale":"en_US","og_type":"article","og_title":"Utraljud","og_description":"Vid bukultraljud unders\u00f6ks bukens organ f\u00f6r att veterin\u00e4ren ska kunna bed\u00f6ma f\u00f6r\u00e4ndringar i till exempel lever, njurar och livmoder.","og_url":"https:\/\/vetathome.se\/en\/djurkliniken-ostermalm\/utraljud\/","og_site_name":"VetAtHome","article_publisher":"https:\/\/www.facebook.com\/VetAtHome.se","article_modified_time":"2025-03-13T16:51:04+00:00","og_image":[{"width":1920,"height":1080,"url":"https:\/\/vetathome.se\/wp-content\/uploads\/2024\/11\/Thumbnail.png","type":"image\/png"}],"twitter_card":"summary_large_image","twitter_misc":{"Est. reading time":"2 minutes"},"schema":{"@context":"https:\/\/schema.org","@graph":[{"@type":"WebPage","@id":"https:\/\/vetathome.se\/djurkliniken-ostermalm\/utraljud\/","url":"https:\/\/vetathome.se\/djurkliniken-ostermalm\/utraljud\/","name":"Ultrasound | VetAtHome","isPartOf":{"@id":"https:\/\/vetathome.se\/#website"},"primaryImageOfPage":{"@id":"https:\/\/vetathome.se\/djurkliniken-ostermalm\/utraljud\/#primaryimage"},"image":{"@id":"https:\/\/vetathome.se\/djurkliniken-ostermalm\/utraljud\/#primaryimage"},"thumbnailUrl":"https:\/\/vetathome.se\/wp-content\/uploads\/2024\/11\/Thumbnail.png","datePublished":"2024-11-11T15:33:15+00:00","dateModified":"2025-03-13T16:51:04+00:00","description":"During an abdominal ultrasound, the abdominal organs are examined so that the veterinarian can assess changes in, for example, the liver, kidneys and uterus.","breadcrumb":{"@id":"https:\/\/vetathome.se\/djurkliniken-ostermalm\/utraljud\/#breadcrumb"},"inLanguage":"en-US","potentialAction":[{"@type":"ReadAction","target":["https:\/\/vetathome.se\/djurkliniken-ostermalm\/utraljud\/"]}]},{"@type":"ImageObject","inLanguage":"en-US","@id":"https:\/\/vetathome.se\/djurkliniken-ostermalm\/utraljud\/#primaryimage","url":"https:\/\/vetathome.se\/wp-content\/uploads\/2024\/11\/Thumbnail.png","contentUrl":"https:\/\/vetathome.se\/wp-content\/uploads\/2024\/11\/Thumbnail.png","width":1920,"height":1080,"caption":"H\u00e4lsosam katt som f\u00e5r v\u00e5rd hemma av veterin\u00e4r fr\u00e5n VetAtHome."},{"@type":"BreadcrumbList","@id":"https:\/\/vetathome.se\/djurkliniken-ostermalm\/utraljud\/#breadcrumb","itemListElement":[{"@type":"ListItem","position":1,"name":"Djurkliniken \u00d6stermalm","item":"https:\/\/vetathome.se\/djurkliniken-ostermalm\/"},{"@type":"ListItem","position":2,"name":"Utraljud"}]},{"@type":"WebSite","@id":"https:\/\/vetathome.se\/#website","url":"https:\/\/vetathome.se\/","name":"VetAtHome","description":"Like a regular vet visit, but in your home","publisher":{"@id":"https:\/\/vetathome.se\/#organization"},"alternateName":"Vet at home","potentialAction":[{"@type":"SearchAction","target":{"@type":"EntryPoint","urlTemplate":"https:\/\/vetathome.se\/?s={search_term_string}"},"query-input":{"@type":"PropertyValueSpecification","valueRequired":true,"valueName":"search_term_string"}}],"inLanguage":"en-US"},{"@type":"Organization","@id":"https:\/\/vetathome.se\/#organization","name":"Vetathome","alternateName":"Vet at home","url":"https:\/\/vetathome.se\/","logo":{"@type":"ImageObject","inLanguage":"en-US","@id":"https:\/\/vetathome.se\/#\/schema\/logo\/image\/","url":"https:\/\/vetathome.se\/wp-content\/uploads\/2026\/01\/Favicon.png","contentUrl":"https:\/\/vetathome.se\/wp-content\/uploads\/2026\/01\/Favicon.png","width":192,"height":192,"caption":"Vetathome"},"image":{"@id":"https:\/\/vetathome.se\/#\/schema\/logo\/image\/"},"sameAs":["https:\/\/www.facebook.com\/VetAtHome.se","https:\/\/www.instagram.com\/vetathome.se\/"],"description":"VetAtHome is a modern veterinary service that combines the security of home visits with the full capacity of well-equipped animal clinics. The company offers both home visits, visits to veterinary clinics around the country and advanced animal care at Djurkliniken \u00d6stermalm in Stockholm. The operations are currently located in Stockholm, Uppsala, Gothenburg, Malm\u00f6 and Helsingborg and the surrounding area, making it possible for pet owners to receive qualified care where it suits them best \u2013 at home or at a clinic.","legalName":"Aktiebolaget Djursjukv\u00e5rd i Sverige","foundingDate":"2021-05-01","numberOfEmployees":{"@type":"QuantitativeValue","minValue":"11","maxValue":"50"}}]}},"_links":{"self":[{"href":"https:\/\/vetathome.se\/en\/wp-json\/wp\/v2\/pages\/1112","targetHints":{"allow":["GET"]}}],"collection":[{"href":"https:\/\/vetathome.se\/en\/wp-json\/wp\/v2\/pages"}],"about":[{"href":"https:\/\/vetathome.se\/en\/wp-json\/wp\/v2\/types\/page"}],"author":[{"embeddable":true,"href":"https:\/\/vetathome.se\/en\/wp-json\/wp\/v2\/users\/1"}],"replies":[{"embeddable":true,"href":"https:\/\/vetathome.se\/en\/wp-json\/wp\/v2\/comments?post=1112"}],"version-history":[{"count":16,"href":"https:\/\/vetathome.se\/en\/wp-json\/wp\/v2\/pages\/1112\/revisions"}],"predecessor-version":[{"id":5809,"href":"https:\/\/vetathome.se\/en\/wp-json\/wp\/v2\/pages\/1112\/revisions\/5809"}],"up":[{"embeddable":true,"href":"https:\/\/vetathome.se\/en\/wp-json\/wp\/v2\/pages\/1059"}],"wp:featuredmedia":[{"embeddable":true,"href":"https:\/\/vetathome.se\/en\/wp-json\/wp\/v2\/media\/127"}],"wp:attachment":[{"href":"https:\/\/vetathome.se\/en\/wp-json\/wp\/v2\/media?parent=1112"}],"curies":[{"name":"wp","href":"https:\/\/api.w.org\/{rel}","templated":true}]}}