{"id":1103,"date":"2024-11-11T15:26:55","date_gmt":"2024-11-11T15:26:55","guid":{"rendered":"https:\/\/vetathome.acrowd.se\/?page_id=1103"},"modified":"2025-03-13T16:52:42","modified_gmt":"2025-03-13T16:52:42","slug":"rontgen","status":"publish","type":"page","link":"https:\/\/vetathome.se\/en\/djurkliniken-ostermalm\/rontgen\/","title":{"rendered":"X-ray"},"content":{"rendered":"<div data-elementor-type=\"wp-page\" data-elementor-id=\"1103\" class=\"elementor elementor-1103\" data-elementor-post-type=\"page\">\n\t\t\t\t<div class=\"elementor-element elementor-element-12f8ede e-flex e-con-boxed e-con e-parent\" data-id=\"12f8ede\" data-element_type=\"container\" data-e-type=\"container\" data-settings=\"{&quot;background_background&quot;:&quot;classic&quot;}\">\n\t\t\t\t\t<div class=\"e-con-inner\">\n\t\t\t\t<div class=\"elementor-element elementor-element-3b73e72 elementor-widget elementor-widget-breadcrumbs\" data-id=\"3b73e72\" data-element_type=\"widget\" data-e-type=\"widget\" data-widget_type=\"breadcrumbs.default\">\n\t\t\t\t\t<p id=\"breadcrumbs\"><\/p>\t\t\t\t<\/div>\n\t\t\t\t\t<\/div>\n\t\t\t\t<\/div>\n\t\t<div class=\"elementor-element elementor-element-3b49ff0 e-flex e-con-boxed e-con e-parent\" data-id=\"3b49ff0\" data-element_type=\"container\" data-e-type=\"container\" data-settings=\"{&quot;background_background&quot;:&quot;classic&quot;}\">\n\t\t\t\t\t<div class=\"e-con-inner\">\n\t\t<div class=\"elementor-element elementor-element-bc26c60 e-con-full e-flex e-con e-child\" data-id=\"bc26c60\" data-element_type=\"container\" data-e-type=\"container\">\n\t\t\t\t<div class=\"elementor-element elementor-element-4689c35 elementor-widget elementor-widget-heading\" data-id=\"4689c35\" data-element_type=\"widget\" data-e-type=\"widget\" data-widget_type=\"heading.default\">\n\t\t\t\t\t<h1 class=\"elementor-heading-title elementor-size-default\">X-ray<\/h1>\t\t\t\t<\/div>\n\t\t\t\t<div class=\"elementor-element elementor-element-59535e6 elementor-widget elementor-widget-text-editor\" data-id=\"59535e6\" data-element_type=\"widget\" data-e-type=\"widget\" data-widget_type=\"text-editor.default\">\n\t\t\t\t\t\t\t\t\t<div class=\"large-paragraph w-richtext\"><div class=\"large-paragraph w-richtext\"><p>X-rays are helpful in diagnosing diseases and injuries in animals. With the help of X-rays, we can detect fractures, joint changes, back diseases and causes of lameness. We can also see changes in organs such as the gastrointestinal tract, heart and lungs, and help in breeding work thanks to hip and elbow X-rays.<\/p><\/div><\/div>\t\t\t\t\t\t\t\t<\/div>\n\t\t\t\t<div class=\"elementor-element elementor-element-5d9fd2d elementor-align-left elementor-widget elementor-widget-button\" data-id=\"5d9fd2d\" data-element_type=\"widget\" data-e-type=\"widget\" data-widget_type=\"button.default\">\n\t\t\t\t\t\t\t\t\t\t<a class=\"elementor-button elementor-button-link elementor-size-sm\" href=\"https:\/\/provetcloud.com\/5790\/onlinebooking\/?department=2&#038;lang=sv\">\n\t\t\t\t\t\t<span class=\"elementor-button-content-wrapper\">\n\t\t\t\t\t\t\t\t\t<span class=\"elementor-button-text\">Book an X-ray<\/span>\n\t\t\t\t\t<\/span>\n\t\t\t\t\t<\/a>\n\t\t\t\t\t\t\t\t<\/div>\n\t\t\t\t<\/div>\n\t\t<div class=\"elementor-element elementor-element-45ec4cc e-con-full e-flex e-con e-child\" data-id=\"45ec4cc\" data-element_type=\"container\" data-e-type=\"container\" data-settings=\"{&quot;background_background&quot;:&quot;classic&quot;}\">\n\t\t\t\t<\/div>\n\t\t\t\t\t<\/div>\n\t\t\t\t<\/div>\n\t\t<div class=\"elementor-element elementor-element-48a44e0 e-flex e-con-boxed e-con e-parent\" data-id=\"48a44e0\" data-element_type=\"container\" data-e-type=\"container\" data-settings=\"{&quot;background_background&quot;:&quot;classic&quot;}\">\n\t\t\t\t\t<div class=\"e-con-inner\">\n\t\t<div class=\"elementor-element elementor-element-a5c444c e-con-full e-flex e-con e-child\" data-id=\"a5c444c\" data-element_type=\"container\" data-e-type=\"container\">\n\t\t\t\t<div class=\"elementor-element elementor-element-b1320fa elementor-widget elementor-widget-text-editor\" data-id=\"b1320fa\" data-element_type=\"widget\" data-e-type=\"widget\" data-widget_type=\"text-editor.default\">\n\t\t\t\t\t\t\t\t\t<h2>How X-rays work<\/h2><p><span style=\"font-weight: 400;\">X-rays pass through the animal&#039;s body and are absorbed differently depending on the density of the tissue. Skeletons and bones appear white, while soft tissues and organs appear in shades of gray. Air-filled areas, such as the lungs, appear black. Our digital systems quickly provide high-quality images with minimal risk to the animal.<\/span><\/p><h2><b><br \/><\/b>Preparation and implementation<\/h2><p><span style=\"font-weight: 400;\">For best results, the animal may need sedation to keep it still and reduce stress. For X-rays of joints and bones, it is common for the animal to be fasted prior to sedation, while X-rays of the abdominal or thoracic cavities often do not require sedation. During the examination, the animal is placed on the X-ray table and images are taken from different angles. After the examination, the veterinarian can often give a preliminary report, but sometimes an expert assessment is required before the results can be provided.<\/span><\/p><h2><b><br \/><\/b>Who can be present during the X-ray?<\/h2><p><span style=\"font-weight: 400;\">As the pet owner, you are allowed to be present to provide reassurance and help keep the animal still. Persons under the age of 18 and pregnant women are not allowed in the X-ray room. Everyone in the room must wear a lead apron to protect themselves from the radiation.<\/span><\/p>\t\t\t\t\t\t\t\t<\/div>\n\t\t\t\t<\/div>\n\t\t<div class=\"elementor-element elementor-element-fdf93bc e-con-full e-flex e-con e-child\" data-id=\"fdf93bc\" data-element_type=\"container\" data-e-type=\"container\">\n\t\t<div class=\"elementor-element elementor-element-cc28691 e-con-full e-flex e-con e-child\" data-id=\"cc28691\" data-element_type=\"container\" data-e-type=\"container\" data-settings=\"{&quot;background_background&quot;:&quot;classic&quot;,&quot;sticky&quot;:&quot;top&quot;,&quot;sticky_offset&quot;:120,&quot;sticky_parent&quot;:&quot;yes&quot;,&quot;sticky_on&quot;:[&quot;widescreen&quot;,&quot;desktop&quot;,&quot;tablet&quot;],&quot;sticky_effects_offset&quot;:0,&quot;sticky_anchor_link_offset&quot;:0}\">\n\t\t<div class=\"elementor-element elementor-element-c0a4787 e-con-full e-flex e-con e-child\" data-id=\"c0a4787\" data-element_type=\"container\" data-e-type=\"container\">\n\t\t\t\t<div class=\"elementor-element elementor-element-6314bbc elementor-widget elementor-widget-image\" data-id=\"6314bbc\" data-element_type=\"widget\" data-e-type=\"widget\" data-widget_type=\"image.default\">\n\t\t\t\t\t\t\t\t\t\t\t\t\t\t\t<img decoding=\"async\" width=\"121\" height=\"24\" src=\"https:\/\/vetathome.se\/wp-content\/uploads\/2024\/11\/Stjarnor.svg\" class=\"attachment-large size-large wp-image-217\" alt=\"stj\u00e4rnor\" \/>\t\t\t\t\t\t\t\t\t\t\t\t\t\t\t<\/div>\n\t\t\t\t<div class=\"elementor-element elementor-element-1df7444 elementor-widget elementor-widget-heading\" data-id=\"1df7444\" data-element_type=\"widget\" data-e-type=\"widget\" data-widget_type=\"heading.default\">\n\t\t\t\t\t<div class=\"elementor-heading-title elementor-size-default\"><a href=\"https:\/\/www.google.com\/search?sca_esv=09512e95f169fbdf&#038;rlz=1C5CHFA_enSE984SE987&#038;q=vetathome&#038;uds=ADvngMiphRKqaz0cJlpMl1qvqqiUXjlOBG83uNswOiqBW1LKR8W2aETYBfTALoYHv4jE167mz6AKYZPqofjYE-Fo6wgZH4zkg3rqACJdcxB7UIXc1q9LDdU&#038;si=ACC90nwjPmqJHrCEt6ewASzksVFQDX8zco_7MgBaIawvaF4-7rj6M6FV6WYBYL6pZOK72kMj4nQX9cYzu9q7yFkk3bYQrPvgjWn-OYeGWVNz6eUg4ANHYPQ%3D&#038;sa=X&#038;sqi=2&#038;ved=2ahUKEwjbrOi3-8KJAxWhUVUIHcV1DbAQ3PALegQIGRAE&#038;biw=1440&#038;bih=778&#038;dpr=2\" target=\"_blank\">4.9 out of 5 on Google<\/a><\/div>\t\t\t\t<\/div>\n\t\t\t\t<\/div>\n\t\t\t\t<div class=\"elementor-element elementor-element-2bcb560 elementor-widget elementor-widget-spacer\" data-id=\"2bcb560\" data-element_type=\"widget\" data-e-type=\"widget\" data-widget_type=\"spacer.default\">\n\t\t\t\t\t\t\t<div class=\"elementor-spacer\">\n\t\t\t<div class=\"elementor-spacer-inner\"><\/div>\n\t\t<\/div>\n\t\t\t\t\t\t<\/div>\n\t\t\t\t<div class=\"elementor-element elementor-element-146f46c elementor-widget elementor-widget-image\" data-id=\"146f46c\" data-element_type=\"widget\" data-e-type=\"widget\" data-widget_type=\"image.default\">\n\t\t\t\t\t\t\t\t\t\t\t\t\t\t\t<img decoding=\"async\" width=\"60\" height=\"60\" src=\"https:\/\/vetathome.se\/wp-content\/uploads\/2024\/11\/svg33.svg\" class=\"attachment-large size-large wp-image-149\" alt=\"ben\" \/>\t\t\t\t\t\t\t\t\t\t\t\t\t\t\t<\/div>\n\t\t\t\t<div class=\"elementor-element elementor-element-8d29826 elementor-widget elementor-widget-heading\" data-id=\"8d29826\" data-element_type=\"widget\" data-e-type=\"widget\" data-widget_type=\"heading.default\">\n\t\t\t\t\t<h2 class=\"elementor-heading-title elementor-size-default\">Book a clinic visit for an X-ray<\/h2>\t\t\t\t<\/div>\n\t\t\t\t<div class=\"elementor-element elementor-element-f2d3323 elementor-align-left elementor-widget elementor-widget-button\" data-id=\"f2d3323\" data-element_type=\"widget\" data-e-type=\"widget\" data-widget_type=\"button.default\">\n\t\t\t\t\t\t\t\t\t\t<a class=\"elementor-button elementor-button-link elementor-size-sm\" href=\"https:\/\/provetcloud.com\/5790\/onlinebooking\/?department=2&#038;lang=sv\" target=\"_blank\">\n\t\t\t\t\t\t<span class=\"elementor-button-content-wrapper\">\n\t\t\t\t\t\t\t\t\t<span class=\"elementor-button-text\">Book<\/span>\n\t\t\t\t\t<\/span>\n\t\t\t\t\t<\/a>\n\t\t\t\t\t\t\t\t<\/div>\n\t\t\t\t<\/div>\n\t\t\t\t<\/div>\n\t\t\t\t\t<\/div>\n\t\t\t\t<\/div>\n\t\t\t\t<\/div>","protected":false},"excerpt":{"rendered":"<p>X-rays X-rays are helpful in diagnosing diseases and injuries in animals. With the help of X-rays, we can detect fractures, joint changes, back diseases and causes of lameness. We can also see changes in organs such as the gastrointestinal tract, heart and lungs, and help in breeding work thanks to hip and elbow X-rays. Book an X-ray How X-rays work X-rays pass through [\u2026]<\/p>","protected":false},"author":1,"featured_media":127,"parent":1059,"menu_order":0,"comment_status":"closed","ping_status":"closed","template":"elementor_header_footer","meta":{"_acf_changed":false,"content-type":"","footnotes":""},"class_list":["post-1103","page","type-page","status-publish","has-post-thumbnail","hentry"],"acf":[],"yoast_head":"<!-- This site is optimized with the Yoast SEO Premium plugin v26.6 (Yoast SEO v26.6) - https:\/\/yoast.com\/wordpress\/plugins\/seo\/ -->\n<title>R\u00f6ntgen | VetAtHome<\/title>\n<meta name=\"description\" content=\"R\u00f6ntgenunders\u00f6kning f\u00f6r djur. Snabb och noggrann diagnostik med avancerad r\u00f6ntgenteknik. Boka tid f\u00f6r djurr\u00f6ntgen hos Vetathome.\" \/>\n<meta name=\"robots\" content=\"index, follow, max-snippet:-1, max-image-preview:large, max-video-preview:-1\" \/>\n<link rel=\"canonical\" href=\"https:\/\/vetathome.se\/en\/djurkliniken-ostermalm\/rontgen\/\" \/>\n<meta property=\"og:locale\" content=\"en_US\" \/>\n<meta property=\"og:type\" content=\"article\" \/>\n<meta property=\"og:title\" content=\"R\u00f6ntgen\" \/>\n<meta property=\"og:description\" content=\"R\u00f6ntgenunders\u00f6kning f\u00f6r djur. Snabb och noggrann diagnostik med avancerad r\u00f6ntgenteknik. Boka tid f\u00f6r djurr\u00f6ntgen hos Vetathome.\" \/>\n<meta property=\"og:url\" content=\"https:\/\/vetathome.se\/en\/djurkliniken-ostermalm\/rontgen\/\" \/>\n<meta property=\"og:site_name\" content=\"VetAtHome\" \/>\n<meta property=\"article:publisher\" content=\"https:\/\/www.facebook.com\/VetAtHome.se\" \/>\n<meta property=\"article:modified_time\" content=\"2025-03-13T16:52:42+00:00\" \/>\n<meta property=\"og:image\" content=\"https:\/\/vetathome.se\/wp-content\/uploads\/2024\/11\/Thumbnail.png\" \/>\n\t<meta property=\"og:image:width\" content=\"1920\" \/>\n\t<meta property=\"og:image:height\" content=\"1080\" \/>\n\t<meta property=\"og:image:type\" content=\"image\/png\" \/>\n<meta name=\"twitter:card\" content=\"summary_large_image\" \/>\n<meta name=\"twitter:label1\" content=\"Est. reading time\" \/>\n\t<meta name=\"twitter:data1\" content=\"2 minutes\" \/>\n<script type=\"application\/ld+json\" class=\"yoast-schema-graph\">{\"@context\":\"https:\/\/schema.org\",\"@graph\":[{\"@type\":\"WebPage\",\"@id\":\"https:\/\/vetathome.se\/djurkliniken-ostermalm\/rontgen\/\",\"url\":\"https:\/\/vetathome.se\/djurkliniken-ostermalm\/rontgen\/\",\"name\":\"R\u00f6ntgen | VetAtHome\",\"isPartOf\":{\"@id\":\"https:\/\/vetathome.se\/#website\"},\"primaryImageOfPage\":{\"@id\":\"https:\/\/vetathome.se\/djurkliniken-ostermalm\/rontgen\/#primaryimage\"},\"image\":{\"@id\":\"https:\/\/vetathome.se\/djurkliniken-ostermalm\/rontgen\/#primaryimage\"},\"thumbnailUrl\":\"https:\/\/vetathome.se\/wp-content\/uploads\/2024\/11\/Thumbnail.png\",\"datePublished\":\"2024-11-11T15:26:55+00:00\",\"dateModified\":\"2025-03-13T16:52:42+00:00\",\"description\":\"R\u00f6ntgenunders\u00f6kning f\u00f6r djur. Snabb och noggrann diagnostik med avancerad r\u00f6ntgenteknik. Boka tid f\u00f6r djurr\u00f6ntgen hos Vetathome.\",\"breadcrumb\":{\"@id\":\"https:\/\/vetathome.se\/djurkliniken-ostermalm\/rontgen\/#breadcrumb\"},\"inLanguage\":\"en-US\",\"potentialAction\":[{\"@type\":\"ReadAction\",\"target\":[\"https:\/\/vetathome.se\/djurkliniken-ostermalm\/rontgen\/\"]}]},{\"@type\":\"ImageObject\",\"inLanguage\":\"en-US\",\"@id\":\"https:\/\/vetathome.se\/djurkliniken-ostermalm\/rontgen\/#primaryimage\",\"url\":\"https:\/\/vetathome.se\/wp-content\/uploads\/2024\/11\/Thumbnail.png\",\"contentUrl\":\"https:\/\/vetathome.se\/wp-content\/uploads\/2024\/11\/Thumbnail.png\",\"width\":1920,\"height\":1080,\"caption\":\"H\u00e4lsosam katt som f\u00e5r v\u00e5rd hemma av veterin\u00e4r fr\u00e5n VetAtHome.\"},{\"@type\":\"BreadcrumbList\",\"@id\":\"https:\/\/vetathome.se\/djurkliniken-ostermalm\/rontgen\/#breadcrumb\",\"itemListElement\":[{\"@type\":\"ListItem\",\"position\":1,\"name\":\"Djurkliniken \u00d6stermalm\",\"item\":\"https:\/\/vetathome.se\/djurkliniken-ostermalm\/\"},{\"@type\":\"ListItem\",\"position\":2,\"name\":\"R\u00f6ntgen\"}]},{\"@type\":\"WebSite\",\"@id\":\"https:\/\/vetathome.se\/#website\",\"url\":\"https:\/\/vetathome.se\/\",\"name\":\"VetAtHome\",\"description\":\"Som ett vanligt veterin\u00e4rbes\u00f6k, fast hemma hos dig\",\"publisher\":{\"@id\":\"https:\/\/vetathome.se\/#organization\"},\"alternateName\":\"Vet at home\",\"potentialAction\":[{\"@type\":\"SearchAction\",\"target\":{\"@type\":\"EntryPoint\",\"urlTemplate\":\"https:\/\/vetathome.se\/?s={search_term_string}\"},\"query-input\":{\"@type\":\"PropertyValueSpecification\",\"valueRequired\":true,\"valueName\":\"search_term_string\"}}],\"inLanguage\":\"en-US\"},{\"@type\":\"Organization\",\"@id\":\"https:\/\/vetathome.se\/#organization\",\"name\":\"Vetathome\",\"alternateName\":\"Vet at home\",\"url\":\"https:\/\/vetathome.se\/\",\"logo\":{\"@type\":\"ImageObject\",\"inLanguage\":\"en-US\",\"@id\":\"https:\/\/vetathome.se\/#\/schema\/logo\/image\/\",\"url\":\"https:\/\/vetathome.se\/wp-content\/uploads\/2026\/01\/Favicon.png\",\"contentUrl\":\"https:\/\/vetathome.se\/wp-content\/uploads\/2026\/01\/Favicon.png\",\"width\":192,\"height\":192,\"caption\":\"Vetathome\"},\"image\":{\"@id\":\"https:\/\/vetathome.se\/#\/schema\/logo\/image\/\"},\"sameAs\":[\"https:\/\/www.facebook.com\/VetAtHome.se\",\"https:\/\/www.instagram.com\/vetathome.se\/\"],\"description\":\"VetAtHome \u00e4r en modern veterin\u00e4ritj\u00e4nst som kombinerar tryggheten med hembes\u00f6k med den fulla kapaciteten hos v\u00e4lutrustade djurkliniker. F\u00f6retaget erbjuder b\u00e5de hembes\u00f6k, bes\u00f6k p\u00e5 veterin\u00e4rmottagningar runt om i landet och avancerad djursjukv\u00e5rd p\u00e5 Djurkliniken \u00d6stermalm i Stockholm. Verksamheten finns i dag i bland annat Stockholm, Uppsala, G\u00f6teborg, Malm\u00f6 och Helsingborg med omnejd, vilket g\u00f6r det m\u00f6jligt f\u00f6r djur\u00e4gare att f\u00e5 kvalificerad v\u00e5rd d\u00e4r det passar dem b\u00e4st \u2013 hemma eller p\u00e5 klinik.\",\"legalName\":\"Aktiebolaget Djursjukv\u00e5rd i Sverige\",\"foundingDate\":\"2021-05-01\",\"numberOfEmployees\":{\"@type\":\"QuantitativeValue\",\"minValue\":\"11\",\"maxValue\":\"50\"}}]}<\/script>\n<!-- \/ Yoast SEO Premium plugin. -->","yoast_head_json":{"title":"X-ray | VetAtHome","description":"X-ray examination for animals. Fast and accurate diagnostics with advanced X-ray technology. Book an appointment for animal X-rays at Vetathome.","robots":{"index":"index","follow":"follow","max-snippet":"max-snippet:-1","max-image-preview":"max-image-preview:large","max-video-preview":"max-video-preview:-1"},"canonical":"https:\/\/vetathome.se\/en\/djurkliniken-ostermalm\/rontgen\/","og_locale":"en_US","og_type":"article","og_title":"R\u00f6ntgen","og_description":"R\u00f6ntgenunders\u00f6kning f\u00f6r djur. Snabb och noggrann diagnostik med avancerad r\u00f6ntgenteknik. Boka tid f\u00f6r djurr\u00f6ntgen hos Vetathome.","og_url":"https:\/\/vetathome.se\/en\/djurkliniken-ostermalm\/rontgen\/","og_site_name":"VetAtHome","article_publisher":"https:\/\/www.facebook.com\/VetAtHome.se","article_modified_time":"2025-03-13T16:52:42+00:00","og_image":[{"width":1920,"height":1080,"url":"https:\/\/vetathome.se\/wp-content\/uploads\/2024\/11\/Thumbnail.png","type":"image\/png"}],"twitter_card":"summary_large_image","twitter_misc":{"Est. reading time":"2 minutes"},"schema":{"@context":"https:\/\/schema.org","@graph":[{"@type":"WebPage","@id":"https:\/\/vetathome.se\/djurkliniken-ostermalm\/rontgen\/","url":"https:\/\/vetathome.se\/djurkliniken-ostermalm\/rontgen\/","name":"X-ray | VetAtHome","isPartOf":{"@id":"https:\/\/vetathome.se\/#website"},"primaryImageOfPage":{"@id":"https:\/\/vetathome.se\/djurkliniken-ostermalm\/rontgen\/#primaryimage"},"image":{"@id":"https:\/\/vetathome.se\/djurkliniken-ostermalm\/rontgen\/#primaryimage"},"thumbnailUrl":"https:\/\/vetathome.se\/wp-content\/uploads\/2024\/11\/Thumbnail.png","datePublished":"2024-11-11T15:26:55+00:00","dateModified":"2025-03-13T16:52:42+00:00","description":"X-ray examination for animals. Fast and accurate diagnostics with advanced X-ray technology. Book an appointment for animal X-rays at Vetathome.","breadcrumb":{"@id":"https:\/\/vetathome.se\/djurkliniken-ostermalm\/rontgen\/#breadcrumb"},"inLanguage":"en-US","potentialAction":[{"@type":"ReadAction","target":["https:\/\/vetathome.se\/djurkliniken-ostermalm\/rontgen\/"]}]},{"@type":"ImageObject","inLanguage":"en-US","@id":"https:\/\/vetathome.se\/djurkliniken-ostermalm\/rontgen\/#primaryimage","url":"https:\/\/vetathome.se\/wp-content\/uploads\/2024\/11\/Thumbnail.png","contentUrl":"https:\/\/vetathome.se\/wp-content\/uploads\/2024\/11\/Thumbnail.png","width":1920,"height":1080,"caption":"H\u00e4lsosam katt som f\u00e5r v\u00e5rd hemma av veterin\u00e4r fr\u00e5n VetAtHome."},{"@type":"BreadcrumbList","@id":"https:\/\/vetathome.se\/djurkliniken-ostermalm\/rontgen\/#breadcrumb","itemListElement":[{"@type":"ListItem","position":1,"name":"Djurkliniken \u00d6stermalm","item":"https:\/\/vetathome.se\/djurkliniken-ostermalm\/"},{"@type":"ListItem","position":2,"name":"R\u00f6ntgen"}]},{"@type":"WebSite","@id":"https:\/\/vetathome.se\/#website","url":"https:\/\/vetathome.se\/","name":"VetAtHome","description":"Like a regular vet visit, but in your home","publisher":{"@id":"https:\/\/vetathome.se\/#organization"},"alternateName":"Vet at home","potentialAction":[{"@type":"SearchAction","target":{"@type":"EntryPoint","urlTemplate":"https:\/\/vetathome.se\/?s={search_term_string}"},"query-input":{"@type":"PropertyValueSpecification","valueRequired":true,"valueName":"search_term_string"}}],"inLanguage":"en-US"},{"@type":"Organization","@id":"https:\/\/vetathome.se\/#organization","name":"Vetathome","alternateName":"Vet at home","url":"https:\/\/vetathome.se\/","logo":{"@type":"ImageObject","inLanguage":"en-US","@id":"https:\/\/vetathome.se\/#\/schema\/logo\/image\/","url":"https:\/\/vetathome.se\/wp-content\/uploads\/2026\/01\/Favicon.png","contentUrl":"https:\/\/vetathome.se\/wp-content\/uploads\/2026\/01\/Favicon.png","width":192,"height":192,"caption":"Vetathome"},"image":{"@id":"https:\/\/vetathome.se\/#\/schema\/logo\/image\/"},"sameAs":["https:\/\/www.facebook.com\/VetAtHome.se","https:\/\/www.instagram.com\/vetathome.se\/"],"description":"VetAtHome is a modern veterinary service that combines the security of home visits with the full capacity of well-equipped animal clinics. The company offers both home visits, visits to veterinary clinics around the country and advanced animal care at Djurkliniken \u00d6stermalm in Stockholm. The operations are currently located in Stockholm, Uppsala, Gothenburg, Malm\u00f6 and Helsingborg and the surrounding area, making it possible for pet owners to receive qualified care where it suits them best \u2013 at home or at a clinic.","legalName":"Aktiebolaget Djursjukv\u00e5rd i Sverige","foundingDate":"2021-05-01","numberOfEmployees":{"@type":"QuantitativeValue","minValue":"11","maxValue":"50"}}]}},"_links":{"self":[{"href":"https:\/\/vetathome.se\/en\/wp-json\/wp\/v2\/pages\/1103","targetHints":{"allow":["GET"]}}],"collection":[{"href":"https:\/\/vetathome.se\/en\/wp-json\/wp\/v2\/pages"}],"about":[{"href":"https:\/\/vetathome.se\/en\/wp-json\/wp\/v2\/types\/page"}],"author":[{"embeddable":true,"href":"https:\/\/vetathome.se\/en\/wp-json\/wp\/v2\/users\/1"}],"replies":[{"embeddable":true,"href":"https:\/\/vetathome.se\/en\/wp-json\/wp\/v2\/comments?post=1103"}],"version-history":[{"count":16,"href":"https:\/\/vetathome.se\/en\/wp-json\/wp\/v2\/pages\/1103\/revisions"}],"predecessor-version":[{"id":5812,"href":"https:\/\/vetathome.se\/en\/wp-json\/wp\/v2\/pages\/1103\/revisions\/5812"}],"up":[{"embeddable":true,"href":"https:\/\/vetathome.se\/en\/wp-json\/wp\/v2\/pages\/1059"}],"wp:featuredmedia":[{"embeddable":true,"href":"https:\/\/vetathome.se\/en\/wp-json\/wp\/v2\/media\/127"}],"wp:attachment":[{"href":"https:\/\/vetathome.se\/en\/wp-json\/wp\/v2\/media?parent=1103"}],"curies":[{"name":"wp","href":"https:\/\/api.w.org\/{rel}","templated":true}]}}