{"id":1089,"date":"2024-11-11T15:18:31","date_gmt":"2024-11-11T15:18:31","guid":{"rendered":"https:\/\/vetathome.acrowd.se\/?page_id=1089"},"modified":"2025-08-25T19:55:03","modified_gmt":"2025-08-25T19:55:03","slug":"tandvard","status":"publish","type":"page","link":"https:\/\/vetathome.se\/en\/djurkliniken-ostermalm\/tandvard\/","title":{"rendered":"Dental care"},"content":{"rendered":"<div data-elementor-type=\"wp-page\" data-elementor-id=\"1089\" class=\"elementor elementor-1089\" data-elementor-post-type=\"page\">\n\t\t\t\t<div class=\"elementor-element elementor-element-12f8ede e-flex e-con-boxed e-con e-parent\" data-id=\"12f8ede\" data-element_type=\"container\" data-e-type=\"container\" data-settings=\"{&quot;background_background&quot;:&quot;classic&quot;}\">\n\t\t\t\t\t<div class=\"e-con-inner\">\n\t\t\t\t<div class=\"elementor-element elementor-element-3b73e72 elementor-widget elementor-widget-breadcrumbs\" data-id=\"3b73e72\" data-element_type=\"widget\" data-e-type=\"widget\" data-widget_type=\"breadcrumbs.default\">\n\t\t\t\t\t<p id=\"breadcrumbs\"><\/p>\t\t\t\t<\/div>\n\t\t\t\t\t<\/div>\n\t\t\t\t<\/div>\n\t\t<div class=\"elementor-element elementor-element-3b49ff0 e-flex e-con-boxed e-con e-parent\" data-id=\"3b49ff0\" data-element_type=\"container\" data-e-type=\"container\" data-settings=\"{&quot;background_background&quot;:&quot;classic&quot;}\">\n\t\t\t\t\t<div class=\"e-con-inner\">\n\t\t<div class=\"elementor-element elementor-element-bc26c60 e-con-full e-flex e-con e-child\" data-id=\"bc26c60\" data-element_type=\"container\" data-e-type=\"container\">\n\t\t\t\t<div class=\"elementor-element elementor-element-4689c35 elementor-widget elementor-widget-heading\" data-id=\"4689c35\" data-element_type=\"widget\" data-e-type=\"widget\" data-widget_type=\"heading.default\">\n\t\t\t\t\t<h1 class=\"elementor-heading-title elementor-size-default\">Dental care<\/h1>\t\t\t\t<\/div>\n\t\t\t\t<div class=\"elementor-element elementor-element-59535e6 elementor-widget elementor-widget-text-editor\" data-id=\"59535e6\" data-element_type=\"widget\" data-e-type=\"widget\" data-widget_type=\"text-editor.default\">\n\t\t\t\t\t\t\t\t\t<p>Dental care is an important part of your pet&#039;s health, just like it is for humans. At our clinic, we offer professional dental care for both dogs and cats, focusing on preventive measures and treatment of common dental problems such as tartar, tooth loss and tooth resorption in cats. We have extensive experience and expert knowledge to take care of your pet&#039;s teeth. Through regular dental check-ups and proper treatment, we can prevent painful dental problems and other serious conditions.<\/p>\t\t\t\t\t\t\t\t<\/div>\n\t\t\t\t<div class=\"elementor-element elementor-element-5d9fd2d elementor-align-left elementor-widget elementor-widget-button\" data-id=\"5d9fd2d\" data-element_type=\"widget\" data-e-type=\"widget\" data-widget_type=\"button.default\">\n\t\t\t\t\t\t\t\t\t\t<a class=\"elementor-button elementor-button-link elementor-size-sm\" href=\"https:\/\/provetcloud.com\/5790\/onlinebooking\/?department=2&#038;lang=sv\">\n\t\t\t\t\t\t<span class=\"elementor-button-content-wrapper\">\n\t\t\t\t\t\t\t\t\t<span class=\"elementor-button-text\">Book dental care<\/span>\n\t\t\t\t\t<\/span>\n\t\t\t\t\t<\/a>\n\t\t\t\t\t\t\t\t<\/div>\n\t\t\t\t<\/div>\n\t\t<div class=\"elementor-element elementor-element-45ec4cc e-con-full e-flex e-con e-child\" data-id=\"45ec4cc\" data-element_type=\"container\" data-e-type=\"container\" data-settings=\"{&quot;background_background&quot;:&quot;classic&quot;}\">\n\t\t\t\t<div class=\"elementor-element elementor-element-2b7d3b3 elementor-widget__width-inherit elementor-widget elementor-widget-global elementor-global-98 elementor-widget-image\" data-id=\"2b7d3b3\" data-element_type=\"widget\" data-e-type=\"widget\" data-widget_type=\"image.default\">\n\t\t\t\t\t\t\t\t\t\t\t\t\t\t\t<img fetchpriority=\"high\" decoding=\"async\" width=\"4000\" height=\"2250\" src=\"https:\/\/vetathome.se\/wp-content\/uploads\/2024\/11\/tandvard.png\" class=\"attachment-full size-full wp-image-1910\" alt=\"Veterin\u00e4r tittar p\u00e5 hunds t\u00e4nder\" srcset=\"https:\/\/vetathome.se\/wp-content\/uploads\/2024\/11\/tandvard.png 4000w, https:\/\/vetathome.se\/wp-content\/uploads\/2024\/11\/tandvard-300x169.png 300w, https:\/\/vetathome.se\/wp-content\/uploads\/2024\/11\/tandvard-1024x576.png 1024w, https:\/\/vetathome.se\/wp-content\/uploads\/2024\/11\/tandvard-768x432.png 768w, https:\/\/vetathome.se\/wp-content\/uploads\/2024\/11\/tandvard-1536x864.png 1536w, https:\/\/vetathome.se\/wp-content\/uploads\/2024\/11\/tandvard-2048x1152.png 2048w\" sizes=\"(max-width: 4000px) 100vw, 4000px\" \/>\t\t\t\t\t\t\t\t\t\t\t\t\t\t\t<\/div>\n\t\t\t\t<\/div>\n\t\t\t\t\t<\/div>\n\t\t\t\t<\/div>\n\t\t<div class=\"elementor-element elementor-element-48a44e0 e-flex e-con-boxed e-con e-parent\" data-id=\"48a44e0\" data-element_type=\"container\" data-e-type=\"container\" data-settings=\"{&quot;background_background&quot;:&quot;classic&quot;}\">\n\t\t\t\t\t<div class=\"e-con-inner\">\n\t\t<div class=\"elementor-element elementor-element-a5c444c e-con-full e-flex e-con e-child\" data-id=\"a5c444c\" data-element_type=\"container\" data-e-type=\"container\">\n\t\t\t\t<div class=\"elementor-element elementor-element-b1320fa elementor-widget elementor-widget-text-editor\" data-id=\"b1320fa\" data-element_type=\"widget\" data-e-type=\"widget\" data-widget_type=\"text-editor.default\">\n\t\t\t\t\t\t\t\t\t<h2>Common symptoms of dental problems in animals:<\/h2><ul><li style=\"font-weight: 400;\" aria-level=\"1\"><span style=\"font-weight: 400;\">Bad breath<\/span><\/li><li style=\"font-weight: 400;\" aria-level=\"1\"><span style=\"font-weight: 400;\">Difficulty eating or chewing<\/span><\/li><li style=\"font-weight: 400;\" aria-level=\"1\"><span style=\"font-weight: 400;\">Salivation<\/span><\/li><li style=\"font-weight: 400;\" aria-level=\"1\"><span style=\"font-weight: 400;\">Red, inflamed gums<\/span><\/li><li style=\"font-weight: 400;\" aria-level=\"1\"><span style=\"font-weight: 400;\">Rubbing paws against mouth<\/span><\/li><li style=\"font-weight: 400;\" aria-level=\"1\"><span style=\"font-weight: 400;\">Decreased appetite or weight loss<\/span><\/li><li style=\"font-weight: 400;\" aria-level=\"1\"><span style=\"font-weight: 400;\">Visible tartar and discoloration<\/span><\/li><\/ul><p><span style=\"font-weight: 400;\">If your pet is showing any of these symptoms, it is important to book a visit for a dental examination. When booking a further appointment for a professional dental cleaning, tartar is removed and we use advanced equipment, including X-rays, to assess the condition of the teeth and detect any hidden problems, such as tooth fractures or tooth resorption.<\/span><\/p><h2><br \/>Dental treatments offered at Djurkliniken \u00d6stermalm:\u00a0<\/h2><ul><li style=\"font-weight: 400;\" aria-level=\"1\"><span style=\"font-weight: 400;\">Professional teeth cleaning with full dental X-ray under anesthesia<\/span><\/li><li style=\"font-weight: 400;\" aria-level=\"1\"><span style=\"font-weight: 400;\">Periodontal treatments<\/span><\/li><li style=\"font-weight: 400;\" aria-level=\"1\"><span style=\"font-weight: 400;\">Tooth fracture extraction\/repair<\/span><\/li><li style=\"font-weight: 400;\" aria-level=\"1\"><span style=\"font-weight: 400;\">Tooth resorption (TR)<\/span><\/li><li style=\"font-weight: 400;\" aria-level=\"1\"><span style=\"font-weight: 400;\">Root canal filling<\/span><\/li><li style=\"font-weight: 400;\" aria-level=\"1\"><span style=\"font-weight: 400;\">Vital pulp treatment (capping)<\/span><\/li><li style=\"font-weight: 400;\" aria-level=\"1\"><span style=\"font-weight: 400;\">Closure of oronasal fistulas\u00a0<\/span><\/li><li style=\"font-weight: 400;\" aria-level=\"1\"><span style=\"font-weight: 400;\">Bite maltreatment<\/span><\/li><li style=\"font-weight: 400;\" aria-level=\"1\"><span style=\"font-weight: 400;\">Complication treatment\u00a0<\/span><\/li><li style=\"font-weight: 400;\" aria-level=\"1\"><span style=\"font-weight: 400;\">Some jaw fractures\u00a0<\/span><\/li><li style=\"font-weight: 400;\" aria-level=\"1\"><span style=\"font-weight: 400;\">Certain tumor surgery in the oral cavity<\/span><\/li><\/ul><p><span style=\"font-weight: 400;\"><br \/>To ensure the best possible results for your pet, we also offer advice on dental products and how to care for your pet&#039;s teeth after treatment. Please do not hesitate to contact us if you have any questions or would like to schedule a dental examination. We are here to help your pet maintain good oral health and a pain-free life.<\/span><\/p>\t\t\t\t\t\t\t\t<\/div>\n\t\t\t\t<\/div>\n\t\t<div class=\"elementor-element elementor-element-fdf93bc e-con-full e-flex e-con e-child\" data-id=\"fdf93bc\" data-element_type=\"container\" data-e-type=\"container\">\n\t\t<div class=\"elementor-element elementor-element-cc28691 e-con-full e-flex e-con e-child\" data-id=\"cc28691\" data-element_type=\"container\" data-e-type=\"container\" data-settings=\"{&quot;background_background&quot;:&quot;classic&quot;,&quot;sticky&quot;:&quot;top&quot;,&quot;sticky_offset&quot;:120,&quot;sticky_parent&quot;:&quot;yes&quot;,&quot;sticky_on&quot;:[&quot;widescreen&quot;,&quot;desktop&quot;,&quot;tablet&quot;],&quot;sticky_effects_offset&quot;:0,&quot;sticky_anchor_link_offset&quot;:0}\">\n\t\t<div class=\"elementor-element elementor-element-c0a4787 e-con-full e-flex e-con e-child\" data-id=\"c0a4787\" data-element_type=\"container\" data-e-type=\"container\">\n\t\t\t\t<div class=\"elementor-element elementor-element-6314bbc elementor-widget elementor-widget-image\" data-id=\"6314bbc\" data-element_type=\"widget\" data-e-type=\"widget\" data-widget_type=\"image.default\">\n\t\t\t\t\t\t\t\t\t\t\t\t\t\t\t<img decoding=\"async\" width=\"121\" height=\"24\" src=\"https:\/\/vetathome.se\/wp-content\/uploads\/2024\/11\/Stjarnor.svg\" class=\"attachment-large size-large wp-image-217\" alt=\"stj\u00e4rnor\" \/>\t\t\t\t\t\t\t\t\t\t\t\t\t\t\t<\/div>\n\t\t\t\t<div class=\"elementor-element elementor-element-1df7444 elementor-widget elementor-widget-heading\" data-id=\"1df7444\" data-element_type=\"widget\" data-e-type=\"widget\" data-widget_type=\"heading.default\">\n\t\t\t\t\t<div class=\"elementor-heading-title elementor-size-default\"><a href=\"https:\/\/www.google.com\/search?sca_esv=09512e95f169fbdf&#038;rlz=1C5CHFA_enSE984SE987&#038;q=vetathome&#038;uds=ADvngMiphRKqaz0cJlpMl1qvqqiUXjlOBG83uNswOiqBW1LKR8W2aETYBfTALoYHv4jE167mz6AKYZPqofjYE-Fo6wgZH4zkg3rqACJdcxB7UIXc1q9LDdU&#038;si=ACC90nwjPmqJHrCEt6ewASzksVFQDX8zco_7MgBaIawvaF4-7rj6M6FV6WYBYL6pZOK72kMj4nQX9cYzu9q7yFkk3bYQrPvgjWn-OYeGWVNz6eUg4ANHYPQ%3D&#038;sa=X&#038;sqi=2&#038;ved=2ahUKEwjbrOi3-8KJAxWhUVUIHcV1DbAQ3PALegQIGRAE&#038;biw=1440&#038;bih=778&#038;dpr=2\" target=\"_blank\">4.9 out of 5 on Google<\/a><\/div>\t\t\t\t<\/div>\n\t\t\t\t<\/div>\n\t\t\t\t<div class=\"elementor-element elementor-element-2bcb560 elementor-widget elementor-widget-spacer\" data-id=\"2bcb560\" data-element_type=\"widget\" data-e-type=\"widget\" data-widget_type=\"spacer.default\">\n\t\t\t\t\t\t\t<div class=\"elementor-spacer\">\n\t\t\t<div class=\"elementor-spacer-inner\"><\/div>\n\t\t<\/div>\n\t\t\t\t\t\t<\/div>\n\t\t\t\t<div class=\"elementor-element elementor-element-146f46c elementor-widget elementor-widget-image\" data-id=\"146f46c\" data-element_type=\"widget\" data-e-type=\"widget\" data-widget_type=\"image.default\">\n\t\t\t\t\t\t\t\t\t\t\t\t\t\t\t<img decoding=\"async\" width=\"60\" height=\"60\" src=\"https:\/\/vetathome.se\/wp-content\/uploads\/2024\/11\/svg28.svg\" class=\"attachment-large size-large wp-image-144\" alt=\"t\u00e4nder\" \/>\t\t\t\t\t\t\t\t\t\t\t\t\t\t\t<\/div>\n\t\t\t\t<div class=\"elementor-element elementor-element-8d29826 elementor-widget elementor-widget-heading\" data-id=\"8d29826\" data-element_type=\"widget\" data-e-type=\"widget\" data-widget_type=\"heading.default\">\n\t\t\t\t\t<h2 class=\"elementor-heading-title elementor-size-default\">Book a clinic visit for dental care<\/h2>\t\t\t\t<\/div>\n\t\t\t\t<div class=\"elementor-element elementor-element-f2d3323 elementor-align-left elementor-widget elementor-widget-button\" data-id=\"f2d3323\" data-element_type=\"widget\" data-e-type=\"widget\" data-widget_type=\"button.default\">\n\t\t\t\t\t\t\t\t\t\t<a class=\"elementor-button elementor-button-link elementor-size-sm\" href=\"https:\/\/provetcloud.com\/5790\/onlinebooking\/?department=2&#038;lang=sv\" target=\"_blank\">\n\t\t\t\t\t\t<span class=\"elementor-button-content-wrapper\">\n\t\t\t\t\t\t\t\t\t<span class=\"elementor-button-text\">Book<\/span>\n\t\t\t\t\t<\/span>\n\t\t\t\t\t<\/a>\n\t\t\t\t\t\t\t\t<\/div>\n\t\t\t\t<\/div>\n\t\t\t\t<\/div>\n\t\t\t\t\t<\/div>\n\t\t\t\t<\/div>\n\t\t\t\t<\/div>","protected":false},"excerpt":{"rendered":"<p>Dental care Dental care is an important part of your pet\u2019s health, just like it is for humans. At our clinic, we offer professional dental care for both dogs and cats, focusing on preventive measures and treatment of common dental problems such as tartar, tooth loss and tooth resorption in cats. We have extensive experience and expert knowledge to take care of your [\u2026]<\/p>","protected":false},"author":1,"featured_media":127,"parent":1059,"menu_order":0,"comment_status":"closed","ping_status":"closed","template":"elementor_header_footer","meta":{"_acf_changed":false,"content-type":"","footnotes":""},"class_list":["post-1089","page","type-page","status-publish","has-post-thumbnail","hentry"],"acf":[],"yoast_head":"<!-- This site is optimized with the Yoast SEO Premium plugin v26.6 (Yoast SEO v26.6) - https:\/\/yoast.com\/wordpress\/plugins\/seo\/ -->\n<title>Tandv\u00e5rd | VetAtHome<\/title>\n<meta name=\"description\" content=\"P\u00e5 v\u00e5r tandavdelning erbjuder vi omfattande tandv\u00e5rd f\u00f6r ditt djur, med fokus p\u00e5 att fr\u00e4mja god munh\u00e4lsa och f\u00f6rebygga tandproblem.\" \/>\n<meta name=\"robots\" content=\"index, follow, max-snippet:-1, max-image-preview:large, max-video-preview:-1\" \/>\n<link rel=\"canonical\" href=\"https:\/\/vetathome.se\/en\/djurkliniken-ostermalm\/tandvard\/\" \/>\n<meta property=\"og:locale\" content=\"en_US\" \/>\n<meta property=\"og:type\" content=\"article\" \/>\n<meta property=\"og:title\" content=\"Tandv\u00e5rd\" \/>\n<meta property=\"og:description\" content=\"P\u00e5 v\u00e5r tandavdelning erbjuder vi omfattande tandv\u00e5rd f\u00f6r ditt djur, med fokus p\u00e5 att fr\u00e4mja god munh\u00e4lsa och f\u00f6rebygga tandproblem.\" \/>\n<meta property=\"og:url\" content=\"https:\/\/vetathome.se\/en\/djurkliniken-ostermalm\/tandvard\/\" \/>\n<meta property=\"og:site_name\" content=\"VetAtHome\" \/>\n<meta property=\"article:publisher\" content=\"https:\/\/www.facebook.com\/VetAtHome.se\" \/>\n<meta property=\"article:modified_time\" content=\"2025-08-25T19:55:03+00:00\" \/>\n<meta property=\"og:image\" content=\"https:\/\/vetathome.se\/wp-content\/uploads\/2024\/11\/Thumbnail.png\" \/>\n\t<meta property=\"og:image:width\" content=\"1920\" \/>\n\t<meta property=\"og:image:height\" content=\"1080\" \/>\n\t<meta property=\"og:image:type\" content=\"image\/png\" \/>\n<meta name=\"twitter:card\" content=\"summary_large_image\" \/>\n<meta name=\"twitter:label1\" content=\"Est. reading time\" \/>\n\t<meta name=\"twitter:data1\" content=\"2 minutes\" \/>\n<script type=\"application\/ld+json\" class=\"yoast-schema-graph\">{\"@context\":\"https:\/\/schema.org\",\"@graph\":[{\"@type\":\"WebPage\",\"@id\":\"https:\/\/vetathome.se\/djurkliniken-ostermalm\/tandvard\/\",\"url\":\"https:\/\/vetathome.se\/djurkliniken-ostermalm\/tandvard\/\",\"name\":\"Tandv\u00e5rd | VetAtHome\",\"isPartOf\":{\"@id\":\"https:\/\/vetathome.se\/#website\"},\"primaryImageOfPage\":{\"@id\":\"https:\/\/vetathome.se\/djurkliniken-ostermalm\/tandvard\/#primaryimage\"},\"image\":{\"@id\":\"https:\/\/vetathome.se\/djurkliniken-ostermalm\/tandvard\/#primaryimage\"},\"thumbnailUrl\":\"https:\/\/vetathome.se\/wp-content\/uploads\/2024\/11\/Thumbnail.png\",\"datePublished\":\"2024-11-11T15:18:31+00:00\",\"dateModified\":\"2025-08-25T19:55:03+00:00\",\"description\":\"P\u00e5 v\u00e5r tandavdelning erbjuder vi omfattande tandv\u00e5rd f\u00f6r ditt djur, med fokus p\u00e5 att fr\u00e4mja god munh\u00e4lsa och f\u00f6rebygga tandproblem.\",\"breadcrumb\":{\"@id\":\"https:\/\/vetathome.se\/djurkliniken-ostermalm\/tandvard\/#breadcrumb\"},\"inLanguage\":\"en-US\",\"potentialAction\":[{\"@type\":\"ReadAction\",\"target\":[\"https:\/\/vetathome.se\/djurkliniken-ostermalm\/tandvard\/\"]}]},{\"@type\":\"ImageObject\",\"inLanguage\":\"en-US\",\"@id\":\"https:\/\/vetathome.se\/djurkliniken-ostermalm\/tandvard\/#primaryimage\",\"url\":\"https:\/\/vetathome.se\/wp-content\/uploads\/2024\/11\/Thumbnail.png\",\"contentUrl\":\"https:\/\/vetathome.se\/wp-content\/uploads\/2024\/11\/Thumbnail.png\",\"width\":1920,\"height\":1080,\"caption\":\"H\u00e4lsosam katt som f\u00e5r v\u00e5rd hemma av veterin\u00e4r fr\u00e5n VetAtHome.\"},{\"@type\":\"BreadcrumbList\",\"@id\":\"https:\/\/vetathome.se\/djurkliniken-ostermalm\/tandvard\/#breadcrumb\",\"itemListElement\":[{\"@type\":\"ListItem\",\"position\":1,\"name\":\"Djurkliniken \u00d6stermalm\",\"item\":\"https:\/\/vetathome.se\/djurkliniken-ostermalm\/\"},{\"@type\":\"ListItem\",\"position\":2,\"name\":\"Tandv\u00e5rd\"}]},{\"@type\":\"WebSite\",\"@id\":\"https:\/\/vetathome.se\/#website\",\"url\":\"https:\/\/vetathome.se\/\",\"name\":\"VetAtHome\",\"description\":\"Som ett vanligt veterin\u00e4rbes\u00f6k, fast hemma hos dig\",\"publisher\":{\"@id\":\"https:\/\/vetathome.se\/#organization\"},\"alternateName\":\"Vet at home\",\"potentialAction\":[{\"@type\":\"SearchAction\",\"target\":{\"@type\":\"EntryPoint\",\"urlTemplate\":\"https:\/\/vetathome.se\/?s={search_term_string}\"},\"query-input\":{\"@type\":\"PropertyValueSpecification\",\"valueRequired\":true,\"valueName\":\"search_term_string\"}}],\"inLanguage\":\"en-US\"},{\"@type\":\"Organization\",\"@id\":\"https:\/\/vetathome.se\/#organization\",\"name\":\"Vetathome\",\"alternateName\":\"Vet at home\",\"url\":\"https:\/\/vetathome.se\/\",\"logo\":{\"@type\":\"ImageObject\",\"inLanguage\":\"en-US\",\"@id\":\"https:\/\/vetathome.se\/#\/schema\/logo\/image\/\",\"url\":\"https:\/\/vetathome.se\/wp-content\/uploads\/2026\/01\/Favicon.png\",\"contentUrl\":\"https:\/\/vetathome.se\/wp-content\/uploads\/2026\/01\/Favicon.png\",\"width\":192,\"height\":192,\"caption\":\"Vetathome\"},\"image\":{\"@id\":\"https:\/\/vetathome.se\/#\/schema\/logo\/image\/\"},\"sameAs\":[\"https:\/\/www.facebook.com\/VetAtHome.se\",\"https:\/\/www.instagram.com\/vetathome.se\/\"],\"description\":\"VetAtHome \u00e4r en modern veterin\u00e4ritj\u00e4nst som kombinerar tryggheten med hembes\u00f6k med den fulla kapaciteten hos v\u00e4lutrustade djurkliniker. F\u00f6retaget erbjuder b\u00e5de hembes\u00f6k, bes\u00f6k p\u00e5 veterin\u00e4rmottagningar runt om i landet och avancerad djursjukv\u00e5rd p\u00e5 Djurkliniken \u00d6stermalm i Stockholm. Verksamheten finns i dag i bland annat Stockholm, Uppsala, G\u00f6teborg, Malm\u00f6 och Helsingborg med omnejd, vilket g\u00f6r det m\u00f6jligt f\u00f6r djur\u00e4gare att f\u00e5 kvalificerad v\u00e5rd d\u00e4r det passar dem b\u00e4st \u2013 hemma eller p\u00e5 klinik.\",\"legalName\":\"Aktiebolaget Djursjukv\u00e5rd i Sverige\",\"foundingDate\":\"2021-05-01\",\"numberOfEmployees\":{\"@type\":\"QuantitativeValue\",\"minValue\":\"11\",\"maxValue\":\"50\"}}]}<\/script>\n<!-- \/ Yoast SEO Premium plugin. -->","yoast_head_json":{"title":"Dental care | VetAtHome","description":"At our dental department, we offer comprehensive dental care for your animal, with a focus on promoting good oral health and preventing dental problems.","robots":{"index":"index","follow":"follow","max-snippet":"max-snippet:-1","max-image-preview":"max-image-preview:large","max-video-preview":"max-video-preview:-1"},"canonical":"https:\/\/vetathome.se\/en\/djurkliniken-ostermalm\/tandvard\/","og_locale":"en_US","og_type":"article","og_title":"Tandv\u00e5rd","og_description":"P\u00e5 v\u00e5r tandavdelning erbjuder vi omfattande tandv\u00e5rd f\u00f6r ditt djur, med fokus p\u00e5 att fr\u00e4mja god munh\u00e4lsa och f\u00f6rebygga tandproblem.","og_url":"https:\/\/vetathome.se\/en\/djurkliniken-ostermalm\/tandvard\/","og_site_name":"VetAtHome","article_publisher":"https:\/\/www.facebook.com\/VetAtHome.se","article_modified_time":"2025-08-25T19:55:03+00:00","og_image":[{"width":1920,"height":1080,"url":"https:\/\/vetathome.se\/wp-content\/uploads\/2024\/11\/Thumbnail.png","type":"image\/png"}],"twitter_card":"summary_large_image","twitter_misc":{"Est. reading time":"2 minutes"},"schema":{"@context":"https:\/\/schema.org","@graph":[{"@type":"WebPage","@id":"https:\/\/vetathome.se\/djurkliniken-ostermalm\/tandvard\/","url":"https:\/\/vetathome.se\/djurkliniken-ostermalm\/tandvard\/","name":"Dental care | VetAtHome","isPartOf":{"@id":"https:\/\/vetathome.se\/#website"},"primaryImageOfPage":{"@id":"https:\/\/vetathome.se\/djurkliniken-ostermalm\/tandvard\/#primaryimage"},"image":{"@id":"https:\/\/vetathome.se\/djurkliniken-ostermalm\/tandvard\/#primaryimage"},"thumbnailUrl":"https:\/\/vetathome.se\/wp-content\/uploads\/2024\/11\/Thumbnail.png","datePublished":"2024-11-11T15:18:31+00:00","dateModified":"2025-08-25T19:55:03+00:00","description":"At our dental department, we offer comprehensive dental care for your animal, with a focus on promoting good oral health and preventing dental problems.","breadcrumb":{"@id":"https:\/\/vetathome.se\/djurkliniken-ostermalm\/tandvard\/#breadcrumb"},"inLanguage":"en-US","potentialAction":[{"@type":"ReadAction","target":["https:\/\/vetathome.se\/djurkliniken-ostermalm\/tandvard\/"]}]},{"@type":"ImageObject","inLanguage":"en-US","@id":"https:\/\/vetathome.se\/djurkliniken-ostermalm\/tandvard\/#primaryimage","url":"https:\/\/vetathome.se\/wp-content\/uploads\/2024\/11\/Thumbnail.png","contentUrl":"https:\/\/vetathome.se\/wp-content\/uploads\/2024\/11\/Thumbnail.png","width":1920,"height":1080,"caption":"H\u00e4lsosam katt som f\u00e5r v\u00e5rd hemma av veterin\u00e4r fr\u00e5n VetAtHome."},{"@type":"BreadcrumbList","@id":"https:\/\/vetathome.se\/djurkliniken-ostermalm\/tandvard\/#breadcrumb","itemListElement":[{"@type":"ListItem","position":1,"name":"Djurkliniken \u00d6stermalm","item":"https:\/\/vetathome.se\/djurkliniken-ostermalm\/"},{"@type":"ListItem","position":2,"name":"Tandv\u00e5rd"}]},{"@type":"WebSite","@id":"https:\/\/vetathome.se\/#website","url":"https:\/\/vetathome.se\/","name":"VetAtHome","description":"Like a regular vet visit, but in your home","publisher":{"@id":"https:\/\/vetathome.se\/#organization"},"alternateName":"Vet at home","potentialAction":[{"@type":"SearchAction","target":{"@type":"EntryPoint","urlTemplate":"https:\/\/vetathome.se\/?s={search_term_string}"},"query-input":{"@type":"PropertyValueSpecification","valueRequired":true,"valueName":"search_term_string"}}],"inLanguage":"en-US"},{"@type":"Organization","@id":"https:\/\/vetathome.se\/#organization","name":"Vetathome","alternateName":"Vet at home","url":"https:\/\/vetathome.se\/","logo":{"@type":"ImageObject","inLanguage":"en-US","@id":"https:\/\/vetathome.se\/#\/schema\/logo\/image\/","url":"https:\/\/vetathome.se\/wp-content\/uploads\/2026\/01\/Favicon.png","contentUrl":"https:\/\/vetathome.se\/wp-content\/uploads\/2026\/01\/Favicon.png","width":192,"height":192,"caption":"Vetathome"},"image":{"@id":"https:\/\/vetathome.se\/#\/schema\/logo\/image\/"},"sameAs":["https:\/\/www.facebook.com\/VetAtHome.se","https:\/\/www.instagram.com\/vetathome.se\/"],"description":"VetAtHome is a modern veterinary service that combines the security of home visits with the full capacity of well-equipped animal clinics. The company offers both home visits, visits to veterinary clinics around the country and advanced animal care at Djurkliniken \u00d6stermalm in Stockholm. The operations are currently located in Stockholm, Uppsala, Gothenburg, Malm\u00f6 and Helsingborg and the surrounding area, making it possible for pet owners to receive qualified care where it suits them best \u2013 at home or at a clinic.","legalName":"Aktiebolaget Djursjukv\u00e5rd i Sverige","foundingDate":"2021-05-01","numberOfEmployees":{"@type":"QuantitativeValue","minValue":"11","maxValue":"50"}}]}},"_links":{"self":[{"href":"https:\/\/vetathome.se\/en\/wp-json\/wp\/v2\/pages\/1089","targetHints":{"allow":["GET"]}}],"collection":[{"href":"https:\/\/vetathome.se\/en\/wp-json\/wp\/v2\/pages"}],"about":[{"href":"https:\/\/vetathome.se\/en\/wp-json\/wp\/v2\/types\/page"}],"author":[{"embeddable":true,"href":"https:\/\/vetathome.se\/en\/wp-json\/wp\/v2\/users\/1"}],"replies":[{"embeddable":true,"href":"https:\/\/vetathome.se\/en\/wp-json\/wp\/v2\/comments?post=1089"}],"version-history":[{"count":27,"href":"https:\/\/vetathome.se\/en\/wp-json\/wp\/v2\/pages\/1089\/revisions"}],"predecessor-version":[{"id":7522,"href":"https:\/\/vetathome.se\/en\/wp-json\/wp\/v2\/pages\/1089\/revisions\/7522"}],"up":[{"embeddable":true,"href":"https:\/\/vetathome.se\/en\/wp-json\/wp\/v2\/pages\/1059"}],"wp:featuredmedia":[{"embeddable":true,"href":"https:\/\/vetathome.se\/en\/wp-json\/wp\/v2\/media\/127"}],"wp:attachment":[{"href":"https:\/\/vetathome.se\/en\/wp-json\/wp\/v2\/media?parent=1089"}],"curies":[{"name":"wp","href":"https:\/\/api.w.org\/{rel}","templated":true}]}}